{"id":399509,"date":"2026-04-05T14:42:47","date_gmt":"2026-04-05T12:42:47","guid":{"rendered":"https:\/\/bogensportdiscount.ch\/produkt\/olympic-recurve-tab-classic-prime-leather-rh-x-small-green\/"},"modified":"2026-04-16T12:19:56","modified_gmt":"2026-04-16T10:19:56","slug":"avalon-olympic-recurve-tab-classic-prime-leather","status":"publish","type":"product","link":"https:\/\/bogensportdiscount.ch\/it\/prodotto\/avalon-olympic-recurve-tab-classic-prime-leather\/","title":{"rendered":"Avalon Olympic Recurve Tab Classic Prime Pelle"},"content":{"rendered":"<p>Der Avalon Classic Prime Leather Tab ist ein Fingerschutz f\u00fcr den Einsatz beim Olympic Recurve-Bogenschiessen. Das Modell ist aus Leder gefertigt und bietet eine zuverl\u00e4ssige Abdeckung der Zugfingers beim Abschuss.<\/p>\n<p>Der Tab ist in den Ausf\u00fchrungen f\u00fcr Links- und Rechtshand erh\u00e4ltlich und wird in den Gr\u00f6ssen S, M, L und XL angeboten. Dank der Farbauswahl \u2014 Schwarz, Blau, Gold, Grau, Gr\u00fcn, Lila und Rot \u2014 l\u00e4sst sich der Tab nach pers\u00f6nlichen Vorlieben w\u00e4hlen.<\/p>\n<ul>\n<li>Material: Prime Leather (Leder)<\/li>\n<li>Geeignet f\u00fcr Olympic Recurve-Bogenschiessen<\/li>\n<li>F\u00fcr Links- und Rechtshand erh\u00e4ltlich<\/li>\n<li>Gr\u00f6ssen: S, M, L, XL<\/li>\n<\/ul>","protected":false},"excerpt":{"rendered":"<p>Der Avalon Classic Prime Leather Tab ist ein Fingerschutz f\u00fcr das Olympic Recurve-Schiessen. Erh\u00e4ltlich f\u00fcr Links- und Rechtshand in den Gr\u00f6ssen S, M, L und XL sowie in verschiedenen Farben.<\/p>","protected":false},"featured_media":449828,"comment_status":"open","ping_status":"closed","template":"","meta":[],"product_brand":[449],"product_cat":[4441],"product_tag":[],"class_list":{"0":"post-399509","1":"product","2":"type-product","3":"status-publish","4":"has-post-thumbnail","6":"product_brand-avalon","7":"product_cat-olympic-recurve-tabs-finger-tabs-handschuhe","9":"first","10":"instock","11":"shipping-taxable","12":"purchasable","13":"product-type-variable"},"_links":{"self":[{"href":"https:\/\/bogensportdiscount.ch\/it\/wp-json\/wp\/v2\/product\/399509","targetHints":{"allow":["GET"]}}],"collection":[{"href":"https:\/\/bogensportdiscount.ch\/it\/wp-json\/wp\/v2\/product"}],"about":[{"href":"https:\/\/bogensportdiscount.ch\/it\/wp-json\/wp\/v2\/types\/product"}],"replies":[{"embeddable":true,"href":"https:\/\/bogensportdiscount.ch\/it\/wp-json\/wp\/v2\/comments?post=399509"}],"wp:featuredmedia":[{"embeddable":true,"href":"https:\/\/bogensportdiscount.ch\/it\/wp-json\/wp\/v2\/media\/449828"}],"wp:attachment":[{"href":"https:\/\/bogensportdiscount.ch\/it\/wp-json\/wp\/v2\/media?parent=399509"}],"wp:term":[{"taxonomy":"product_brand","embeddable":true,"href":"https:\/\/bogensportdiscount.ch\/it\/wp-json\/wp\/v2\/product_brand?post=399509"},{"taxonomy":"product_cat","embeddable":true,"href":"https:\/\/bogensportdiscount.ch\/it\/wp-json\/wp\/v2\/product_cat?post=399509"},{"taxonomy":"product_tag","embeddable":true,"href":"https:\/\/bogensportdiscount.ch\/it\/wp-json\/wp\/v2\/product_tag?post=399509"}],"curies":[{"name":"wp","href":"https:\/\/api.w.org\/{rel}","templated":true}]}}