{"id":399453,"date":"2026-04-05T14:42:41","date_gmt":"2026-04-05T12:42:41","guid":{"rendered":"https:\/\/bogensportdiscount.ch\/produkt\/olympic-recurve-tab-360-cordovan-lh-large\/"},"modified":"2026-04-17T13:45:37","modified_gmt":"2026-04-17T11:45:37","slug":"wiawis-olympic-recurve-tab-360-cordovan","status":"publish","type":"product","link":"https:\/\/bogensportdiscount.ch\/it\/prodotto\/wiawis-olympic-recurve-tab-360-cordovan\/","title":{"rendered":"WIAWIS OLYMPIC RECURVE TAB 360 CORDOVAN"},"content":{"rendered":"<p>Der WIAWIS Tab 360 Cordovan ist ein Recurve-Tab f\u00fcr den olympischen Bogensport. Das Modell ist aus Cordovan-Leder gefertigt, das f\u00fcr seine Langlebigkeit und angenehme Haptik bekannt ist. Es bietet eine zuverl\u00e4ssige Abzugsfl\u00e4che f\u00fcr Wettkampf und Training.<\/p>\n<p>Der Tab ist in drei Gr\u00f6ssen (S, M, L) sowie f\u00fcr die linke und rechte Hand erh\u00e4ltlich, sodass er f\u00fcr eine breite Auswahl an Bogensch\u00fctzen geeignet ist. WIAWIS ist eine s\u00fcdkoreanische Marke und auf hochwertige Ausr\u00fcstung f\u00fcr den olympischen Bogensport spezialisiert.<\/p>\n<ul>\n<li>Material: Cordovan-Leder<\/li>\n<li>Geeignet f\u00fcr Olympic-Recurve-Bogensport<\/li>\n<li>Disponibile per l'uso con la mano destra o sinistra<\/li>\n<li>Gr\u00f6ssen: S, M, L<\/li>\n<\/ul>","protected":false},"excerpt":{"rendered":"<p>Der WIAWIS Tab 360 Cordovan ist ein Olympic-Recurve-Schiesshandschuh aus hochwertigem Cordovan-Leder. Erh\u00e4ltlich f\u00fcr Links- und Rechtshand in den Gr\u00f6ssen S, M und L.<\/p>","protected":false},"featured_media":449822,"comment_status":"open","ping_status":"closed","template":"","meta":[],"product_brand":[473],"product_cat":[4441],"product_tag":[],"class_list":{"0":"post-399453","1":"product","2":"type-product","3":"status-publish","4":"has-post-thumbnail","6":"product_brand-wiawis","7":"product_cat-olympic-recurve-tabs-finger-tabs-handschuhe","9":"first","10":"instock","11":"shipping-taxable","12":"purchasable","13":"product-type-variable"},"_links":{"self":[{"href":"https:\/\/bogensportdiscount.ch\/it\/wp-json\/wp\/v2\/product\/399453","targetHints":{"allow":["GET"]}}],"collection":[{"href":"https:\/\/bogensportdiscount.ch\/it\/wp-json\/wp\/v2\/product"}],"about":[{"href":"https:\/\/bogensportdiscount.ch\/it\/wp-json\/wp\/v2\/types\/product"}],"replies":[{"embeddable":true,"href":"https:\/\/bogensportdiscount.ch\/it\/wp-json\/wp\/v2\/comments?post=399453"}],"wp:featuredmedia":[{"embeddable":true,"href":"https:\/\/bogensportdiscount.ch\/it\/wp-json\/wp\/v2\/media\/449822"}],"wp:attachment":[{"href":"https:\/\/bogensportdiscount.ch\/it\/wp-json\/wp\/v2\/media?parent=399453"}],"wp:term":[{"taxonomy":"product_brand","embeddable":true,"href":"https:\/\/bogensportdiscount.ch\/it\/wp-json\/wp\/v2\/product_brand?post=399453"},{"taxonomy":"product_cat","embeddable":true,"href":"https:\/\/bogensportdiscount.ch\/it\/wp-json\/wp\/v2\/product_cat?post=399453"},{"taxonomy":"product_tag","embeddable":true,"href":"https:\/\/bogensportdiscount.ch\/it\/wp-json\/wp\/v2\/product_tag?post=399453"}],"curies":[{"name":"wp","href":"https:\/\/api.w.org\/{rel}","templated":true}]}}