{"id":399263,"date":"2026-04-05T14:42:19","date_gmt":"2026-04-05T12:42:19","guid":{"rendered":"https:\/\/bogensportdiscount.ch\/produkt\/scope-lenses-black-hawk-0-50\/"},"modified":"2026-04-17T13:45:33","modified_gmt":"2026-04-17T11:45:33","slug":"mybo-scope-linse-black-hawk","status":"publish","type":"product","link":"https:\/\/bogensportdiscount.ch\/it\/prodotto\/mybo-scope-linse-black-hawk\/","title":{"rendered":"LENTI PER CANNOCCHIALE MYBO BLACK HAWK"},"content":{"rendered":"<p>Die MYBO Black Hawk Scope-Linse ist speziell f\u00fcr Compound-Zielfernrohre entwickelt und l\u00e4sst sich in kompatible Scope-Systeme einsetzen. Als Zubeh\u00f6r f\u00fcr Compound-B\u00f6gen unterst\u00fctzt sie eine klare und pr\u00e4zise Sicht auf die Zielscheibe.<\/p>\n<p>Scope-Linsen dieser Kategorie werden verwendet, um das Zielbild zu vergr\u00f6ssern oder zu sch\u00e4rfen und sind ein g\u00e4ngiges Upgrade f\u00fcr Wettkampf- und Freizeitsch\u00fctzen im Compound-Bogensport.<\/p>\n<ul>\n<li>Passend f\u00fcr Compound-Zielfernrohre<\/li>\n<li>Marke: MYBO \u2013 Black Hawk Serie<\/li>\n<li>Einsatz im Wettkampf- und Trainingsbereich<\/li>\n<\/ul>","protected":false},"excerpt":{"rendered":"<p><strong>Marchio:<\/strong> Mybo<\/p>","protected":false},"featured_media":452641,"comment_status":"open","ping_status":"closed","template":"","meta":[],"product_brand":[430],"product_cat":[4248],"product_tag":[],"class_list":{"0":"post-399263","1":"product","2":"type-product","3":"status-publish","4":"has-post-thumbnail","6":"product_brand-mybo","7":"product_cat-linsen-compound-scope","9":"first","10":"instock","11":"shipping-taxable","12":"purchasable","13":"product-type-variable"},"_links":{"self":[{"href":"https:\/\/bogensportdiscount.ch\/it\/wp-json\/wp\/v2\/product\/399263","targetHints":{"allow":["GET"]}}],"collection":[{"href":"https:\/\/bogensportdiscount.ch\/it\/wp-json\/wp\/v2\/product"}],"about":[{"href":"https:\/\/bogensportdiscount.ch\/it\/wp-json\/wp\/v2\/types\/product"}],"replies":[{"embeddable":true,"href":"https:\/\/bogensportdiscount.ch\/it\/wp-json\/wp\/v2\/comments?post=399263"}],"wp:featuredmedia":[{"embeddable":true,"href":"https:\/\/bogensportdiscount.ch\/it\/wp-json\/wp\/v2\/media\/452641"}],"wp:attachment":[{"href":"https:\/\/bogensportdiscount.ch\/it\/wp-json\/wp\/v2\/media?parent=399263"}],"wp:term":[{"taxonomy":"product_brand","embeddable":true,"href":"https:\/\/bogensportdiscount.ch\/it\/wp-json\/wp\/v2\/product_brand?post=399263"},{"taxonomy":"product_cat","embeddable":true,"href":"https:\/\/bogensportdiscount.ch\/it\/wp-json\/wp\/v2\/product_cat?post=399263"},{"taxonomy":"product_tag","embeddable":true,"href":"https:\/\/bogensportdiscount.ch\/it\/wp-json\/wp\/v2\/product_tag?post=399263"}],"curies":[{"name":"wp","href":"https:\/\/api.w.org\/{rel}","templated":true}]}}