{"id":399244,"date":"2026-04-05T14:42:16","date_gmt":"2026-04-05T12:42:16","guid":{"rendered":"https:\/\/bogensportdiscount.ch\/produkt\/scope-lenses-dc-for-25-29mm-2x\/"},"modified":"2026-04-17T13:45:33","modified_gmt":"2026-04-17T11:45:33","slug":"axcel-scope-linsen-dc-25-29mm","status":"publish","type":"product","link":"https:\/\/bogensportdiscount.ch\/it\/prodotto\/axcel-scope-linsen-dc-25-29mm\/","title":{"rendered":"LENTI DI SCOPIO AXCEL DC PER 25 - 29 mm"},"content":{"rendered":"<p>Die AXCEL Scope-Linsen DC sind Wechsellinsen f\u00fcr Compound-Visiere mit 25-29 mm Durchmesser. Sie erm\u00f6glichen eine flexible Anpassung der Vergr\u00f6sserung und sind in drei verschiedenen St\u00e4rken erh\u00e4ltlich: 2X, 4X und 6X. Diese austauschbaren Linsen bieten Bogensch\u00fctzen die M\u00f6glichkeit, ihr Visier an unterschiedliche Schiessdistanzen und Lichtverh\u00e4ltnisse anzupassen.<\/p>\n<p>Mit dem DC-System von Axcel profitieren Sie von einer zuverl\u00e4ssigen und bew\u00e4hrten Visier-Technologie. Die Linsen sind hochwertig verarbeitet und erm\u00f6glichen eine pr\u00e4zise Zielerfassung.<\/p>","protected":false},"excerpt":{"rendered":"<table>\n<tr>\n<th>Propriet\u00e0<\/th>\n<th>Valore<\/th>\n<\/tr>\n<tr>\n<td>Marchio<\/td>\n<td>Axcel<\/td>\n<\/tr>\n<tr>\n<td>Kompatibilit\u00e4t<\/td>\n<td>25-29 mm<\/td>\n<\/tr>\n<tr>\n<td>Allargamento<\/td>\n<td>2X, 4X, 6X<\/td>\n<\/tr>\n<tr>\n<td>Herkunftsland<\/td>\n<td>USA<\/td>\n<\/tr>\n<\/table>","protected":false},"featured_media":449762,"comment_status":"open","ping_status":"closed","template":"","meta":[],"product_brand":[467],"product_cat":[4248],"product_tag":[],"class_list":{"0":"post-399244","1":"product","2":"type-product","3":"status-publish","4":"has-post-thumbnail","6":"product_brand-axcel","7":"product_cat-linsen-compound-scope","9":"first","10":"instock","11":"shipping-taxable","12":"purchasable","13":"product-type-variable"},"_links":{"self":[{"href":"https:\/\/bogensportdiscount.ch\/it\/wp-json\/wp\/v2\/product\/399244","targetHints":{"allow":["GET"]}}],"collection":[{"href":"https:\/\/bogensportdiscount.ch\/it\/wp-json\/wp\/v2\/product"}],"about":[{"href":"https:\/\/bogensportdiscount.ch\/it\/wp-json\/wp\/v2\/types\/product"}],"replies":[{"embeddable":true,"href":"https:\/\/bogensportdiscount.ch\/it\/wp-json\/wp\/v2\/comments?post=399244"}],"wp:featuredmedia":[{"embeddable":true,"href":"https:\/\/bogensportdiscount.ch\/it\/wp-json\/wp\/v2\/media\/449762"}],"wp:attachment":[{"href":"https:\/\/bogensportdiscount.ch\/it\/wp-json\/wp\/v2\/media?parent=399244"}],"wp:term":[{"taxonomy":"product_brand","embeddable":true,"href":"https:\/\/bogensportdiscount.ch\/it\/wp-json\/wp\/v2\/product_brand?post=399244"},{"taxonomy":"product_cat","embeddable":true,"href":"https:\/\/bogensportdiscount.ch\/it\/wp-json\/wp\/v2\/product_cat?post=399244"},{"taxonomy":"product_tag","embeddable":true,"href":"https:\/\/bogensportdiscount.ch\/it\/wp-json\/wp\/v2\/product_tag?post=399244"}],"curies":[{"name":"wp","href":"https:\/\/api.w.org\/{rel}","templated":true}]}}