{"id":398904,"date":"2026-04-05T14:41:43","date_gmt":"2026-04-05T12:41:43","guid":{"rendered":"https:\/\/bogensportdiscount.ch\/produkt\/serving-material-1d-endloop-019-jig-fluor-yellow\/"},"modified":"2026-04-17T13:45:29","modified_gmt":"2026-04-17T11:45:29","slug":"brownell-wickelmaterial-1d-endloop-019-jig","status":"publish","type":"product","link":"https:\/\/bogensportdiscount.ch\/it\/prodotto\/brownell-wickelmaterial-1d-endloop-019-jig\/","title":{"rendered":"BROWNELL SERVING MATERIAL 1D ENDLOOP 019 JIG"},"content":{"rendered":"<p>Das Brownell 1D Endloop Wickelmaterial in der St\u00e4rke .019 ist speziell f\u00fcr die Sehnenherstellung konzipiert und wird f\u00fcr die Wicklung der Endschlaufen eingesetzt. Es eignet sich f\u00fcr den Einsatz mit Jig-Systemen und erm\u00f6glicht eine saubere, gleichm\u00e4ssige Wicklung.<\/p>\n<p>Das Material ist in verschiedenen Farben erh\u00e4ltlich \u2013 darunter Schwarz, Blau, Gr\u00fcn, Orange, Rot, Weiss und Gelb \u2013 und l\u00e4sst sich so individuell auf die eigene Sehne abstimmen.<\/p>\n<ul>\n<li>F\u00fcr Endschlaufen-Wicklungen ausgelegt<\/li>\n<li>St\u00e4rke .019<\/li>\n<li>Kompatibel mit Jig-Systemen<\/li>\n<li>Erh\u00e4ltlich in 7 Farben<\/li>\n<\/ul>","protected":false},"excerpt":{"rendered":"<p>Brownell Wickelmaterial f\u00fcr die Endschlaufen-Wicklung, Typ 1D Endloop, St\u00e4rke .019, passend f\u00fcr Jig-Systeme. Erh\u00e4ltlich in mehreren Farben.<\/p>","protected":false},"featured_media":452487,"comment_status":"open","ping_status":"closed","template":"","meta":[],"product_brand":[592],"product_cat":[4167],"product_tag":[],"class_list":{"0":"post-398904","1":"product","2":"type-product","3":"status-publish","4":"has-post-thumbnail","6":"product_brand-brownell","7":"product_cat-serving-material-sehnen-herstellung","9":"first","10":"instock","11":"shipping-taxable","12":"purchasable","13":"product-type-variable"},"_links":{"self":[{"href":"https:\/\/bogensportdiscount.ch\/it\/wp-json\/wp\/v2\/product\/398904","targetHints":{"allow":["GET"]}}],"collection":[{"href":"https:\/\/bogensportdiscount.ch\/it\/wp-json\/wp\/v2\/product"}],"about":[{"href":"https:\/\/bogensportdiscount.ch\/it\/wp-json\/wp\/v2\/types\/product"}],"replies":[{"embeddable":true,"href":"https:\/\/bogensportdiscount.ch\/it\/wp-json\/wp\/v2\/comments?post=398904"}],"wp:featuredmedia":[{"embeddable":true,"href":"https:\/\/bogensportdiscount.ch\/it\/wp-json\/wp\/v2\/media\/452487"}],"wp:attachment":[{"href":"https:\/\/bogensportdiscount.ch\/it\/wp-json\/wp\/v2\/media?parent=398904"}],"wp:term":[{"taxonomy":"product_brand","embeddable":true,"href":"https:\/\/bogensportdiscount.ch\/it\/wp-json\/wp\/v2\/product_brand?post=398904"},{"taxonomy":"product_cat","embeddable":true,"href":"https:\/\/bogensportdiscount.ch\/it\/wp-json\/wp\/v2\/product_cat?post=398904"},{"taxonomy":"product_tag","embeddable":true,"href":"https:\/\/bogensportdiscount.ch\/it\/wp-json\/wp\/v2\/product_tag?post=398904"}],"curies":[{"name":"wp","href":"https:\/\/api.w.org\/{rel}","templated":true}]}}