{"id":398349,"date":"2026-04-05T14:40:50","date_gmt":"2026-04-05T12:40:50","guid":{"rendered":"https:\/\/bogensportdiscount.ch\/produkt\/allen-l-wrenches-ball-end-inch-us-050-5-16-multipack\/"},"modified":"2026-04-17T13:45:23","modified_gmt":"2026-04-17T11:45:23","slug":"bondhus-inbusschluessel-l-form-standard-hex-zoll-multipack","status":"publish","type":"product","link":"https:\/\/bogensportdiscount.ch\/it\/prodotto\/bondhus-inbusschluessel-l-form-standard-hex-zoll-multipack\/","title":{"rendered":"CHIAVI A L BONDHUS ALLEN MULTIPACK"},"content":{"rendered":"<p>Die BONDHUS L-f\u00f6rmigen Inbusschl\u00fcssel im Zoll-Mass sind ein bew\u00e4hrtes Werkzeug f\u00fcr die Einstellung und Wartung von Compoundb\u00f6gen. Das Set umfasst Gr\u00f6ssen von .050 bis 3\/8 Zoll und deckt damit die meisten Schraubenk\u00f6pfe ab, die an Visieren, Pfeilablagen und weiteren Bogenkomponenten verwendet werden.<\/p>\n<p>Die L-Form erm\u00f6glicht sowohl einen langen Hebelarm f\u00fcr festes Anziehen als auch die Nutzung des kurzen Endes in beengten Stellen. BONDHUS ist bekannt f\u00fcr die Qualit\u00e4t und Pr\u00e4zision seiner Schl\u00fcssel, die f\u00fcr professionellen wie auch privaten Gebrauch geeignet sind.<\/p>\n<ul>\n<li>Gr\u00f6ssenbereich: .050 bis 3\/8 Zoll<\/li>\n<li>L-Form f\u00fcr flexiblen Einsatz<\/li>\n<li>Erh\u00e4ltlich in den L\u00e4ngen 8&#8243; und 16&#8243;<\/li>\n<li>Multipack mit mehreren Schl\u00fcsseln<\/li>\n<\/ul>","protected":false},"excerpt":{"rendered":"<p><strong>Marchio:<\/strong> Bondhus<\/p>","protected":false},"featured_media":440147,"comment_status":"open","ping_status":"closed","template":"","meta":[],"product_brand":[822],"product_cat":[4243],"product_tag":[],"class_list":{"0":"post-398349","1":"product","2":"type-product","3":"status-publish","4":"has-post-thumbnail","6":"product_brand-bondhus","7":"product_cat-allen-wrenches-torx-sets","9":"first","10":"instock","11":"shipping-taxable","12":"purchasable","13":"product-type-variable"},"_links":{"self":[{"href":"https:\/\/bogensportdiscount.ch\/it\/wp-json\/wp\/v2\/product\/398349","targetHints":{"allow":["GET"]}}],"collection":[{"href":"https:\/\/bogensportdiscount.ch\/it\/wp-json\/wp\/v2\/product"}],"about":[{"href":"https:\/\/bogensportdiscount.ch\/it\/wp-json\/wp\/v2\/types\/product"}],"replies":[{"embeddable":true,"href":"https:\/\/bogensportdiscount.ch\/it\/wp-json\/wp\/v2\/comments?post=398349"}],"wp:featuredmedia":[{"embeddable":true,"href":"https:\/\/bogensportdiscount.ch\/it\/wp-json\/wp\/v2\/media\/440147"}],"wp:attachment":[{"href":"https:\/\/bogensportdiscount.ch\/it\/wp-json\/wp\/v2\/media?parent=398349"}],"wp:term":[{"taxonomy":"product_brand","embeddable":true,"href":"https:\/\/bogensportdiscount.ch\/it\/wp-json\/wp\/v2\/product_brand?post=398349"},{"taxonomy":"product_cat","embeddable":true,"href":"https:\/\/bogensportdiscount.ch\/it\/wp-json\/wp\/v2\/product_cat?post=398349"},{"taxonomy":"product_tag","embeddable":true,"href":"https:\/\/bogensportdiscount.ch\/it\/wp-json\/wp\/v2\/product_tag?post=398349"}],"curies":[{"name":"wp","href":"https:\/\/api.w.org\/{rel}","templated":true}]}}