{"id":398330,"date":"2026-04-05T14:40:47","date_gmt":"2026-04-05T12:40:47","guid":{"rendered":"https:\/\/bogensportdiscount.ch\/produkt\/bowstringers-top-and-limb-gripper-24-pk\/"},"modified":"2026-04-20T13:32:51","modified_gmt":"2026-04-20T11:32:51","slug":"saunders-bogensehnenspanner-top-and-limb-gripper","status":"publish","type":"product","link":"https:\/\/bogensportdiscount.ch\/it\/prodotto\/saunders-bogensehnenspanner-top-and-limb-gripper\/","title":{"rendered":"SAUNDERS BOGENSPANNER TOP AND LIMB GRIPPER"},"content":{"rendered":"<p>Der Saunders Top and Limb Gripper ist ein Sehnenspanner, der speziell f\u00fcr das einfache und sichere Aufspannen von B\u00f6gen entwickelt wurde. Er kombiniert einen oberen Halter und einen Wurfarmgreifer, die gemeinsam f\u00fcr sicheren Halt an Wurfarmen und Sehne sorgen.<\/p>\n<p>Hergestellt in den USA, steht der Saunders Top and Limb Gripper f\u00fcr solide Verarbeitung. Das Produkt richtet sich an Bogensch\u00fctzen, die beim Aufspannen ihres Bogens auf eine zuverl\u00e4ssige Spannhilfe setzen m\u00f6chten.<\/p>\n<ul>\n<li>Greift sicher an Wurfarm und Sehne<\/li>\n<li>Erleichtert das Aufspannen des Bogens<\/li>\n<li>Produzione negli USA<\/li>\n<li>Geeignet f\u00fcr Recurve- und Langb\u00f6gen<\/li>\n<\/ul>","protected":false},"excerpt":{"rendered":"<p>Der Saunders Top and Limb Gripper ist ein Sehnenspanner f\u00fcr Recurve- und Langb\u00f6gen. Er greift sicher an Wurfarmen und Sehne, um das Aufspannen des Bogens sicher und kontrolliert zu erm\u00f6glichen.<\/p>","protected":false},"featured_media":449647,"comment_status":"open","ping_status":"closed","template":"","meta":[],"product_brand":[779],"product_cat":[4241],"product_tag":[],"class_list":{"0":"post-398330","1":"product","2":"type-product","3":"status-publish","4":"has-post-thumbnail","6":"product_brand-saunders","7":"product_cat-spannschnuere","9":"first","10":"instock","11":"shipping-taxable","12":"purchasable","13":"product-type-variable"},"yoast_head":"<!-- This site is optimized with the Yoast SEO plugin v27.4 - https:\/\/yoast.com\/product\/yoast-seo-wordpress\/ -->\n<title>SAUNDERS BOGENSPANNER TOP AND LIMB GRIPPER - Bogensportdiscount \u2013 B\u00f6gen, Pfeile, Targets &amp; Zubeh\u00f6r<\/title>\n<meta name=\"robots\" content=\"noindex, follow, max-snippet:-1, max-image-preview:large, max-video-preview:-1\" \/>\n<meta property=\"og:locale\" content=\"it_IT\" \/>\n<meta property=\"og:type\" content=\"article\" \/>\n<meta property=\"og:title\" content=\"SAUNDERS BOGENSPANNER TOP AND LIMB GRIPPER - Bogensportdiscount \u2013 B\u00f6gen, Pfeile, Targets &amp; Zubeh\u00f6r\" \/>\n<meta property=\"og:description\" content=\"Der Saunders Top and Limb Gripper ist ein Sehnenspanner f\u00fcr Recurve- und Langb\u00f6gen. Er greift sicher an Wurfarmen und Sehne, um das Aufspannen des Bogens sicher und kontrolliert zu erm\u00f6glichen.\" \/>\n<meta property=\"og:url\" content=\"https:\/\/bogensportdiscount.ch\/it\/produit\/saunders-bogensehnenspanner-top-and-limb-gripper\/\" \/>\n<meta property=\"og:site_name\" content=\"Bogensportdiscount \u2013 B\u00f6gen, Pfeile, Targets &amp; Zubeh\u00f6r\" \/>\n<meta property=\"article:modified_time\" content=\"2026-04-20T11:32:51+00:00\" \/>\n<meta property=\"og:image\" content=\"https:\/\/bogensportdiscount.ch\/wp-content\/uploads\/bsm-images\/A021848_1.png\" \/>\n\t<meta property=\"og:image:width\" content=\"1181\" \/>\n\t<meta property=\"og:image:height\" content=\"1096\" \/>\n\t<meta property=\"og:image:type\" content=\"image\/png\" \/>\n<meta name=\"twitter:card\" content=\"summary_large_image\" \/>\n<script type=\"application\/ld+json\" class=\"yoast-schema-graph\">{\"@context\":\"https:\\\/\\\/schema.org\",\"@graph\":[{\"@type\":\"WebPage\",\"@id\":\"https:\\\/\\\/bogensportdiscount.ch\\\/fr\\\/produit\\\/saunders-bogensehnenspanner-top-and-limb-gripper\\\/\",\"url\":\"https:\\\/\\\/bogensportdiscount.ch\\\/fr\\\/produit\\\/saunders-bogensehnenspanner-top-and-limb-gripper\\\/\",\"name\":\"SAUNDERS BOGENSPANNER TOP AND LIMB GRIPPER - Bogensportdiscount \u2013 B\u00f6gen, Pfeile, Targets &amp; Zubeh\u00f6r\",\"isPartOf\":{\"@id\":\"https:\\\/\\\/bogensportdiscount.ch\\\/#website\"},\"primaryImageOfPage\":{\"@id\":\"https:\\\/\\\/bogensportdiscount.ch\\\/fr\\\/produit\\\/saunders-bogensehnenspanner-top-and-limb-gripper\\\/#primaryimage\"},\"image\":{\"@id\":\"https:\\\/\\\/bogensportdiscount.ch\\\/fr\\\/produit\\\/saunders-bogensehnenspanner-top-and-limb-gripper\\\/#primaryimage\"},\"thumbnailUrl\":\"https:\\\/\\\/bogensportdiscount.ch\\\/wp-content\\\/uploads\\\/bsm-images\\\/A021848_1.png\",\"datePublished\":\"2026-04-05T12:40:47+00:00\",\"dateModified\":\"2026-04-20T11:32:51+00:00\",\"breadcrumb\":{\"@id\":\"https:\\\/\\\/bogensportdiscount.ch\\\/fr\\\/produit\\\/saunders-bogensehnenspanner-top-and-limb-gripper\\\/#breadcrumb\"},\"inLanguage\":\"it-IT\",\"potentialAction\":[{\"@type\":\"ReadAction\",\"target\":[\"https:\\\/\\\/bogensportdiscount.ch\\\/fr\\\/produit\\\/saunders-bogensehnenspanner-top-and-limb-gripper\\\/\"]}]},{\"@type\":\"ImageObject\",\"inLanguage\":\"it-IT\",\"@id\":\"https:\\\/\\\/bogensportdiscount.ch\\\/fr\\\/produit\\\/saunders-bogensehnenspanner-top-and-limb-gripper\\\/#primaryimage\",\"url\":\"https:\\\/\\\/bogensportdiscount.ch\\\/wp-content\\\/uploads\\\/bsm-images\\\/A021848_1.png\",\"contentUrl\":\"https:\\\/\\\/bogensportdiscount.ch\\\/wp-content\\\/uploads\\\/bsm-images\\\/A021848_1.png\",\"width\":1181,\"height\":1096},{\"@type\":\"BreadcrumbList\",\"@id\":\"https:\\\/\\\/bogensportdiscount.ch\\\/fr\\\/produit\\\/saunders-bogensehnenspanner-top-and-limb-gripper\\\/#breadcrumb\",\"itemListElement\":[{\"@type\":\"ListItem\",\"position\":1,\"name\":\"Home\",\"item\":\"https:\\\/\\\/bogensportdiscount.ch\\\/\"},{\"@type\":\"ListItem\",\"position\":2,\"name\":\"Shop\",\"item\":\"https:\\\/\\\/bogensportdiscount.ch\\\/shop\\\/\"},{\"@type\":\"ListItem\",\"position\":3,\"name\":\"SAUNDERS BOGENSPANNER TOP AND LIMB GRIPPER\"}]},{\"@type\":\"WebSite\",\"@id\":\"https:\\\/\\\/bogensportdiscount.ch\\\/#website\",\"url\":\"https:\\\/\\\/bogensportdiscount.ch\\\/\",\"name\":\"Bogensportdiscount\",\"description\":\"\",\"potentialAction\":[{\"@type\":\"SearchAction\",\"target\":{\"@type\":\"EntryPoint\",\"urlTemplate\":\"https:\\\/\\\/bogensportdiscount.ch\\\/?s={search_term_string}\"},\"query-input\":{\"@type\":\"PropertyValueSpecification\",\"valueRequired\":true,\"valueName\":\"search_term_string\"}}],\"inLanguage\":\"it-IT\"}]}<\/script>\n<!-- \/ Yoast SEO plugin. -->","yoast_head_json":{"title":"SAUNDERS BOGENSPANNER TOP AND LIMB GRIPPER - Bogensportdiscount \u2013 B\u00f6gen, Pfeile, Targets &amp; Zubeh\u00f6r","robots":{"index":"noindex","follow":"follow","max-snippet":"max-snippet:-1","max-image-preview":"max-image-preview:large","max-video-preview":"max-video-preview:-1"},"og_locale":"it_IT","og_type":"article","og_title":"SAUNDERS BOGENSPANNER TOP AND LIMB GRIPPER - Bogensportdiscount \u2013 B\u00f6gen, Pfeile, Targets &amp; Zubeh\u00f6r","og_description":"Der Saunders Top and Limb Gripper ist ein Sehnenspanner f\u00fcr Recurve- und Langb\u00f6gen. Er greift sicher an Wurfarmen und Sehne, um das Aufspannen des Bogens sicher und kontrolliert zu erm\u00f6glichen.","og_url":"https:\/\/bogensportdiscount.ch\/it\/produit\/saunders-bogensehnenspanner-top-and-limb-gripper\/","og_site_name":"Bogensportdiscount \u2013 B\u00f6gen, Pfeile, Targets &amp; Zubeh\u00f6r","article_modified_time":"2026-04-20T11:32:51+00:00","og_image":[{"width":1181,"height":1096,"url":"https:\/\/bogensportdiscount.ch\/wp-content\/uploads\/bsm-images\/A021848_1.png","type":"image\/png"}],"twitter_card":"summary_large_image","schema":{"@context":"https:\/\/schema.org","@graph":[{"@type":"WebPage","@id":"https:\/\/bogensportdiscount.ch\/fr\/produit\/saunders-bogensehnenspanner-top-and-limb-gripper\/","url":"https:\/\/bogensportdiscount.ch\/fr\/produit\/saunders-bogensehnenspanner-top-and-limb-gripper\/","name":"SAUNDERS BOGENSPANNER TOP AND LIMB GRIPPER - Bogensportdiscount \u2013 B\u00f6gen, Pfeile, Targets &amp; Zubeh\u00f6r","isPartOf":{"@id":"https:\/\/bogensportdiscount.ch\/#website"},"primaryImageOfPage":{"@id":"https:\/\/bogensportdiscount.ch\/fr\/produit\/saunders-bogensehnenspanner-top-and-limb-gripper\/#primaryimage"},"image":{"@id":"https:\/\/bogensportdiscount.ch\/fr\/produit\/saunders-bogensehnenspanner-top-and-limb-gripper\/#primaryimage"},"thumbnailUrl":"https:\/\/bogensportdiscount.ch\/wp-content\/uploads\/bsm-images\/A021848_1.png","datePublished":"2026-04-05T12:40:47+00:00","dateModified":"2026-04-20T11:32:51+00:00","breadcrumb":{"@id":"https:\/\/bogensportdiscount.ch\/fr\/produit\/saunders-bogensehnenspanner-top-and-limb-gripper\/#breadcrumb"},"inLanguage":"it-IT","potentialAction":[{"@type":"ReadAction","target":["https:\/\/bogensportdiscount.ch\/fr\/produit\/saunders-bogensehnenspanner-top-and-limb-gripper\/"]}]},{"@type":"ImageObject","inLanguage":"it-IT","@id":"https:\/\/bogensportdiscount.ch\/fr\/produit\/saunders-bogensehnenspanner-top-and-limb-gripper\/#primaryimage","url":"https:\/\/bogensportdiscount.ch\/wp-content\/uploads\/bsm-images\/A021848_1.png","contentUrl":"https:\/\/bogensportdiscount.ch\/wp-content\/uploads\/bsm-images\/A021848_1.png","width":1181,"height":1096},{"@type":"BreadcrumbList","@id":"https:\/\/bogensportdiscount.ch\/fr\/produit\/saunders-bogensehnenspanner-top-and-limb-gripper\/#breadcrumb","itemListElement":[{"@type":"ListItem","position":1,"name":"Home","item":"https:\/\/bogensportdiscount.ch\/"},{"@type":"ListItem","position":2,"name":"Shop","item":"https:\/\/bogensportdiscount.ch\/shop\/"},{"@type":"ListItem","position":3,"name":"SAUNDERS BOGENSPANNER TOP AND LIMB GRIPPER"}]},{"@type":"WebSite","@id":"https:\/\/bogensportdiscount.ch\/#website","url":"https:\/\/bogensportdiscount.ch\/","name":"Bogensportdiscount","description":"","potentialAction":[{"@type":"SearchAction","target":{"@type":"EntryPoint","urlTemplate":"https:\/\/bogensportdiscount.ch\/?s={search_term_string}"},"query-input":{"@type":"PropertyValueSpecification","valueRequired":true,"valueName":"search_term_string"}}],"inLanguage":"it-IT"}]}},"_links":{"self":[{"href":"https:\/\/bogensportdiscount.ch\/it\/wp-json\/wp\/v2\/product\/398330","targetHints":{"allow":["GET"]}}],"collection":[{"href":"https:\/\/bogensportdiscount.ch\/it\/wp-json\/wp\/v2\/product"}],"about":[{"href":"https:\/\/bogensportdiscount.ch\/it\/wp-json\/wp\/v2\/types\/product"}],"replies":[{"embeddable":true,"href":"https:\/\/bogensportdiscount.ch\/it\/wp-json\/wp\/v2\/comments?post=398330"}],"wp:featuredmedia":[{"embeddable":true,"href":"https:\/\/bogensportdiscount.ch\/it\/wp-json\/wp\/v2\/media\/449647"}],"wp:attachment":[{"href":"https:\/\/bogensportdiscount.ch\/it\/wp-json\/wp\/v2\/media?parent=398330"}],"wp:term":[{"taxonomy":"product_brand","embeddable":true,"href":"https:\/\/bogensportdiscount.ch\/it\/wp-json\/wp\/v2\/product_brand?post=398330"},{"taxonomy":"product_cat","embeddable":true,"href":"https:\/\/bogensportdiscount.ch\/it\/wp-json\/wp\/v2\/product_cat?post=398330"},{"taxonomy":"product_tag","embeddable":true,"href":"https:\/\/bogensportdiscount.ch\/it\/wp-json\/wp\/v2\/product_tag?post=398330"}],"curies":[{"name":"wp","href":"https:\/\/api.w.org\/{rel}","templated":true}]}}