{"id":398250,"date":"2026-04-05T14:40:38","date_gmt":"2026-04-05T12:40:38","guid":{"rendered":"https:\/\/bogensportdiscount.ch\/produkt\/risers-wiawis-inno-cxt-25-rh-black\/"},"modified":"2026-04-17T13:45:22","modified_gmt":"2026-04-17T11:45:22","slug":"wiawis-recurvebogen-mittelstuck-inno-cxt-25-rh","status":"publish","type":"product","link":"https:\/\/bogensportdiscount.ch\/it\/prodotto\/wiawis-recurvebogen-mittelstuck-inno-cxt-25-rh\/","title":{"rendered":"RISER WIAWIS INNO CXT 25\u2033 RH"},"content":{"rendered":"<p>Das WIAWIS Inno CXT Mittelst\u00fcck ist ein 25-Zoll-Riser f\u00fcr Recurveb\u00f6gen, ausgelegt f\u00fcr Rechtsh\u00e4nder (RH). WIAWIS ist eine renommierte koreanische Bogenmarke, die f\u00fcr pr\u00e4zise Verarbeitung und hochwertige Materialien bekannt ist.<\/p>\n<p>Das Inno CXT Mittelst\u00fcck ist in drei Farben erh\u00e4ltlich \u2013 Schwarz, Rot und Weiss \u2013 und l\u00e4sst sich mit kompatiblen Recurvebogen-Wurfarmen und -Zubeh\u00f6r kombinieren. Es eignet sich sowohl f\u00fcr den Trainings- als auch f\u00fcr den Wettkampfeinsatz.<\/p>\n<ul>\n<li>L\u00e4nge: 25 Zoll<\/li>\n<li>Ausf\u00fchrung: Rechtsh\u00e4nder (RH)<\/li>\n<li>Erh\u00e4ltlich in Schwarz, Rot und Weiss<\/li>\n<li>Kompatibel mit Standard-Recurvebogen-Wurfarmen<\/li>\n<\/ul>","protected":false},"excerpt":{"rendered":"<p><strong>Marchio:<\/strong> Wiawis<br \/><strong>Recommendation:<\/strong> All poundages<br \/><strong>Materiale:<\/strong> Carbon<br \/><strong>Pocket fitting:<\/strong> ILF<\/p>","protected":false},"featured_media":449635,"comment_status":"open","ping_status":"closed","template":"","meta":[],"product_brand":[473],"product_cat":[4519],"product_tag":[],"class_list":{"0":"post-398250","1":"product","2":"type-product","3":"status-publish","4":"has-post-thumbnail","6":"product_brand-wiawis","7":"product_cat-recurve-mittelteile-recurve-boegen","9":"first","10":"instock","11":"shipping-taxable","12":"purchasable","13":"product-type-variable"},"_links":{"self":[{"href":"https:\/\/bogensportdiscount.ch\/it\/wp-json\/wp\/v2\/product\/398250","targetHints":{"allow":["GET"]}}],"collection":[{"href":"https:\/\/bogensportdiscount.ch\/it\/wp-json\/wp\/v2\/product"}],"about":[{"href":"https:\/\/bogensportdiscount.ch\/it\/wp-json\/wp\/v2\/types\/product"}],"replies":[{"embeddable":true,"href":"https:\/\/bogensportdiscount.ch\/it\/wp-json\/wp\/v2\/comments?post=398250"}],"wp:featuredmedia":[{"embeddable":true,"href":"https:\/\/bogensportdiscount.ch\/it\/wp-json\/wp\/v2\/media\/449635"}],"wp:attachment":[{"href":"https:\/\/bogensportdiscount.ch\/it\/wp-json\/wp\/v2\/media?parent=398250"}],"wp:term":[{"taxonomy":"product_brand","embeddable":true,"href":"https:\/\/bogensportdiscount.ch\/it\/wp-json\/wp\/v2\/product_brand?post=398250"},{"taxonomy":"product_cat","embeddable":true,"href":"https:\/\/bogensportdiscount.ch\/it\/wp-json\/wp\/v2\/product_cat?post=398250"},{"taxonomy":"product_tag","embeddable":true,"href":"https:\/\/bogensportdiscount.ch\/it\/wp-json\/wp\/v2\/product_tag?post=398250"}],"curies":[{"name":"wp","href":"https:\/\/api.w.org\/{rel}","templated":true}]}}