{"id":398235,"date":"2026-04-05T14:40:36","date_gmt":"2026-04-05T12:40:36","guid":{"rendered":"https:\/\/bogensportdiscount.ch\/produkt\/risers-spiga-zen-25-rh-black\/"},"modified":"2026-04-17T13:45:22","modified_gmt":"2026-04-17T11:45:22","slug":"spiga-recurvebogen-mittelstuck-zen-25","status":"publish","type":"product","link":"https:\/\/bogensportdiscount.ch\/it\/prodotto\/spiga-recurvebogen-mittelstuck-zen-25\/","title":{"rendered":"RISERS SPIGA ZEN 25\u2033"},"content":{"rendered":"<p>Das SPIGA Zen Mittelst\u00fcck ist in einer L\u00e4nge von 25&#8243; gefertigt und eignet sich als Basis f\u00fcr einen klassischen Recurvebogen. Es ist sowohl f\u00fcr Rechts- als auch f\u00fcr Linksh\u00e4nder ausgelegt.<\/p>\n<p>Das Mittelst\u00fcck ist in f\u00fcnf Farben erh\u00e4ltlich: Black, Blue, Green, Grey und Red, sodass eine individuelle Ausstattung m\u00f6glich ist.<\/p>\n<ul>\n<li>L\u00e4nge: 25&#8243;<\/li>\n<li>F\u00fcr Rechts- und Linksh\u00e4nder geeignet<\/li>\n<li>Erh\u00e4ltlich in 5 Farben<\/li>\n<li>Kompatibel mit Standard-Recurvebogen-Wurfarmen<\/li>\n<\/ul>","protected":false},"excerpt":{"rendered":"<p><strong>Marchio:<\/strong> Arco Sport Spigarelli<br \/><strong>Type:<\/strong> Full CNC<br \/><strong>Recommendation:<\/strong> All poundages<br \/><strong>Materiale:<\/strong> Aluminum<br \/><strong>Pocket fitting:<\/strong> ILF<\/p>","protected":false},"featured_media":449632,"comment_status":"open","ping_status":"closed","template":"","meta":[],"product_brand":[634],"product_cat":[4519],"product_tag":[],"class_list":{"0":"post-398235","1":"product","2":"type-product","3":"status-publish","4":"has-post-thumbnail","6":"product_brand-spiga","7":"product_cat-recurve-mittelteile-recurve-boegen","9":"first","10":"instock","11":"shipping-taxable","12":"purchasable","13":"product-type-variable"},"_links":{"self":[{"href":"https:\/\/bogensportdiscount.ch\/it\/wp-json\/wp\/v2\/product\/398235","targetHints":{"allow":["GET"]}}],"collection":[{"href":"https:\/\/bogensportdiscount.ch\/it\/wp-json\/wp\/v2\/product"}],"about":[{"href":"https:\/\/bogensportdiscount.ch\/it\/wp-json\/wp\/v2\/types\/product"}],"replies":[{"embeddable":true,"href":"https:\/\/bogensportdiscount.ch\/it\/wp-json\/wp\/v2\/comments?post=398235"}],"wp:featuredmedia":[{"embeddable":true,"href":"https:\/\/bogensportdiscount.ch\/it\/wp-json\/wp\/v2\/media\/449632"}],"wp:attachment":[{"href":"https:\/\/bogensportdiscount.ch\/it\/wp-json\/wp\/v2\/media?parent=398235"}],"wp:term":[{"taxonomy":"product_brand","embeddable":true,"href":"https:\/\/bogensportdiscount.ch\/it\/wp-json\/wp\/v2\/product_brand?post=398235"},{"taxonomy":"product_cat","embeddable":true,"href":"https:\/\/bogensportdiscount.ch\/it\/wp-json\/wp\/v2\/product_cat?post=398235"},{"taxonomy":"product_tag","embeddable":true,"href":"https:\/\/bogensportdiscount.ch\/it\/wp-json\/wp\/v2\/product_tag?post=398235"}],"curies":[{"name":"wp","href":"https:\/\/api.w.org\/{rel}","templated":true}]}}