{"id":398225,"date":"2026-04-05T14:40:35","date_gmt":"2026-04-05T12:40:35","guid":{"rendered":"https:\/\/bogensportdiscount.ch\/produkt\/risers-s3-shoot-through-19-rh-lh-black\/"},"modified":"2026-04-17T13:45:22","modified_gmt":"2026-04-17T11:45:22","slug":"petron-recurvebogen-mittelstuck-s3-shoot-through-19-rh-lh","status":"publish","type":"product","link":"https:\/\/bogensportdiscount.ch\/it\/prodotto\/petron-recurvebogen-mittelstuck-s3-shoot-through-19-rh-lh\/","title":{"rendered":"RISER PETRON S3 SHOOT-THROUGH 19\u2033 DX\/LH"},"content":{"rendered":"<p>Das PETRON S3 Shoot-Through Mittelst\u00fcck ist ein 19-Zoll-Recurvebogen-Riser aus Metall, erh\u00e4ltlich f\u00fcr Rechts- und Linkssch\u00fctzen. Es ist f\u00fcr Anf\u00e4nger konzipiert und eignet sich f\u00fcr B\u00f6gen bis zu einem maximalen Zuggewicht von 36 lbs.<\/p>\n<p>Die Shoot-Through-Konstruktion erm\u00f6glicht eine ungehinderte Pfeilpassage und ist mit Standard-Anf\u00e4nger-Wurfarmen kompatibel. Das Mittelst\u00fcck ist in den Farben Schwarz, Blau und Rot erh\u00e4ltlich.<\/p>\n<ul>\n<li>L\u00e4nge: 19 Zoll<\/li>\n<li>Material: Metall<\/li>\n<li>Geeignet f\u00fcr Rechts- und Linkssch\u00fctzen<\/li>\n<li>Max. Zuggewicht: 36 lbs<\/li>\n<\/ul>","protected":false},"excerpt":{"rendered":"<table>\n<tr>\n<th>Propriet\u00e0<\/th>\n<th>Valore<\/th>\n<\/tr>\n<tr>\n<td>Marchio<\/td>\n<td>Petron<\/td>\n<\/tr>\n<tr>\n<td>Raccomandazione<\/td>\n<td>Max. 36 lbs<\/td>\n<\/tr>\n<tr>\n<td>Materiale<\/td>\n<td>Metall<\/td>\n<\/tr>\n<tr>\n<td>Griffst\u00fcck-Passform<\/td>\n<td>Principiante<\/td>\n<\/tr>\n<tr>\n<td>Herkunftsland<\/td>\n<td>Grossbritannien<\/td>\n<\/tr>\n<\/table>","protected":false},"featured_media":449629,"comment_status":"open","ping_status":"closed","template":"","meta":[],"product_brand":[816],"product_cat":[4519],"product_tag":[],"class_list":{"0":"post-398225","1":"product","2":"type-product","3":"status-publish","4":"has-post-thumbnail","6":"product_brand-petron","7":"product_cat-recurve-mittelteile-recurve-boegen","9":"first","10":"outofstock","11":"shipping-taxable","12":"purchasable","13":"product-type-variable"},"_links":{"self":[{"href":"https:\/\/bogensportdiscount.ch\/it\/wp-json\/wp\/v2\/product\/398225","targetHints":{"allow":["GET"]}}],"collection":[{"href":"https:\/\/bogensportdiscount.ch\/it\/wp-json\/wp\/v2\/product"}],"about":[{"href":"https:\/\/bogensportdiscount.ch\/it\/wp-json\/wp\/v2\/types\/product"}],"replies":[{"embeddable":true,"href":"https:\/\/bogensportdiscount.ch\/it\/wp-json\/wp\/v2\/comments?post=398225"}],"wp:featuredmedia":[{"embeddable":true,"href":"https:\/\/bogensportdiscount.ch\/it\/wp-json\/wp\/v2\/media\/449629"}],"wp:attachment":[{"href":"https:\/\/bogensportdiscount.ch\/it\/wp-json\/wp\/v2\/media?parent=398225"}],"wp:term":[{"taxonomy":"product_brand","embeddable":true,"href":"https:\/\/bogensportdiscount.ch\/it\/wp-json\/wp\/v2\/product_brand?post=398225"},{"taxonomy":"product_cat","embeddable":true,"href":"https:\/\/bogensportdiscount.ch\/it\/wp-json\/wp\/v2\/product_cat?post=398225"},{"taxonomy":"product_tag","embeddable":true,"href":"https:\/\/bogensportdiscount.ch\/it\/wp-json\/wp\/v2\/product_tag?post=398225"}],"curies":[{"name":"wp","href":"https:\/\/api.w.org\/{rel}","templated":true}]}}