{"id":398180,"date":"2026-04-05T14:40:32","date_gmt":"2026-04-05T12:40:32","guid":{"rendered":"https:\/\/bogensportdiscount.ch\/produkt\/longbows-fenix-52-lh-10-lbs\/"},"modified":"2026-04-19T11:53:50","modified_gmt":"2026-04-19T09:53:50","slug":"touchwood-langbogen-fenix-52","status":"publish","type":"product","link":"https:\/\/bogensportdiscount.ch\/it\/prodotto\/touchwood-langbogen-fenix-52\/","title":{"rendered":"TOUCHWOOD LONGBOWS FENIX 52\u2033 LBS"},"content":{"rendered":"<p>Il TOUCHWOOD Fenix 52\u2033 \u00e8 un arco lungo tradizionale, ideale per i principianti e per gli arcieri che preferiscono potenze pi\u00f9 leggere. Con una lunghezza di 52 pollici, offre un design compatto all\u2019interno della categoria degli archi lunghi.<\/p>\n<p>Il Fenix \u00e8 disponibile sia per arcieri destrimani che mancini e pu\u00f2 essere ordinato con potenze di 10, 15 e 20 libbre. Questo lo rende particolarmente adatto ai principianti che vogliono avvicinarsi al tiro con l&#x27;arco con un arco leggero.<\/p>\n<ul>\n<li>Lunghezza arco: 52 pollici<\/li>\n<li>Per arcieri destri e mancini<\/li>\n<li>Pesi di trazione: 10, 15 e 20 libbre<\/li>\n<li>Arco lungo tradizionale<\/li>\n<\/ul>","protected":false},"excerpt":{"rendered":"<p>Il TOUCHWOOD Fenix \u00e8 un arco lungo tradizionale con una lunghezza di 52 pollici. Disponibile per arcieri destri e mancini con potenze di 10, 15 e 20 libbre.<\/p>","protected":false},"featured_media":449627,"comment_status":"open","ping_status":"closed","template":"","meta":[],"product_brand":[960],"product_cat":[3467],"product_tag":[],"class_list":{"0":"post-398180","1":"product","2":"type-product","3":"status-publish","4":"has-post-thumbnail","6":"product_brand-touchwood","7":"product_cat-langboegen","9":"first","10":"instock","11":"shipping-taxable","12":"purchasable","13":"product-type-variable"},"yoast_head":"<!-- This site is optimized with the Yoast SEO plugin v27.4 - https:\/\/yoast.com\/product\/yoast-seo-wordpress\/ -->\n<title>TOUCHWOOD LONGBOWS FENIX 52&quot; LBS - Bogensportdiscount \u2013 B\u00f6gen, Pfeile, Targets &amp; Zubeh\u00f6r<\/title>\n<meta name=\"robots\" content=\"noindex, follow, max-snippet:-1, max-image-preview:large, max-video-preview:-1\" \/>\n<meta property=\"og:locale\" content=\"it_IT\" \/>\n<meta property=\"og:type\" content=\"article\" \/>\n<meta property=\"og:title\" content=\"TOUCHWOOD LONGBOWS FENIX 52&quot; LBS - Bogensportdiscount \u2013 B\u00f6gen, Pfeile, Targets &amp; Zubeh\u00f6r\" \/>\n<meta property=\"og:description\" content=\"Der TOUCHWOOD Fenix ist ein traditioneller Langbogen mit einer L\u00e4nge von 52 Zoll. Erh\u00e4ltlich f\u00fcr Rechts- und Linkshandbogensch\u00fctzen in Zuggewichten von 10, 15 und 20 LBS.\" \/>\n<meta property=\"og:url\" content=\"https:\/\/bogensportdiscount.ch\/it\/prodotto\/touchwood-langbogen-fenix-52\/\" \/>\n<meta property=\"og:site_name\" content=\"Bogensportdiscount \u2013 B\u00f6gen, Pfeile, Targets &amp; Zubeh\u00f6r\" \/>\n<meta property=\"article:modified_time\" content=\"2026-04-19T09:53:50+00:00\" \/>\n<meta property=\"og:image\" content=\"https:\/\/bogensportdiscount.ch\/wp-content\/uploads\/bsm-images\/A019853_1.png\" \/>\n\t<meta property=\"og:image:width\" content=\"1238\" \/>\n\t<meta property=\"og:image:height\" content=\"7260\" \/>\n\t<meta property=\"og:image:type\" content=\"image\/png\" \/>\n<meta name=\"twitter:card\" content=\"summary_large_image\" \/>\n<script type=\"application\/ld+json\" class=\"yoast-schema-graph\">{\"@context\":\"https:\\\/\\\/schema.org\",\"@graph\":[{\"@type\":\"WebPage\",\"@id\":\"https:\\\/\\\/bogensportdiscount.ch\\\/it\\\/prodotto\\\/touchwood-langbogen-fenix-52\\\/\",\"url\":\"https:\\\/\\\/bogensportdiscount.ch\\\/it\\\/prodotto\\\/touchwood-langbogen-fenix-52\\\/\",\"name\":\"TOUCHWOOD LONGBOWS FENIX 52\\\" LBS - Bogensportdiscount \u2013 B\u00f6gen, Pfeile, Targets &amp; Zubeh\u00f6r\",\"isPartOf\":{\"@id\":\"https:\\\/\\\/bogensportdiscount.ch\\\/#website\"},\"primaryImageOfPage\":{\"@id\":\"https:\\\/\\\/bogensportdiscount.ch\\\/it\\\/prodotto\\\/touchwood-langbogen-fenix-52\\\/#primaryimage\"},\"image\":{\"@id\":\"https:\\\/\\\/bogensportdiscount.ch\\\/it\\\/prodotto\\\/touchwood-langbogen-fenix-52\\\/#primaryimage\"},\"thumbnailUrl\":\"https:\\\/\\\/bogensportdiscount.ch\\\/wp-content\\\/uploads\\\/bsm-images\\\/A019853_1.png\",\"datePublished\":\"2026-04-05T12:40:32+00:00\",\"dateModified\":\"2026-04-19T09:53:50+00:00\",\"breadcrumb\":{\"@id\":\"https:\\\/\\\/bogensportdiscount.ch\\\/it\\\/prodotto\\\/touchwood-langbogen-fenix-52\\\/#breadcrumb\"},\"inLanguage\":\"it-IT\",\"potentialAction\":[{\"@type\":\"ReadAction\",\"target\":[\"https:\\\/\\\/bogensportdiscount.ch\\\/it\\\/prodotto\\\/touchwood-langbogen-fenix-52\\\/\"]}]},{\"@type\":\"ImageObject\",\"inLanguage\":\"it-IT\",\"@id\":\"https:\\\/\\\/bogensportdiscount.ch\\\/it\\\/prodotto\\\/touchwood-langbogen-fenix-52\\\/#primaryimage\",\"url\":\"https:\\\/\\\/bogensportdiscount.ch\\\/wp-content\\\/uploads\\\/bsm-images\\\/A019853_1.png\",\"contentUrl\":\"https:\\\/\\\/bogensportdiscount.ch\\\/wp-content\\\/uploads\\\/bsm-images\\\/A019853_1.png\",\"width\":1238,\"height\":7260},{\"@type\":\"BreadcrumbList\",\"@id\":\"https:\\\/\\\/bogensportdiscount.ch\\\/it\\\/prodotto\\\/touchwood-langbogen-fenix-52\\\/#breadcrumb\",\"itemListElement\":[{\"@type\":\"ListItem\",\"position\":1,\"name\":\"Home\",\"item\":\"https:\\\/\\\/bogensportdiscount.ch\\\/\"},{\"@type\":\"ListItem\",\"position\":2,\"name\":\"Shop\",\"item\":\"https:\\\/\\\/bogensportdiscount.ch\\\/shop\\\/\"},{\"@type\":\"ListItem\",\"position\":3,\"name\":\"TOUCHWOOD LONGBOWS FENIX 52&#8243; LBS\"}]},{\"@type\":\"WebSite\",\"@id\":\"https:\\\/\\\/bogensportdiscount.ch\\\/#website\",\"url\":\"https:\\\/\\\/bogensportdiscount.ch\\\/\",\"name\":\"Bogensportdiscount\",\"description\":\"\",\"potentialAction\":[{\"@type\":\"SearchAction\",\"target\":{\"@type\":\"EntryPoint\",\"urlTemplate\":\"https:\\\/\\\/bogensportdiscount.ch\\\/?s={search_term_string}\"},\"query-input\":{\"@type\":\"PropertyValueSpecification\",\"valueRequired\":true,\"valueName\":\"search_term_string\"}}],\"inLanguage\":\"it-IT\"}]}<\/script>\n<!-- \/ Yoast SEO plugin. -->","yoast_head_json":{"title":"TOUCHWOOD LONGBOWS FENIX 52\" LBS - Bogensportdiscount \u2013 B\u00f6gen, Pfeile, Targets &amp; Zubeh\u00f6r","robots":{"index":"noindex","follow":"follow","max-snippet":"max-snippet:-1","max-image-preview":"max-image-preview:large","max-video-preview":"max-video-preview:-1"},"og_locale":"it_IT","og_type":"article","og_title":"TOUCHWOOD LONGBOWS FENIX 52\" LBS - Bogensportdiscount \u2013 B\u00f6gen, Pfeile, Targets &amp; Zubeh\u00f6r","og_description":"Der TOUCHWOOD Fenix ist ein traditioneller Langbogen mit einer L\u00e4nge von 52 Zoll. Erh\u00e4ltlich f\u00fcr Rechts- und Linkshandbogensch\u00fctzen in Zuggewichten von 10, 15 und 20 LBS.","og_url":"https:\/\/bogensportdiscount.ch\/it\/prodotto\/touchwood-langbogen-fenix-52\/","og_site_name":"Bogensportdiscount \u2013 B\u00f6gen, Pfeile, Targets &amp; Zubeh\u00f6r","article_modified_time":"2026-04-19T09:53:50+00:00","og_image":[{"url":"https:\/\/bogensportdiscount.ch\/wp-content\/uploads\/bsm-images\/A019853_1.png","width":1238,"height":7260,"type":"image\/png"}],"twitter_card":"summary_large_image","schema":{"@context":"https:\/\/schema.org","@graph":[{"@type":"WebPage","@id":"https:\/\/bogensportdiscount.ch\/it\/prodotto\/touchwood-langbogen-fenix-52\/","url":"https:\/\/bogensportdiscount.ch\/it\/prodotto\/touchwood-langbogen-fenix-52\/","name":"TOUCHWOOD LONGBOWS FENIX 52\" LBS - Bogensportdiscount \u2013 B\u00f6gen, Pfeile, Targets &amp; Zubeh\u00f6r","isPartOf":{"@id":"https:\/\/bogensportdiscount.ch\/#website"},"primaryImageOfPage":{"@id":"https:\/\/bogensportdiscount.ch\/it\/prodotto\/touchwood-langbogen-fenix-52\/#primaryimage"},"image":{"@id":"https:\/\/bogensportdiscount.ch\/it\/prodotto\/touchwood-langbogen-fenix-52\/#primaryimage"},"thumbnailUrl":"https:\/\/bogensportdiscount.ch\/wp-content\/uploads\/bsm-images\/A019853_1.png","datePublished":"2026-04-05T12:40:32+00:00","dateModified":"2026-04-19T09:53:50+00:00","breadcrumb":{"@id":"https:\/\/bogensportdiscount.ch\/it\/prodotto\/touchwood-langbogen-fenix-52\/#breadcrumb"},"inLanguage":"it-IT","potentialAction":[{"@type":"ReadAction","target":["https:\/\/bogensportdiscount.ch\/it\/prodotto\/touchwood-langbogen-fenix-52\/"]}]},{"@type":"ImageObject","inLanguage":"it-IT","@id":"https:\/\/bogensportdiscount.ch\/it\/prodotto\/touchwood-langbogen-fenix-52\/#primaryimage","url":"https:\/\/bogensportdiscount.ch\/wp-content\/uploads\/bsm-images\/A019853_1.png","contentUrl":"https:\/\/bogensportdiscount.ch\/wp-content\/uploads\/bsm-images\/A019853_1.png","width":1238,"height":7260},{"@type":"BreadcrumbList","@id":"https:\/\/bogensportdiscount.ch\/it\/prodotto\/touchwood-langbogen-fenix-52\/#breadcrumb","itemListElement":[{"@type":"ListItem","position":1,"name":"Home","item":"https:\/\/bogensportdiscount.ch\/"},{"@type":"ListItem","position":2,"name":"Shop","item":"https:\/\/bogensportdiscount.ch\/shop\/"},{"@type":"ListItem","position":3,"name":"TOUCHWOOD LONGBOWS FENIX 52&#8243; LBS"}]},{"@type":"WebSite","@id":"https:\/\/bogensportdiscount.ch\/#website","url":"https:\/\/bogensportdiscount.ch\/","name":"Bogensportdiscount","description":"","potentialAction":[{"@type":"SearchAction","target":{"@type":"EntryPoint","urlTemplate":"https:\/\/bogensportdiscount.ch\/?s={search_term_string}"},"query-input":{"@type":"PropertyValueSpecification","valueRequired":true,"valueName":"search_term_string"}}],"inLanguage":"it-IT"}]}},"_links":{"self":[{"href":"https:\/\/bogensportdiscount.ch\/it\/wp-json\/wp\/v2\/product\/398180","targetHints":{"allow":["GET"]}}],"collection":[{"href":"https:\/\/bogensportdiscount.ch\/it\/wp-json\/wp\/v2\/product"}],"about":[{"href":"https:\/\/bogensportdiscount.ch\/it\/wp-json\/wp\/v2\/types\/product"}],"replies":[{"embeddable":true,"href":"https:\/\/bogensportdiscount.ch\/it\/wp-json\/wp\/v2\/comments?post=398180"}],"wp:featuredmedia":[{"embeddable":true,"href":"https:\/\/bogensportdiscount.ch\/it\/wp-json\/wp\/v2\/media\/449627"}],"wp:attachment":[{"href":"https:\/\/bogensportdiscount.ch\/it\/wp-json\/wp\/v2\/media?parent=398180"}],"wp:term":[{"taxonomy":"product_brand","embeddable":true,"href":"https:\/\/bogensportdiscount.ch\/it\/wp-json\/wp\/v2\/product_brand?post=398180"},{"taxonomy":"product_cat","embeddable":true,"href":"https:\/\/bogensportdiscount.ch\/it\/wp-json\/wp\/v2\/product_cat?post=398180"},{"taxonomy":"product_tag","embeddable":true,"href":"https:\/\/bogensportdiscount.ch\/it\/wp-json\/wp\/v2\/product_tag?post=398180"}],"curies":[{"name":"wp","href":"https:\/\/api.w.org\/{rel}","templated":true}]}}