{"id":398109,"date":"2026-04-05T14:40:26","date_gmt":"2026-04-05T12:40:26","guid":{"rendered":"https:\/\/bogensportdiscount.ch\/produkt\/nock-bushing-284-for-166-nock-x-buster-700-800-12-pk\/"},"modified":"2026-04-17T13:45:20","modified_gmt":"2026-04-17T11:45:20","slug":"carbon-express-bushing-348-fuer-244-nocke-tank-25-12er-pack","status":"publish","type":"product","link":"https:\/\/bogensportdiscount.ch\/it\/prodotto\/carbon-express-bushing-348-fuer-244-nocke-tank-25-12er-pack\/","title":{"rendered":"CARBONEXPRESS BUSHING .284 per .166 NOCK \/ X-BUSTER 700-800 12\/PK"},"content":{"rendered":"<p>Dieses Bushing von Carbon Express erm\u00f6glicht die Verwendung von .244 Nocken sowie Tank 25 Komponenten in Pfeilsch\u00e4ften mit einem .348 Innendurchmesser. Die Kunststoffbuchse wird in den Pfeilschaft eingesetzt und sorgt f\u00fcr eine passgenaue Aufnahme der Nocke.<\/p>\n<p>Das Produkt eignet sich f\u00fcr Pfeile mit den Spine-Werten 284, 318, 348 und 378. Im Lieferumfang sind 12 Bushings enthalten, was den Austausch oder die Erstausr\u00fcstung mehrerer Pfeile erm\u00f6glicht.<\/p>\n<ul>\n<li>Passend f\u00fcr .244 Nocken und Tank 25<\/li>\n<li>F\u00fcr Pfeilsch\u00e4fte mit .348 Innendurchmesser<\/li>\n<li>Kompatibel mit Spine 284, 318, 348 und 378<\/li>\n<li>12 St\u00fcck pro Packung<\/li>\n<\/ul>","protected":false},"excerpt":{"rendered":"<p><strong>Marchio:<\/strong> Carbon Express<\/p>","protected":false},"featured_media":452482,"comment_status":"open","ping_status":"closed","template":"","meta":[],"product_brand":[438],"product_cat":[4550],"product_tag":[],"class_list":{"0":"post-398109","1":"product","2":"type-product","3":"status-publish","4":"has-post-thumbnail","6":"product_brand-carbonexpress","7":"product_cat-uni-bushings-pfeil-komponenten","9":"first","10":"instock","11":"shipping-taxable","12":"purchasable","13":"product-type-variable"},"_links":{"self":[{"href":"https:\/\/bogensportdiscount.ch\/it\/wp-json\/wp\/v2\/product\/398109","targetHints":{"allow":["GET"]}}],"collection":[{"href":"https:\/\/bogensportdiscount.ch\/it\/wp-json\/wp\/v2\/product"}],"about":[{"href":"https:\/\/bogensportdiscount.ch\/it\/wp-json\/wp\/v2\/types\/product"}],"replies":[{"embeddable":true,"href":"https:\/\/bogensportdiscount.ch\/it\/wp-json\/wp\/v2\/comments?post=398109"}],"wp:featuredmedia":[{"embeddable":true,"href":"https:\/\/bogensportdiscount.ch\/it\/wp-json\/wp\/v2\/media\/452482"}],"wp:attachment":[{"href":"https:\/\/bogensportdiscount.ch\/it\/wp-json\/wp\/v2\/media?parent=398109"}],"wp:term":[{"taxonomy":"product_brand","embeddable":true,"href":"https:\/\/bogensportdiscount.ch\/it\/wp-json\/wp\/v2\/product_brand?post=398109"},{"taxonomy":"product_cat","embeddable":true,"href":"https:\/\/bogensportdiscount.ch\/it\/wp-json\/wp\/v2\/product_cat?post=398109"},{"taxonomy":"product_tag","embeddable":true,"href":"https:\/\/bogensportdiscount.ch\/it\/wp-json\/wp\/v2\/product_tag?post=398109"}],"curies":[{"name":"wp","href":"https:\/\/api.w.org\/{rel}","templated":true}]}}