{"id":398072,"date":"2026-04-05T14:40:22","date_gmt":"2026-04-05T12:40:22","guid":{"rendered":"https:\/\/bogensportdiscount.ch\/produkt\/glue-in-points-nano-pro-xtreme-stainless-steel-118-650-900-nr1-80-120grains\/"},"modified":"2026-04-17T13:45:20","modified_gmt":"2026-04-17T11:45:20","slug":"carbonexpress-einklebespitzen-nano-pro-xtreme-edelstahl-118","status":"publish","type":"product","link":"https:\/\/bogensportdiscount.ch\/it\/prodotto\/carbonexpress-einklebespitzen-nano-pro-xtreme-edelstahl-118\/","title":{"rendered":"CARBON EXPRESS NANO PRO XTREME GLUE-IN POINT"},"content":{"rendered":"<p>Die CARBONEXPRESS Nano Pro Xtreme Einklebespitzen aus Edelstahl sind auf das Schaftkaliber .118 abgestimmt und werden fest in den Pfeilschaft eingeklebt. Die Ausf\u00fchrung in Edelstahl sorgt f\u00fcr eine robuste und langlebige Verbindung zwischen Spitze und Schaft.<\/p>\n<p>Diese Spitzen sind in den Spine-St\u00e4rken 350, 500 und 650 erh\u00e4ltlich und decken damit ein breites Spektrum an Pfeilsteifigkeiten ab. Sie eignen sich f\u00fcr den Einsatz mit passenden CARBONEXPRESS Carbon-Pfeilsch\u00e4ften.<\/p>\n<ul>\n<li>Material: Edelstahl<\/li>\n<li>Kaliber: .118<\/li>\n<li>Erh\u00e4ltlich in Spine 350, 500 und 650<\/li>\n<li>Einklebemontage f\u00fcr feste Verbindung mit dem Schaft<\/li>\n<\/ul>","protected":false},"excerpt":{"rendered":"<p><strong>Marchio:<\/strong> Carbon Express<\/p>","protected":false},"featured_media":452478,"comment_status":"open","ping_status":"closed","template":"","meta":[],"product_brand":[438],"product_cat":[4543],"product_tag":[],"class_list":{"0":"post-398072","1":"product","2":"type-product","3":"status-publish","4":"has-post-thumbnail","6":"product_brand-carbonexpress","7":"product_cat-einklebe-spitzen-pfeil-komponenten","9":"first","10":"outofstock","11":"shipping-taxable","12":"purchasable","13":"product-type-variable"},"_links":{"self":[{"href":"https:\/\/bogensportdiscount.ch\/it\/wp-json\/wp\/v2\/product\/398072","targetHints":{"allow":["GET"]}}],"collection":[{"href":"https:\/\/bogensportdiscount.ch\/it\/wp-json\/wp\/v2\/product"}],"about":[{"href":"https:\/\/bogensportdiscount.ch\/it\/wp-json\/wp\/v2\/types\/product"}],"replies":[{"embeddable":true,"href":"https:\/\/bogensportdiscount.ch\/it\/wp-json\/wp\/v2\/comments?post=398072"}],"wp:featuredmedia":[{"embeddable":true,"href":"https:\/\/bogensportdiscount.ch\/it\/wp-json\/wp\/v2\/media\/452478"}],"wp:attachment":[{"href":"https:\/\/bogensportdiscount.ch\/it\/wp-json\/wp\/v2\/media?parent=398072"}],"wp:term":[{"taxonomy":"product_brand","embeddable":true,"href":"https:\/\/bogensportdiscount.ch\/it\/wp-json\/wp\/v2\/product_brand?post=398072"},{"taxonomy":"product_cat","embeddable":true,"href":"https:\/\/bogensportdiscount.ch\/it\/wp-json\/wp\/v2\/product_cat?post=398072"},{"taxonomy":"product_tag","embeddable":true,"href":"https:\/\/bogensportdiscount.ch\/it\/wp-json\/wp\/v2\/product_tag?post=398072"}],"curies":[{"name":"wp","href":"https:\/\/api.w.org\/{rel}","templated":true}]}}