{"id":398055,"date":"2026-04-05T14:40:20","date_gmt":"2026-04-05T12:40:20","guid":{"rendered":"https:\/\/bogensportdiscount.ch\/produkt\/shaft-predator-series-800-12-pk\/"},"modified":"2026-04-19T11:53:50","modified_gmt":"2026-04-19T09:53:50","slug":"carbon-express-carbon-jagdschaft-predator-series-800-12er-pack","status":"publish","type":"product","link":"https:\/\/bogensportdiscount.ch\/it\/prodotto\/carbon-express-carbon-jagdschaft-predator-series-800-12er-pack\/","title":{"rendered":"CARBONEXPRESS SCHAFT PREDATOR SERIES 800 12\/PK"},"content":{"rendered":"<p>Die Carbon Express Predator Series Sch\u00e4fte sind Carbon-Jagdsch\u00e4fte f\u00fcr Bogenj\u00e4ger, die einen zuverl\u00e4ssigen und pr\u00e4zisen Schaft suchen. Das 12er-Pack bietet eine praktische Best\u00fcckung f\u00fcr Training und Jagdeinsatz.<\/p>\n<p>Die Predator Series ist in verschiedenen Spine-Werten erh\u00e4ltlich (350, 400, 500, 600, 700, 800), womit sie f\u00fcr unterschiedliche Zuggewichte und Bogentypen geeignet ist. Der Spine-Wert 800 eignet sich f\u00fcr leichtere Zuggewichte.<\/p>\n<ul>\n<li>Carbon-Schaft f\u00fcr Jagd und 3D-Bogensport<\/li>\n<li>Spine 800 f\u00fcr leichte Zuggewichte<\/li>\n<li>12 Sch\u00e4fte pro Packung<\/li>\n<li>Prodotto in Corea del Sud<\/li>\n<\/ul>","protected":false},"excerpt":{"rendered":"<table>\n<tr>\n<th>Propriet\u00e0<\/th>\n<th>Valore<\/th>\n<\/tr>\n<tr>\n<td>Marca<\/td>\n<td>Carbon Express<\/td>\n<\/tr>\n<tr>\n<td>Modello<\/td>\n<td>Predator Series<\/td>\n<\/tr>\n<tr>\n<td>Spina<\/td>\n<td>800<\/td>\n<\/tr>\n<tr>\n<td>Contenuto della fornitura<\/td>\n<td>12 Sch\u00e4fte<\/td>\n<\/tr>\n<tr>\n<td>Paese di origine<\/td>\n<td>Corea del Sud<\/td>\n<\/tr>\n<\/table>","protected":false},"featured_media":449613,"comment_status":"open","ping_status":"closed","template":"","meta":[],"product_brand":[438],"product_cat":[4503],"product_tag":[],"class_list":{"0":"post-398055","1":"product","2":"type-product","3":"status-publish","4":"has-post-thumbnail","6":"product_brand-carbonexpress","7":"product_cat-carbon-jagd-schaefte","9":"first","10":"instock","11":"shipping-taxable","12":"purchasable","13":"product-type-variable"},"_links":{"self":[{"href":"https:\/\/bogensportdiscount.ch\/it\/wp-json\/wp\/v2\/product\/398055","targetHints":{"allow":["GET"]}}],"collection":[{"href":"https:\/\/bogensportdiscount.ch\/it\/wp-json\/wp\/v2\/product"}],"about":[{"href":"https:\/\/bogensportdiscount.ch\/it\/wp-json\/wp\/v2\/types\/product"}],"replies":[{"embeddable":true,"href":"https:\/\/bogensportdiscount.ch\/it\/wp-json\/wp\/v2\/comments?post=398055"}],"wp:featuredmedia":[{"embeddable":true,"href":"https:\/\/bogensportdiscount.ch\/it\/wp-json\/wp\/v2\/media\/449613"}],"wp:attachment":[{"href":"https:\/\/bogensportdiscount.ch\/it\/wp-json\/wp\/v2\/media?parent=398055"}],"wp:term":[{"taxonomy":"product_brand","embeddable":true,"href":"https:\/\/bogensportdiscount.ch\/it\/wp-json\/wp\/v2\/product_brand?post=398055"},{"taxonomy":"product_cat","embeddable":true,"href":"https:\/\/bogensportdiscount.ch\/it\/wp-json\/wp\/v2\/product_cat?post=398055"},{"taxonomy":"product_tag","embeddable":true,"href":"https:\/\/bogensportdiscount.ch\/it\/wp-json\/wp\/v2\/product_tag?post=398055"}],"curies":[{"name":"wp","href":"https:\/\/api.w.org\/{rel}","templated":true}]}}