{"id":398029,"date":"2026-04-05T14:40:18","date_gmt":"2026-04-05T12:40:18","guid":{"rendered":"https:\/\/bogensportdiscount.ch\/produkt\/total-peep-standard-3-32-black\/"},"modified":"2026-04-17T13:45:19","modified_gmt":"2026-04-17T11:45:19","slug":"totalpeep-peep-sight-large-1-4-schwarz","status":"publish","type":"product","link":"https:\/\/bogensportdiscount.ch\/it\/prodotto\/totalpeep-peep-sight-large-1-4-schwarz\/","title":{"rendered":"PEEP TOTALE"},"content":{"rendered":"<p>Das TOTALPEEP Peep-Sight Large in der Gr\u00f6sse 1\/4&#8243; ist ein vollst\u00e4ndiges Peep-Sight f\u00fcr Compound-B\u00f6gen. Es wird in die Bogensehne eingebaut und dient als hinteres Visier, um eine pr\u00e4zise und reproduzierbare Ankerpunkt-Ausrichtung zu gew\u00e4hrleisten.<\/p>\n<p>Das Modell ist in Schwarz gehalten und in der \u00d6ffnungsgr\u00f6sse 1\/4&#8243; erh\u00e4ltlich. Im Sortiment sind zudem weitere Durchmesser (1\/8&#8243;, 3\/16&#8243;, 3\/32&#8243;, 7\/32&#8243;) sowie verschiedene Sehnenl\u00e4ngen (4&#8243;, 8&#8243;, 16&#8243;, 32&#8243;) verf\u00fcgbar, um eine optimale Anpassung an unterschiedliche B\u00f6gen und Zugweiten zu erm\u00f6glichen.<\/p>\n<ul>\n<li>\u00d6ffnungsdurchmesser 1\/4&#8243; f\u00fcr gute Sichtfeldgr\u00f6sse<\/li>\n<li>Vollst\u00e4ndiges Peep-Sight zur direkten Montage in der Sehne<\/li>\n<li>Erh\u00e4ltlich in mehreren Durchmessern und Sehnenl\u00e4ngen<\/li>\n<li>Unauff\u00e4llige schwarze Ausf\u00fchrung<\/li>\n<\/ul>","protected":false},"excerpt":{"rendered":"<table>\n<tr>\n<th>Propriet\u00e0<\/th>\n<th>Valore<\/th>\n<\/tr>\n<tr>\n<td>Marchio<\/td>\n<td>Total Peep<\/td>\n<\/tr>\n<tr>\n<td>Dimensione<\/td>\n<td>Large<\/td>\n<\/tr>\n<tr>\n<td>Durchmesser<\/td>\n<td>1\/4&#8243;<\/td>\n<\/tr>\n<tr>\n<td>Colore<\/td>\n<td>Schwarz<\/td>\n<\/tr>\n<tr>\n<td>Herkunftsland<\/td>\n<td>Spanien<\/td>\n<\/tr>\n<\/table>","protected":false},"featured_media":449611,"comment_status":"open","ping_status":"closed","template":"","meta":[],"product_brand":[595],"product_cat":[4227],"product_tag":[],"class_list":{"0":"post-398029","1":"product","2":"type-product","3":"status-publish","4":"has-post-thumbnail","6":"product_brand-totalpeep","7":"product_cat-complete","9":"first","10":"instock","11":"shipping-taxable","12":"purchasable","13":"product-type-variable"},"_links":{"self":[{"href":"https:\/\/bogensportdiscount.ch\/it\/wp-json\/wp\/v2\/product\/398029","targetHints":{"allow":["GET"]}}],"collection":[{"href":"https:\/\/bogensportdiscount.ch\/it\/wp-json\/wp\/v2\/product"}],"about":[{"href":"https:\/\/bogensportdiscount.ch\/it\/wp-json\/wp\/v2\/types\/product"}],"replies":[{"embeddable":true,"href":"https:\/\/bogensportdiscount.ch\/it\/wp-json\/wp\/v2\/comments?post=398029"}],"wp:featuredmedia":[{"embeddable":true,"href":"https:\/\/bogensportdiscount.ch\/it\/wp-json\/wp\/v2\/media\/449611"}],"wp:attachment":[{"href":"https:\/\/bogensportdiscount.ch\/it\/wp-json\/wp\/v2\/media?parent=398029"}],"wp:term":[{"taxonomy":"product_brand","embeddable":true,"href":"https:\/\/bogensportdiscount.ch\/it\/wp-json\/wp\/v2\/product_brand?post=398029"},{"taxonomy":"product_cat","embeddable":true,"href":"https:\/\/bogensportdiscount.ch\/it\/wp-json\/wp\/v2\/product_cat?post=398029"},{"taxonomy":"product_tag","embeddable":true,"href":"https:\/\/bogensportdiscount.ch\/it\/wp-json\/wp\/v2\/product_tag?post=398029"}],"curies":[{"name":"wp","href":"https:\/\/api.w.org\/{rel}","templated":true}]}}