{"id":398025,"date":"2026-04-05T14:40:17","date_gmt":"2026-04-05T12:40:17","guid":{"rendered":"https:\/\/bogensportdiscount.ch\/produkt\/peep-sights-c17583-centra-pro-series-aluminum-1-8-black\/"},"modified":"2026-04-17T13:45:19","modified_gmt":"2026-04-17T11:45:19","slug":"truglo-peep-sight-centra-pro-series-aluminium","status":"publish","type":"product","link":"https:\/\/bogensportdiscount.ch\/it\/prodotto\/truglo-peep-sight-centra-pro-series-aluminium\/","title":{"rendered":"TRUGLO PEEP SIGHTS C17583 CENTRA PRO-SERIES ALLUMINIO \/ \/"},"content":{"rendered":"<p>Das TRUGLO Centra Pro-Series ist ein Aluminium-Peep-Sight f\u00fcr Compound-B\u00f6gen. Es ist in verschiedenen Durchmessern (1\/8, 3\/16 und 1\/4 Zoll) sowie in unterschiedlichen L\u00e4ngen (4&#8243;, 8&#8243; und 16&#8243;) erh\u00e4ltlich, sodass es sich an verschiedene Zuggewichte, Sehnenwinkel und pers\u00f6nliche Vorlieben anpassen l\u00e4sst.<\/p>\n<p>Durch die Aluminium-Konstruktion bietet das Peep-Sight ein stabiles und leichtes Sehnen-Peep, das pr\u00e4zises Zielen unterst\u00fctzt. Die Pro-Series-Ausf\u00fchrung richtet sich an Bogensch\u00fctzen, die Wert auf zuverl\u00e4ssige Materialqualit\u00e4t und konsistente Ausrichtung legen.<\/p>\n<ul>\n<li>Material: Aluminium f\u00fcr geringes Gewicht und hohe Stabilit\u00e4t<\/li>\n<li>Verschiedene Durchmesser f\u00fcr unterschiedliche Lichtverh\u00e4ltnisse und Pr\u00e4ferenzen<\/li>\n<li>Mehrere L\u00e4ngen f\u00fcr optimale Anpassung an den Sehnenwinkel<\/li>\n<li>Prodotto negli Stati Uniti<\/li>\n<\/ul>","protected":false},"excerpt":{"rendered":"<table>\n<tr>\n<th>Propriet\u00e0<\/th>\n<th>Valore<\/th>\n<\/tr>\n<tr>\n<td>Marchio<\/td>\n<td>TRUGLO<\/td>\n<\/tr>\n<tr>\n<td>Modell<\/td>\n<td>Centra Pro-Series<\/td>\n<\/tr>\n<tr>\n<td>Materiale<\/td>\n<td>Aluminium<\/td>\n<\/tr>\n<tr>\n<td>Durchmesser<\/td>\n<td>1\/8, 3\/16, 1\/4<\/td>\n<\/tr>\n<tr>\n<td>Lunghezza<\/td>\n<td>4&#8243;, 8&#8243;, 16&#8243;<\/td>\n<\/tr>\n<tr>\n<td>Origine<\/td>\n<td>USA<\/td>\n<\/tr>\n<\/table>","protected":false},"featured_media":449610,"comment_status":"open","ping_status":"closed","template":"","meta":[],"product_brand":[560],"product_cat":[4227],"product_tag":[],"class_list":{"0":"post-398025","1":"product","2":"type-product","3":"status-publish","4":"has-post-thumbnail","6":"product_brand-truglo","7":"product_cat-complete","9":"first","10":"instock","11":"shipping-taxable","12":"purchasable","13":"product-type-variable"},"_links":{"self":[{"href":"https:\/\/bogensportdiscount.ch\/it\/wp-json\/wp\/v2\/product\/398025","targetHints":{"allow":["GET"]}}],"collection":[{"href":"https:\/\/bogensportdiscount.ch\/it\/wp-json\/wp\/v2\/product"}],"about":[{"href":"https:\/\/bogensportdiscount.ch\/it\/wp-json\/wp\/v2\/types\/product"}],"replies":[{"embeddable":true,"href":"https:\/\/bogensportdiscount.ch\/it\/wp-json\/wp\/v2\/comments?post=398025"}],"wp:featuredmedia":[{"embeddable":true,"href":"https:\/\/bogensportdiscount.ch\/it\/wp-json\/wp\/v2\/media\/449610"}],"wp:attachment":[{"href":"https:\/\/bogensportdiscount.ch\/it\/wp-json\/wp\/v2\/media?parent=398025"}],"wp:term":[{"taxonomy":"product_brand","embeddable":true,"href":"https:\/\/bogensportdiscount.ch\/it\/wp-json\/wp\/v2\/product_brand?post=398025"},{"taxonomy":"product_cat","embeddable":true,"href":"https:\/\/bogensportdiscount.ch\/it\/wp-json\/wp\/v2\/product_cat?post=398025"},{"taxonomy":"product_tag","embeddable":true,"href":"https:\/\/bogensportdiscount.ch\/it\/wp-json\/wp\/v2\/product_tag?post=398025"}],"curies":[{"name":"wp","href":"https:\/\/api.w.org\/{rel}","templated":true}]}}