{"id":398020,"date":"2026-04-05T14:40:16","date_gmt":"2026-04-05T12:40:16","guid":{"rendered":"https:\/\/bogensportdiscount.ch\/produkt\/peepsight-alu-peep-anodize-black-small-1-8\/"},"modified":"2026-04-15T12:32:06","modified_gmt":"2026-04-15T10:32:06","slug":"maximal-peep-sight-alu-eloxiert-rot-small-1-8","status":"publish","type":"product","link":"https:\/\/bogensportdiscount.ch\/it\/prodotto\/maximal-peep-sight-alu-eloxiert-rot-small-1-8\/","title":{"rendered":"MAXIMAL PEEPSIGHT ALU PEEP ANODIZZATO NERO PICCOLO 1\/8"},"content":{"rendered":"<p>Das MAXIMAL Peep-Sight aus eloxiertem Aluminium ist ein kompaktes Ziel\u00f6ffnungselement, das in die Bogensehne eingebaut wird und dem Sch\u00fctzen eine pr\u00e4zise Ausrichtung zum Visier erm\u00f6glicht. Die eloxierte Oberfl\u00e4che sorgt f\u00fcr eine robuste und langlebige Beschichtung.<\/p>\n<p>Dieses Modell ist in der Gr\u00f6sse Small mit einem Innendurchmesser von 1\/8&#8243; erh\u00e4ltlich und in der auff\u00e4lligen Farbe Rot gehalten. Das Peep-Sight eignet sich f\u00fcr Compound-B\u00f6gen und wird direkt in die Sehne eingeflochten.<\/p>\n<ul>\n<li>Material: Aluminium mit eloxierter Oberfl\u00e4che<\/li>\n<li>Innendurchmesser: 1\/8&#8243;<\/li>\n<li>Gr\u00f6sse: Small<\/li>\n<li>Farbe: Rot<\/li>\n<\/ul>","protected":false},"excerpt":{"rendered":"<table>\n<tr>\n<th>Propriet\u00e0<\/th>\n<th>Valore<\/th>\n<\/tr>\n<tr>\n<td>Marchio<\/td>\n<td>Maximal<\/td>\n<\/tr>\n<tr>\n<td>Materiale<\/td>\n<td>Aluminium, eloxiert<\/td>\n<\/tr>\n<tr>\n<td>Colore<\/td>\n<td>Rot<\/td>\n<\/tr>\n<tr>\n<td>Dimensione<\/td>\n<td>Piccolo<\/td>\n<\/tr>\n<tr>\n<td>Durchmesser<\/td>\n<td>1\/8&#8243;<\/td>\n<\/tr>\n<\/table>","protected":false},"featured_media":449609,"comment_status":"open","ping_status":"closed","template":"","meta":[],"product_brand":[780],"product_cat":[4227],"product_tag":[],"class_list":{"0":"post-398020","1":"product","2":"type-product","3":"status-publish","4":"has-post-thumbnail","6":"product_brand-maximal","7":"product_cat-complete","9":"first","10":"instock","11":"shipping-taxable","12":"purchasable","13":"product-type-variable"},"_links":{"self":[{"href":"https:\/\/bogensportdiscount.ch\/it\/wp-json\/wp\/v2\/product\/398020","targetHints":{"allow":["GET"]}}],"collection":[{"href":"https:\/\/bogensportdiscount.ch\/it\/wp-json\/wp\/v2\/product"}],"about":[{"href":"https:\/\/bogensportdiscount.ch\/it\/wp-json\/wp\/v2\/types\/product"}],"replies":[{"embeddable":true,"href":"https:\/\/bogensportdiscount.ch\/it\/wp-json\/wp\/v2\/comments?post=398020"}],"wp:featuredmedia":[{"embeddable":true,"href":"https:\/\/bogensportdiscount.ch\/it\/wp-json\/wp\/v2\/media\/449609"}],"wp:attachment":[{"href":"https:\/\/bogensportdiscount.ch\/it\/wp-json\/wp\/v2\/media?parent=398020"}],"wp:term":[{"taxonomy":"product_brand","embeddable":true,"href":"https:\/\/bogensportdiscount.ch\/it\/wp-json\/wp\/v2\/product_brand?post=398020"},{"taxonomy":"product_cat","embeddable":true,"href":"https:\/\/bogensportdiscount.ch\/it\/wp-json\/wp\/v2\/product_cat?post=398020"},{"taxonomy":"product_tag","embeddable":true,"href":"https:\/\/bogensportdiscount.ch\/it\/wp-json\/wp\/v2\/product_tag?post=398020"}],"curies":[{"name":"wp","href":"https:\/\/api.w.org\/{rel}","templated":true}]}}