{"id":397987,"date":"2026-04-05T14:40:13","date_gmt":"2026-04-05T12:40:13","guid":{"rendered":"https:\/\/bogensportdiscount.ch\/produkt\/peepsight-aluminium-trupeep-micro-1-32-black\/"},"modified":"2026-04-16T12:19:56","modified_gmt":"2026-04-16T10:19:56","slug":"avalon-peep-sight-aluminium-trupeep","status":"publish","type":"product","link":"https:\/\/bogensportdiscount.ch\/it\/prodotto\/avalon-peep-sight-aluminium-trupeep\/","title":{"rendered":"AVALON PEEPSIGHT ALLUMINIO TRUPEEP"},"content":{"rendered":"<p>Das AVALON Aluminium Trupeep ist ein Peep-Sight f\u00fcr Compound-B\u00f6gen und wird direkt in die Bogensehne eingebaut. Es erm\u00f6glicht eine pr\u00e4zise und reproduzierbare Ausrichtung des Auges zur Visiereinheit beim Anschlag.<\/p>\n<p>Das Modell Trupeep ist aus Aluminium gefertigt und bietet eine solide Grundlage f\u00fcr den t\u00e4glichen Trainings- und Wettkampfeinsatz. Dank der grossen Auswahl an Durchmessern und Gr\u00f6ssen l\u00e4sst es sich optimal auf den pers\u00f6nlichen Anschlag und die Lichtverh\u00e4ltnisse abstimmen.<\/p>\n<ul>\n<li>Werkstoff: Aluminium<\/li>\n<li>Erh\u00e4ltlich in mehreren Durchmessern: 1\/32&#8243; bis 7\/32&#8243;<\/li>\n<li>Gr\u00f6ssen: S, M, L, XL, XXL<\/li>\n<li>Farben: Schwarz, Blau, Lila, Rot<\/li>\n<\/ul>","protected":false},"excerpt":{"rendered":"<p><strong>Marchio:<\/strong> Avalon<\/p>","protected":false},"featured_media":449605,"comment_status":"open","ping_status":"closed","template":"","meta":[],"product_brand":[449],"product_cat":[4227],"product_tag":[],"class_list":{"0":"post-397987","1":"product","2":"type-product","3":"status-publish","4":"has-post-thumbnail","6":"product_brand-avalon","7":"product_cat-complete","9":"first","10":"instock","11":"shipping-taxable","12":"purchasable","13":"product-type-variable"},"_links":{"self":[{"href":"https:\/\/bogensportdiscount.ch\/it\/wp-json\/wp\/v2\/product\/397987","targetHints":{"allow":["GET"]}}],"collection":[{"href":"https:\/\/bogensportdiscount.ch\/it\/wp-json\/wp\/v2\/product"}],"about":[{"href":"https:\/\/bogensportdiscount.ch\/it\/wp-json\/wp\/v2\/types\/product"}],"replies":[{"embeddable":true,"href":"https:\/\/bogensportdiscount.ch\/it\/wp-json\/wp\/v2\/comments?post=397987"}],"wp:featuredmedia":[{"embeddable":true,"href":"https:\/\/bogensportdiscount.ch\/it\/wp-json\/wp\/v2\/media\/449605"}],"wp:attachment":[{"href":"https:\/\/bogensportdiscount.ch\/it\/wp-json\/wp\/v2\/media?parent=397987"}],"wp:term":[{"taxonomy":"product_brand","embeddable":true,"href":"https:\/\/bogensportdiscount.ch\/it\/wp-json\/wp\/v2\/product_brand?post=397987"},{"taxonomy":"product_cat","embeddable":true,"href":"https:\/\/bogensportdiscount.ch\/it\/wp-json\/wp\/v2\/product_cat?post=397987"},{"taxonomy":"product_tag","embeddable":true,"href":"https:\/\/bogensportdiscount.ch\/it\/wp-json\/wp\/v2\/product_tag?post=397987"}],"curies":[{"name":"wp","href":"https:\/\/api.w.org\/{rel}","templated":true}]}}