{"id":397965,"date":"2026-04-05T14:40:11","date_gmt":"2026-04-05T12:40:11","guid":{"rendered":"https:\/\/bogensportdiscount.ch\/produkt\/compound-blade-rests-swap-edge-short-bar-one-body-lh\/"},"modified":"2026-04-17T13:45:19","modified_gmt":"2026-04-17T11:45:19","slug":"spothogg-compound-pfeilauflage-swap-edge-short-bar","status":"publish","type":"product","link":"https:\/\/bogensportdiscount.ch\/it\/prodotto\/spothogg-compound-pfeilauflage-swap-edge-short-bar\/","title":{"rendered":"LAMA COMPOSTA SPOTHOGG RIPOSA SWAP EDGE \/ BARRA CORTA \/"},"content":{"rendered":"<p>Die SPOTHOGG Swap Edge Short Bar ist eine Pfeilauflage f\u00fcr Compound-B\u00f6gen aus der Blade-Rest-Reihe von SPOTHOGG. Sie ist f\u00fcr den Einsatz mit einem kurzen Bar-System ausgelegt und passend f\u00fcr Links- wie Rechtsh\u00e4nder erh\u00e4ltlich.<\/p>\n<p>Blade Rests dieser Bauart f\u00fchren den Pfeil \u00fcber eine schmale Klinge, was ein sauberes Abl\u00f6sen des Pfeils beim Schuss erm\u00f6glicht. Die Swap-Edge-Konstruktion erlaubt einen einfachen Austausch der Klinge, ohne die gesamte Auflage neu einstellen zu m\u00fcssen.<\/p>\n<ul>\n<li>Geeignet f\u00fcr Compound-B\u00f6gen<\/li>\n<li>Short-Bar-Ausf\u00fchrung<\/li>\n<li>Disponibile per l'uso con la mano destra o sinistra<\/li>\n<li>Wechselbare Klinge (Swap Edge)<\/li>\n<\/ul>","protected":false},"excerpt":{"rendered":"<p><strong>Marchio:<\/strong> Spot-Hogg<\/p>","protected":false},"featured_media":449601,"comment_status":"open","ping_status":"closed","template":"","meta":[],"product_brand":[538],"product_cat":[4363],"product_tag":[],"class_list":{"0":"post-397965","1":"product","2":"type-product","3":"status-publish","4":"has-post-thumbnail","6":"product_brand-spothogg","7":"product_cat-compound-blade-pfeilauflage","9":"first","10":"instock","11":"shipping-taxable","12":"purchasable","13":"product-type-variable"},"_links":{"self":[{"href":"https:\/\/bogensportdiscount.ch\/it\/wp-json\/wp\/v2\/product\/397965","targetHints":{"allow":["GET"]}}],"collection":[{"href":"https:\/\/bogensportdiscount.ch\/it\/wp-json\/wp\/v2\/product"}],"about":[{"href":"https:\/\/bogensportdiscount.ch\/it\/wp-json\/wp\/v2\/types\/product"}],"replies":[{"embeddable":true,"href":"https:\/\/bogensportdiscount.ch\/it\/wp-json\/wp\/v2\/comments?post=397965"}],"wp:featuredmedia":[{"embeddable":true,"href":"https:\/\/bogensportdiscount.ch\/it\/wp-json\/wp\/v2\/media\/449601"}],"wp:attachment":[{"href":"https:\/\/bogensportdiscount.ch\/it\/wp-json\/wp\/v2\/media?parent=397965"}],"wp:term":[{"taxonomy":"product_brand","embeddable":true,"href":"https:\/\/bogensportdiscount.ch\/it\/wp-json\/wp\/v2\/product_brand?post=397965"},{"taxonomy":"product_cat","embeddable":true,"href":"https:\/\/bogensportdiscount.ch\/it\/wp-json\/wp\/v2\/product_cat?post=397965"},{"taxonomy":"product_tag","embeddable":true,"href":"https:\/\/bogensportdiscount.ch\/it\/wp-json\/wp\/v2\/product_tag?post=397965"}],"curies":[{"name":"wp","href":"https:\/\/api.w.org\/{rel}","templated":true}]}}