{"id":397961,"date":"2026-04-05T14:40:10","date_gmt":"2026-04-05T12:40:10","guid":{"rendered":"https:\/\/bogensportdiscount.ch\/produkt\/compound-blade-rests-swap-infiniti-short-bar-one-body-lh\/"},"modified":"2026-04-17T13:45:19","modified_gmt":"2026-04-17T11:45:19","slug":"spothogg-compound-blade-auflage-swap-infiniti-short-bar","status":"publish","type":"product","link":"https:\/\/bogensportdiscount.ch\/it\/prodotto\/spothogg-compound-blade-auflage-swap-infiniti-short-bar\/","title":{"rendered":"SPOTHOGG LAME COMPOSTE PER LA SOSTITUZIONE DI INFINITI \/ BARRA CORTA \/"},"content":{"rendered":"<p>Die SPOTHOGG Swap Infiniti ist eine Blade-Pfeilauflage f\u00fcr Compound-B\u00f6gen. Dank des Short Bar-Designs bietet sie eine kompakte Bauweise, die sich f\u00fcr verschiedene Bogenkonfigurationen eignet.<\/p>\n<p>Die Auflage ist in einer Rechtshand- und einer Linkshand-Version erh\u00e4ltlich, sodass sie f\u00fcr die meisten Sch\u00fctzen passend ist. Die Swap-Technologie von SPOTHOGG erm\u00f6glicht einen schnellen und unkomplizierten Austausch der Blade ohne Neueinstellung der Auflage.<\/p>\n<ul>\n<li>Blade-Design f\u00fcr Compound-B\u00f6gen<\/li>\n<li>Short Bar-Konfiguration f\u00fcr kompakte Montage<\/li>\n<li>Erh\u00e4ltlich f\u00fcr Rechts- und Linksh\u00e4nder<\/li>\n<li>Schneller Blade-Wechsel dank Swap-System<\/li>\n<\/ul>","protected":false},"excerpt":{"rendered":"<p><strong>Marchio:<\/strong> Spot-Hogg<\/p>","protected":false},"featured_media":440164,"comment_status":"open","ping_status":"closed","template":"","meta":[],"product_brand":[538],"product_cat":[4363],"product_tag":[],"class_list":{"0":"post-397961","1":"product","2":"type-product","3":"status-publish","4":"has-post-thumbnail","6":"product_brand-spothogg","7":"product_cat-compound-blade-pfeilauflage","9":"first","10":"instock","11":"shipping-taxable","12":"purchasable","13":"product-type-variable"},"_links":{"self":[{"href":"https:\/\/bogensportdiscount.ch\/it\/wp-json\/wp\/v2\/product\/397961","targetHints":{"allow":["GET"]}}],"collection":[{"href":"https:\/\/bogensportdiscount.ch\/it\/wp-json\/wp\/v2\/product"}],"about":[{"href":"https:\/\/bogensportdiscount.ch\/it\/wp-json\/wp\/v2\/types\/product"}],"replies":[{"embeddable":true,"href":"https:\/\/bogensportdiscount.ch\/it\/wp-json\/wp\/v2\/comments?post=397961"}],"wp:featuredmedia":[{"embeddable":true,"href":"https:\/\/bogensportdiscount.ch\/it\/wp-json\/wp\/v2\/media\/440164"}],"wp:attachment":[{"href":"https:\/\/bogensportdiscount.ch\/it\/wp-json\/wp\/v2\/media?parent=397961"}],"wp:term":[{"taxonomy":"product_brand","embeddable":true,"href":"https:\/\/bogensportdiscount.ch\/it\/wp-json\/wp\/v2\/product_brand?post=397961"},{"taxonomy":"product_cat","embeddable":true,"href":"https:\/\/bogensportdiscount.ch\/it\/wp-json\/wp\/v2\/product_cat?post=397961"},{"taxonomy":"product_tag","embeddable":true,"href":"https:\/\/bogensportdiscount.ch\/it\/wp-json\/wp\/v2\/product_tag?post=397961"}],"curies":[{"name":"wp","href":"https:\/\/api.w.org\/{rel}","templated":true}]}}