{"id":397958,"date":"2026-04-05T14:40:10","date_gmt":"2026-04-05T12:40:10","guid":{"rendered":"https:\/\/bogensportdiscount.ch\/produkt\/compound-blade-rests-the-edge-lh\/"},"modified":"2026-04-17T13:45:19","modified_gmt":"2026-04-17T11:45:19","slug":"spothogg-compound-pfeilauflage-the-edge","status":"publish","type":"product","link":"https:\/\/bogensportdiscount.ch\/it\/prodotto\/spothogg-compound-pfeilauflage-the-edge\/","title":{"rendered":"LA LAMA COMPOSTA SPOTHOGG APPOGGIA IL BORDO"},"content":{"rendered":"<p>Die SPOTHOGG The Edge ist eine Blade-Pfeilauflage speziell f\u00fcr Compound-B\u00f6gen. Das Blade-Design sorgt f\u00fcr eine saubere Pfeilf\u00fchrung und minimalen Kontakt mit dem Pfeil beim Abschuss, was sich positiv auf die Pr\u00e4zision auswirkt.<\/p>\n<p>Die Auflage ist in einer Ausf\u00fchrung f\u00fcr Rechtsh\u00e4nder (RH) sowie f\u00fcr Linksh\u00e4nder (LH) erh\u00e4ltlich, sodass sie f\u00fcr eine breite Palette von Sch\u00fctzen geeignet ist.<\/p>\n<ul>\n<li>Blade-Design f\u00fcr minimalen Pfeilkontakt<\/li>\n<li>F\u00fcr Compound-B\u00f6gen geeignet<\/li>\n<li>Erh\u00e4ltlich f\u00fcr Rechts- und Linkshandsch\u00fctzen<\/li>\n<\/ul>","protected":false},"excerpt":{"rendered":"<p><strong>Marchio:<\/strong> Spot-Hogg<\/p>","protected":false},"featured_media":449600,"comment_status":"open","ping_status":"closed","template":"","meta":[],"product_brand":[538],"product_cat":[4363],"product_tag":[],"class_list":{"0":"post-397958","1":"product","2":"type-product","3":"status-publish","4":"has-post-thumbnail","6":"product_brand-spothogg","7":"product_cat-compound-blade-pfeilauflage","9":"first","10":"instock","11":"shipping-taxable","12":"purchasable","13":"product-type-variable"},"_links":{"self":[{"href":"https:\/\/bogensportdiscount.ch\/it\/wp-json\/wp\/v2\/product\/397958","targetHints":{"allow":["GET"]}}],"collection":[{"href":"https:\/\/bogensportdiscount.ch\/it\/wp-json\/wp\/v2\/product"}],"about":[{"href":"https:\/\/bogensportdiscount.ch\/it\/wp-json\/wp\/v2\/types\/product"}],"replies":[{"embeddable":true,"href":"https:\/\/bogensportdiscount.ch\/it\/wp-json\/wp\/v2\/comments?post=397958"}],"wp:featuredmedia":[{"embeddable":true,"href":"https:\/\/bogensportdiscount.ch\/it\/wp-json\/wp\/v2\/media\/449600"}],"wp:attachment":[{"href":"https:\/\/bogensportdiscount.ch\/it\/wp-json\/wp\/v2\/media?parent=397958"}],"wp:term":[{"taxonomy":"product_brand","embeddable":true,"href":"https:\/\/bogensportdiscount.ch\/it\/wp-json\/wp\/v2\/product_brand?post=397958"},{"taxonomy":"product_cat","embeddable":true,"href":"https:\/\/bogensportdiscount.ch\/it\/wp-json\/wp\/v2\/product_cat?post=397958"},{"taxonomy":"product_tag","embeddable":true,"href":"https:\/\/bogensportdiscount.ch\/it\/wp-json\/wp\/v2\/product_tag?post=397958"}],"curies":[{"name":"wp","href":"https:\/\/api.w.org\/{rel}","templated":true}]}}