{"id":397939,"date":"2026-04-05T14:40:08","date_gmt":"2026-04-05T12:40:08","guid":{"rendered":"https:\/\/bogensportdiscount.ch\/produkt\/compound-drop-away-ultra-rest-hdx-rh-black\/"},"modified":"2026-04-17T13:45:18","modified_gmt":"2026-04-17T11:45:18","slug":"qad-compound-fallaway-auflage-ultra-rest-hdx","status":"publish","type":"product","link":"https:\/\/bogensportdiscount.ch\/it\/prodotto\/qad-compound-fallaway-auflage-ultra-rest-hdx\/","title":{"rendered":"QAD COMPOSTO DROP AWAY ULTRA REST HDX"},"content":{"rendered":"<p>Die QAD Ultra Rest HDX ist eine Fallaway-Pfeilauflage (Drop-Away Rest) speziell f\u00fcr den Einsatz am Compoundbogen. Fallaway-Auflagen zeichnen sich dadurch aus, dass sie beim Schuss nach unten fallen und so den Pfeil vollst\u00e4ndig freigeben \u2013 dies minimiert Kontakt und Ablenkung des Pfeils w\u00e4hrend des Schussvorgangs.<\/p>\n<p>Die Ultra Rest HDX ist in zwei Ausf\u00fchrungen f\u00fcr Rechts- und Linkshandbesch\u00fctzer erh\u00e4ltlich und kann in sechs verschiedenen Farben gew\u00e4hlt werden, sodass sie sich optisch in verschiedene Bogen-Setups integrieren l\u00e4sst.<\/p>\n<ul>\n<li>Fallaway-Mechanismus f\u00fcr maximale Pfeilfreiheit beim Schuss<\/li>\n<li>Geeignet f\u00fcr Rechts- und Linkshandbesch\u00fctzer<\/li>\n<li>Erh\u00e4ltlich in sechs Farben: Schwarz, Blau, Gr\u00fcn, Orange, Lila, Rot<\/li>\n<li>Entwickelt f\u00fcr den Einsatz am Compoundbogen<\/li>\n<\/ul>","protected":false},"excerpt":{"rendered":"<p><strong>Marchio:<\/strong> QAD<\/p>","protected":false},"featured_media":449598,"comment_status":"open","ping_status":"closed","template":"","meta":[],"product_brand":[493],"product_cat":[4233],"product_tag":[],"class_list":{"0":"post-397939","1":"product","2":"type-product","3":"status-publish","4":"has-post-thumbnail","6":"product_brand-qad","7":"product_cat-compound-drop-away-pfeilauflage","9":"first","10":"instock","11":"shipping-taxable","12":"purchasable","13":"product-type-variable"},"_links":{"self":[{"href":"https:\/\/bogensportdiscount.ch\/it\/wp-json\/wp\/v2\/product\/397939","targetHints":{"allow":["GET"]}}],"collection":[{"href":"https:\/\/bogensportdiscount.ch\/it\/wp-json\/wp\/v2\/product"}],"about":[{"href":"https:\/\/bogensportdiscount.ch\/it\/wp-json\/wp\/v2\/types\/product"}],"replies":[{"embeddable":true,"href":"https:\/\/bogensportdiscount.ch\/it\/wp-json\/wp\/v2\/comments?post=397939"}],"wp:featuredmedia":[{"embeddable":true,"href":"https:\/\/bogensportdiscount.ch\/it\/wp-json\/wp\/v2\/media\/449598"}],"wp:attachment":[{"href":"https:\/\/bogensportdiscount.ch\/it\/wp-json\/wp\/v2\/media?parent=397939"}],"wp:term":[{"taxonomy":"product_brand","embeddable":true,"href":"https:\/\/bogensportdiscount.ch\/it\/wp-json\/wp\/v2\/product_brand?post=397939"},{"taxonomy":"product_cat","embeddable":true,"href":"https:\/\/bogensportdiscount.ch\/it\/wp-json\/wp\/v2\/product_cat?post=397939"},{"taxonomy":"product_tag","embeddable":true,"href":"https:\/\/bogensportdiscount.ch\/it\/wp-json\/wp\/v2\/product_tag?post=397939"}],"curies":[{"name":"wp","href":"https:\/\/api.w.org\/{rel}","templated":true}]}}