{"id":397936,"date":"2026-04-05T14:40:08","date_gmt":"2026-04-05T12:40:08","guid":{"rendered":"https:\/\/bogensportdiscount.ch\/produkt\/compound-drop-away-ultra-rest-hunter-rh-black\/"},"modified":"2026-04-17T13:45:18","modified_gmt":"2026-04-17T11:45:18","slug":"qad-compound-fallaway-auflage-ultra-rest-hunter","status":"publish","type":"product","link":"https:\/\/bogensportdiscount.ch\/it\/prodotto\/qad-compound-fallaway-auflage-ultra-rest-hunter\/","title":{"rendered":"QAD COMPOSTO DROP AWAY ULTRA REST HUNTER"},"content":{"rendered":"<p>Die QAD Ultra Rest Hunter ist eine bew\u00e4hrte Fallaway-Pfeilauflage f\u00fcr den Compoundbogen. Das Fallaway-Prinzip bedeutet, dass die Auflage beim Abschuss nach unten f\u00e4llt und so den Pfeil w\u00e4hrend des gesamten Auszugs stabil f\u00fchrt, ohne die Befiederung zu ber\u00fchren.<\/p>\n<p>Das Modell ist sowohl f\u00fcr Rechtshand- als auch f\u00fcr Linkshandbogen erh\u00e4ltlich und l\u00e4sst sich entsprechend ausrichten. Dank des robusten Aufbaus eignet sich die Ultra Rest Hunter besonders f\u00fcr den Jagdeinsatz unter verschiedenen Bedingungen.<\/p>\n<ul>\n<li>Fallaway-Mechanismus f\u00fcr st\u00f6rungsfreien Pfeilabgang<\/li>\n<li>Geeignet f\u00fcr Rechtshand- und Linkshandbogen<\/li>\n<li>Stabile Pfeilf\u00fchrung \u00fcber den gesamten Auszug<\/li>\n<li>Ausgelegt f\u00fcr den Jagdeinsatz<\/li>\n<\/ul>","protected":false},"excerpt":{"rendered":"<p><strong>Marchio:<\/strong> QAD<\/p>","protected":false},"featured_media":440169,"comment_status":"open","ping_status":"closed","template":"","meta":[],"product_brand":[493],"product_cat":[4233],"product_tag":[],"class_list":{"0":"post-397936","1":"product","2":"type-product","3":"status-publish","4":"has-post-thumbnail","6":"product_brand-qad","7":"product_cat-compound-drop-away-pfeilauflage","9":"first","10":"instock","11":"shipping-taxable","12":"purchasable","13":"product-type-variable"},"_links":{"self":[{"href":"https:\/\/bogensportdiscount.ch\/it\/wp-json\/wp\/v2\/product\/397936","targetHints":{"allow":["GET"]}}],"collection":[{"href":"https:\/\/bogensportdiscount.ch\/it\/wp-json\/wp\/v2\/product"}],"about":[{"href":"https:\/\/bogensportdiscount.ch\/it\/wp-json\/wp\/v2\/types\/product"}],"replies":[{"embeddable":true,"href":"https:\/\/bogensportdiscount.ch\/it\/wp-json\/wp\/v2\/comments?post=397936"}],"wp:featuredmedia":[{"embeddable":true,"href":"https:\/\/bogensportdiscount.ch\/it\/wp-json\/wp\/v2\/media\/440169"}],"wp:attachment":[{"href":"https:\/\/bogensportdiscount.ch\/it\/wp-json\/wp\/v2\/media?parent=397936"}],"wp:term":[{"taxonomy":"product_brand","embeddable":true,"href":"https:\/\/bogensportdiscount.ch\/it\/wp-json\/wp\/v2\/product_brand?post=397936"},{"taxonomy":"product_cat","embeddable":true,"href":"https:\/\/bogensportdiscount.ch\/it\/wp-json\/wp\/v2\/product_cat?post=397936"},{"taxonomy":"product_tag","embeddable":true,"href":"https:\/\/bogensportdiscount.ch\/it\/wp-json\/wp\/v2\/product_tag?post=397936"}],"curies":[{"name":"wp","href":"https:\/\/api.w.org\/{rel}","templated":true}]}}