{"id":397932,"date":"2026-04-05T14:40:07","date_gmt":"2026-04-05T12:40:07","guid":{"rendered":"https:\/\/bogensportdiscount.ch\/produkt\/compound-blade-rests-horizon-launcher-rh-midnight-black\/"},"modified":"2026-04-17T13:45:18","modified_gmt":"2026-04-17T11:45:18","slug":"mybo-compound-blade-pfeilauflage-horizon-launcher","status":"publish","type":"product","link":"https:\/\/bogensportdiscount.ch\/it\/prodotto\/mybo-compound-blade-pfeilauflage-horizon-launcher\/","title":{"rendered":"MYBO LAMA COMPOSTA RIPOSA HORIZON LAUNCHER MIDNIGHT"},"content":{"rendered":"<p>Die MYBO Horizon Launcher ist eine Blade-Pfeilauflage (Blade Rest) speziell f\u00fcr den Einsatz an Compound-B\u00f6gen. Sie eignet sich sowohl f\u00fcr Rechts- als auch f\u00fcr Linkshand-Sch\u00fctzen und ist in den Farben Schwarz und Orange erh\u00e4ltlich.<\/p>\n<p>Blade-Auflagen dieser Art f\u00fchren den Pfeil zuverl\u00e4ssig und erm\u00f6glichen eine saubere Pfeilabgabe. Die Horizon Launcher ist ein Produkt des britischen Bogensport-Herstellers MYBO und richtet sich an Compound-Bogensch\u00fctzen, die eine stabile und pr\u00e4zise Pfeilauflage suchen.<\/p>\n<ul>\n<li>Geeignet f\u00fcr Compound-B\u00f6gen<\/li>\n<li>Erh\u00e4ltlich f\u00fcr Links- und Rechtshand (LH\/RH)<\/li>\n<li>Farbwahl: Schwarz oder Orange<\/li>\n<li>Hergestellt in Grossbritannien<\/li>\n<\/ul>","protected":false},"excerpt":{"rendered":"<p>Die MYBO Horizon Launcher ist eine Blade-Pfeilauflage f\u00fcr Compound-B\u00f6gen, erh\u00e4ltlich f\u00fcr Links- und Rechtshand-Sch\u00fctzen in den Farben Schwarz und Orange.<\/p>","protected":false},"featured_media":449597,"comment_status":"open","ping_status":"closed","template":"","meta":[],"product_brand":[430],"product_cat":[4363],"product_tag":[],"class_list":{"0":"post-397932","1":"product","2":"type-product","3":"status-publish","4":"has-post-thumbnail","6":"product_brand-mybo","7":"product_cat-compound-blade-pfeilauflage","9":"first","10":"instock","11":"shipping-taxable","12":"purchasable","13":"product-type-variable"},"_links":{"self":[{"href":"https:\/\/bogensportdiscount.ch\/it\/wp-json\/wp\/v2\/product\/397932","targetHints":{"allow":["GET"]}}],"collection":[{"href":"https:\/\/bogensportdiscount.ch\/it\/wp-json\/wp\/v2\/product"}],"about":[{"href":"https:\/\/bogensportdiscount.ch\/it\/wp-json\/wp\/v2\/types\/product"}],"replies":[{"embeddable":true,"href":"https:\/\/bogensportdiscount.ch\/it\/wp-json\/wp\/v2\/comments?post=397932"}],"wp:featuredmedia":[{"embeddable":true,"href":"https:\/\/bogensportdiscount.ch\/it\/wp-json\/wp\/v2\/media\/449597"}],"wp:attachment":[{"href":"https:\/\/bogensportdiscount.ch\/it\/wp-json\/wp\/v2\/media?parent=397932"}],"wp:term":[{"taxonomy":"product_brand","embeddable":true,"href":"https:\/\/bogensportdiscount.ch\/it\/wp-json\/wp\/v2\/product_brand?post=397932"},{"taxonomy":"product_cat","embeddable":true,"href":"https:\/\/bogensportdiscount.ch\/it\/wp-json\/wp\/v2\/product_cat?post=397932"},{"taxonomy":"product_tag","embeddable":true,"href":"https:\/\/bogensportdiscount.ch\/it\/wp-json\/wp\/v2\/product_tag?post=397932"}],"curies":[{"name":"wp","href":"https:\/\/api.w.org\/{rel}","templated":true}]}}