{"id":397920,"date":"2026-04-05T14:40:05","date_gmt":"2026-04-05T12:40:05","guid":{"rendered":"https:\/\/bogensportdiscount.ch\/produkt\/compound-blade-rests-infiniti-lh\/"},"modified":"2026-04-17T13:45:18","modified_gmt":"2026-04-17T11:45:18","slug":"spot-hogg-compound-blade-pfeilauflage-infiniti","status":"publish","type":"product","link":"https:\/\/bogensportdiscount.ch\/it\/prodotto\/spot-hogg-compound-blade-pfeilauflage-infiniti\/","title":{"rendered":"SPOTHOGG LAMA COMPOSTA RIPOSA INFINITI"},"content":{"rendered":"<p>Die Spot-Hogg Infiniti Blade-Pfeilauflage ist f\u00fcr Compoundb\u00f6gen konzipiert und in einer Rechtshand- sowie Linkshandausf\u00fchrung erh\u00e4ltlich. Blade-Auflagen (Drop-Away oder feste Klingenauflage) bieten einen sicheren Pfeilsitz bis zum Abschuss und minimieren den Pfeilkontakt w\u00e4hrend des Schusses.<\/p>\n<p>Als Produkt aus dem Hause Spot-Hogg steht die Infiniti f\u00fcr solide Verarbeitung und praxisorientierte Funktion im Compoundbogenschuss. Die Auflage ist sowohl f\u00fcr den Trainings- als auch f\u00fcr den Wettkampfeinsatz geeignet.<\/p>\n<ul>\n<li>Erh\u00e4ltlich f\u00fcr Rechts- und Linkshandsch\u00fctzen<\/li>\n<li>Blade-Konstruktion f\u00fcr sicheren Pfeilsitz<\/li>\n<li>Gefertigt in den USA<\/li>\n<li>Kompatibel mit Compoundb\u00f6gen<\/li>\n<\/ul>","protected":false},"excerpt":{"rendered":"<p>Die Spot-Hogg Infiniti ist eine Blade-Pfeilauflage f\u00fcr Compoundb\u00f6gen, erh\u00e4ltlich f\u00fcr Rechts- und Linkshandsch\u00fctzen. Sie wurde in den USA gefertigt und eignet sich f\u00fcr den pr\u00e4zisen Einsatz im Compound-Bogensport.<\/p>","protected":false},"featured_media":449589,"comment_status":"open","ping_status":"closed","template":"","meta":[],"product_brand":[538],"product_cat":[4363],"product_tag":[],"class_list":{"0":"post-397920","1":"product","2":"type-product","3":"status-publish","4":"has-post-thumbnail","6":"product_brand-spothogg","7":"product_cat-compound-blade-pfeilauflage","9":"first","10":"instock","11":"shipping-taxable","12":"purchasable","13":"product-type-variable"},"_links":{"self":[{"href":"https:\/\/bogensportdiscount.ch\/it\/wp-json\/wp\/v2\/product\/397920","targetHints":{"allow":["GET"]}}],"collection":[{"href":"https:\/\/bogensportdiscount.ch\/it\/wp-json\/wp\/v2\/product"}],"about":[{"href":"https:\/\/bogensportdiscount.ch\/it\/wp-json\/wp\/v2\/types\/product"}],"replies":[{"embeddable":true,"href":"https:\/\/bogensportdiscount.ch\/it\/wp-json\/wp\/v2\/comments?post=397920"}],"wp:featuredmedia":[{"embeddable":true,"href":"https:\/\/bogensportdiscount.ch\/it\/wp-json\/wp\/v2\/media\/449589"}],"wp:attachment":[{"href":"https:\/\/bogensportdiscount.ch\/it\/wp-json\/wp\/v2\/media?parent=397920"}],"wp:term":[{"taxonomy":"product_brand","embeddable":true,"href":"https:\/\/bogensportdiscount.ch\/it\/wp-json\/wp\/v2\/product_brand?post=397920"},{"taxonomy":"product_cat","embeddable":true,"href":"https:\/\/bogensportdiscount.ch\/it\/wp-json\/wp\/v2\/product_cat?post=397920"},{"taxonomy":"product_tag","embeddable":true,"href":"https:\/\/bogensportdiscount.ch\/it\/wp-json\/wp\/v2\/product_tag?post=397920"}],"curies":[{"name":"wp","href":"https:\/\/api.w.org\/{rel}","templated":true}]}}