{"id":397905,"date":"2026-04-05T14:40:03","date_gmt":"2026-04-05T12:40:03","guid":{"rendered":"https:\/\/bogensportdiscount.ch\/produkt\/compound-blade-rests-freakshow-extension-mount-rh\/"},"modified":"2026-04-17T13:45:18","modified_gmt":"2026-04-17T11:45:18","slug":"aae-compound-pfeilauflage-freakshow-extension-mount","status":"publish","type":"product","link":"https:\/\/bogensportdiscount.ch\/it\/prodotto\/aae-compound-pfeilauflage-freakshow-extension-mount\/","title":{"rendered":"AAE LAMA COMPOSTA RIPOSA FREAKSHOW"},"content":{"rendered":"<p>Die AAE Freakshow Extension Mount ist eine Blade-Pfeilauflage (Blade Rest) speziell f\u00fcr den Einsatz an Compound-B\u00f6gen. Sie wird inklusive Extension Mount geliefert, was eine flexible Montageposition am Bogen erm\u00f6glicht.<\/p>\n<p>Das Modell ist sowohl f\u00fcr Rechtshand- als auch f\u00fcr Linkshandbogensch\u00fctzen erh\u00e4ltlich. Die Pfeilauflage eignet sich f\u00fcr Bogensch\u00fctzen, die eine zuverl\u00e4ssige und stabile Auflagenl\u00f6sung f\u00fcr ihr Compound-Setup suchen.<\/p>\n<ul>\n<li>Blade-Pfeilauflage f\u00fcr Compound-B\u00f6gen<\/li>\n<li>Inklusive Extension Mount<\/li>\n<li>Erh\u00e4ltlich in Rechtshand (RH) und Linkshand (LH)<\/li>\n<\/ul>","protected":false},"excerpt":{"rendered":"<p><strong>Marchio:<\/strong> AAE<\/p>","protected":false},"featured_media":440175,"comment_status":"open","ping_status":"closed","template":"","meta":[],"product_brand":[517],"product_cat":[4363],"product_tag":[],"class_list":{"0":"post-397905","1":"product","2":"type-product","3":"status-publish","4":"has-post-thumbnail","6":"product_brand-aae","7":"product_cat-compound-blade-pfeilauflage","9":"first","10":"instock","11":"shipping-taxable","12":"purchasable","13":"product-type-variable"},"_links":{"self":[{"href":"https:\/\/bogensportdiscount.ch\/it\/wp-json\/wp\/v2\/product\/397905","targetHints":{"allow":["GET"]}}],"collection":[{"href":"https:\/\/bogensportdiscount.ch\/it\/wp-json\/wp\/v2\/product"}],"about":[{"href":"https:\/\/bogensportdiscount.ch\/it\/wp-json\/wp\/v2\/types\/product"}],"replies":[{"embeddable":true,"href":"https:\/\/bogensportdiscount.ch\/it\/wp-json\/wp\/v2\/comments?post=397905"}],"wp:featuredmedia":[{"embeddable":true,"href":"https:\/\/bogensportdiscount.ch\/it\/wp-json\/wp\/v2\/media\/440175"}],"wp:attachment":[{"href":"https:\/\/bogensportdiscount.ch\/it\/wp-json\/wp\/v2\/media?parent=397905"}],"wp:term":[{"taxonomy":"product_brand","embeddable":true,"href":"https:\/\/bogensportdiscount.ch\/it\/wp-json\/wp\/v2\/product_brand?post=397905"},{"taxonomy":"product_cat","embeddable":true,"href":"https:\/\/bogensportdiscount.ch\/it\/wp-json\/wp\/v2\/product_cat?post=397905"},{"taxonomy":"product_tag","embeddable":true,"href":"https:\/\/bogensportdiscount.ch\/it\/wp-json\/wp\/v2\/product_tag?post=397905"}],"curies":[{"name":"wp","href":"https:\/\/api.w.org\/{rel}","templated":true}]}}