{"id":397866,"date":"2026-04-05T14:39:58","date_gmt":"2026-04-05T12:39:58","guid":{"rendered":"https:\/\/bogensportdiscount.ch\/produkt\/knive-sharpener-od-green\/"},"modified":"2026-04-17T13:45:17","modified_gmt":"2026-04-17T11:45:17","slug":"accusharp-messerscharfer-od-green","status":"publish","type":"product","link":"https:\/\/bogensportdiscount.ch\/it\/prodotto\/accusharp-messerscharfer-od-green\/","title":{"rendered":"ACCUSHARP AFFILA COLTELLI OD"},"content":{"rendered":"<p>Der AccuSharp Messersch\u00e4rfer ist ein robuster und handlicher Sch\u00e4rfer f\u00fcr den Einsatz im Freien. Er eignet sich f\u00fcr Jagdmesser und allgemeine Outdoor-Messer und l\u00e4sst sich einfach und sicher bedienen.<\/p>\n<p>Das Modell in OD Green ist speziell auf den Bedarf von J\u00e4gern und Outdoor-Enthusiasten ausgerichtet. Das Produkt stammt aus US-amerikanischer Herstellung und steht f\u00fcr solide Verarbeitungsqualit\u00e4t.<\/p>\n<ul>\n<li>Kompaktes, handliches Design<\/li>\n<li>Geeignet f\u00fcr Jagd- und Outdoormesser<\/li>\n<li>Einfache Handhabung<\/li>\n<li>Prodotto negli Stati Uniti<\/li>\n<\/ul>","protected":false},"excerpt":{"rendered":"<p>Der AccuSharp Messersch\u00e4rfer ist ein kompakter Handsch\u00e4rfer f\u00fcr Messer, geeignet f\u00fcr den Einsatz in Jagd und Outdoor. Erh\u00e4ltlich in OD Green und Orange.<\/p>","protected":false},"featured_media":449569,"comment_status":"open","ping_status":"closed","template":"","meta":[],"product_brand":[818],"product_cat":[4231],"product_tag":[],"class_list":{"0":"post-397866","1":"product","2":"type-product","3":"status-publish","4":"has-post-thumbnail","6":"product_brand-accusharp","7":"product_cat-messerschaerfer","9":"first","10":"instock","11":"shipping-taxable","12":"purchasable","13":"product-type-variable"},"_links":{"self":[{"href":"https:\/\/bogensportdiscount.ch\/it\/wp-json\/wp\/v2\/product\/397866","targetHints":{"allow":["GET"]}}],"collection":[{"href":"https:\/\/bogensportdiscount.ch\/it\/wp-json\/wp\/v2\/product"}],"about":[{"href":"https:\/\/bogensportdiscount.ch\/it\/wp-json\/wp\/v2\/types\/product"}],"replies":[{"embeddable":true,"href":"https:\/\/bogensportdiscount.ch\/it\/wp-json\/wp\/v2\/comments?post=397866"}],"wp:featuredmedia":[{"embeddable":true,"href":"https:\/\/bogensportdiscount.ch\/it\/wp-json\/wp\/v2\/media\/449569"}],"wp:attachment":[{"href":"https:\/\/bogensportdiscount.ch\/it\/wp-json\/wp\/v2\/media?parent=397866"}],"wp:term":[{"taxonomy":"product_brand","embeddable":true,"href":"https:\/\/bogensportdiscount.ch\/it\/wp-json\/wp\/v2\/product_brand?post=397866"},{"taxonomy":"product_cat","embeddable":true,"href":"https:\/\/bogensportdiscount.ch\/it\/wp-json\/wp\/v2\/product_cat?post=397866"},{"taxonomy":"product_tag","embeddable":true,"href":"https:\/\/bogensportdiscount.ch\/it\/wp-json\/wp\/v2\/product_tag?post=397866"}],"curies":[{"name":"wp","href":"https:\/\/api.w.org\/{rel}","templated":true}]}}