{"id":397762,"date":"2026-04-05T14:39:47","date_gmt":"2026-04-05T12:39:47","guid":{"rendered":"https:\/\/bogensportdiscount.ch\/produkt\/arrow-rests-stick-on-st-300-target-rh\/"},"modified":"2026-04-16T12:04:11","modified_gmt":"2026-04-16T10:04:11","slug":"aae-klebeauflage-st-300-target","status":"publish","type":"product","link":"https:\/\/bogensportdiscount.ch\/it\/prodotto\/aae-klebeauflage-st-300-target\/","title":{"rendered":"I SUPPORTI PER FRECCE AAE SI ATTACCANO AL BERSAGLIO ST-300"},"content":{"rendered":"<p>Die AAE ST-300 Target ist eine Stick-On Pfeilauflage, die speziell f\u00fcr den Einsatz am Recurvebogen im Targetbereich konzipiert wurde. Dank der selbstklebenden Befestigung l\u00e4sst sie sich einfach und sauber auf dem Bogenriser anbringen.<\/p>\n<p>Die Auflage ist in zwei Ausf\u00fchrungen erh\u00e4ltlich \u2013 f\u00fcr Rechtshand- und Linkshandbogensch\u00fctzen \u2013 und eignet sich sowohl f\u00fcr den Trainings- als auch f\u00fcr den Wettkampfeinsatz.<\/p>\n<ul>\n<li>Selbstklebende Befestigung (Stick-On)<\/li>\n<li>F\u00fcr Rechtshand und Linkshand erh\u00e4ltlich<\/li>\n<li>Geeignet f\u00fcr Recurvebogen<\/li>\n<li>Prodotto negli Stati Uniti<\/li>\n<\/ul>","protected":false},"excerpt":{"rendered":"<p>Die AAE ST-300 Target ist eine selbstklebende Pfeilauflage f\u00fcr Recurvebogen. Erh\u00e4ltlich f\u00fcr Rechtshand- und Linkshandbogensch\u00fctzen. Hergestellt in den USA.<\/p>","protected":false},"featured_media":444835,"comment_status":"open","ping_status":"closed","template":"","meta":[],"product_brand":[517],"product_cat":[4229],"product_tag":[],"class_list":{"0":"post-397762","1":"product","2":"type-product","3":"status-publish","4":"has-post-thumbnail","6":"product_brand-aae","7":"product_cat-aufklebe-recurve-pfeilauflage","9":"first","10":"instock","11":"shipping-taxable","12":"purchasable","13":"product-type-variable"},"_links":{"self":[{"href":"https:\/\/bogensportdiscount.ch\/it\/wp-json\/wp\/v2\/product\/397762","targetHints":{"allow":["GET"]}}],"collection":[{"href":"https:\/\/bogensportdiscount.ch\/it\/wp-json\/wp\/v2\/product"}],"about":[{"href":"https:\/\/bogensportdiscount.ch\/it\/wp-json\/wp\/v2\/types\/product"}],"replies":[{"embeddable":true,"href":"https:\/\/bogensportdiscount.ch\/it\/wp-json\/wp\/v2\/comments?post=397762"}],"wp:featuredmedia":[{"embeddable":true,"href":"https:\/\/bogensportdiscount.ch\/it\/wp-json\/wp\/v2\/media\/444835"}],"wp:attachment":[{"href":"https:\/\/bogensportdiscount.ch\/it\/wp-json\/wp\/v2\/media?parent=397762"}],"wp:term":[{"taxonomy":"product_brand","embeddable":true,"href":"https:\/\/bogensportdiscount.ch\/it\/wp-json\/wp\/v2\/product_brand?post=397762"},{"taxonomy":"product_cat","embeddable":true,"href":"https:\/\/bogensportdiscount.ch\/it\/wp-json\/wp\/v2\/product_cat?post=397762"},{"taxonomy":"product_tag","embeddable":true,"href":"https:\/\/bogensportdiscount.ch\/it\/wp-json\/wp\/v2\/product_tag?post=397762"}],"curies":[{"name":"wp","href":"https:\/\/api.w.org\/{rel}","templated":true}]}}