{"id":397720,"date":"2026-04-05T14:39:42","date_gmt":"2026-04-05T12:39:42","guid":{"rendered":"https:\/\/bogensportdiscount.ch\/produkt\/screw-in-points-combo-5-16-55-grains-100-pk\/"},"modified":"2026-04-17T12:24:38","modified_gmt":"2026-04-17T10:24:38","slug":"saunders-schraubspitzen-combo-5-16","status":"publish","type":"product","link":"https:\/\/bogensportdiscount.ch\/it\/prodotto\/saunders-schraubspitzen-combo-5-16\/","title":{"rendered":"SAUNDERS PUNTO DI AVVITAMENTO COMBINATO 5\/16"},"content":{"rendered":"<p>Die Saunders Screw-In Points Combo 5\/16 sind Einschraubspitzen f\u00fcr Carbonpfeile mit einem Schaftdurchmesser von 5\/16 Zoll. Das Combo-Sortiment umfasst mehrere Gewichtsklassen \u2013 55, 65, 75, 85, 100 und 125 Grain \u2013 und erlaubt so eine gezielte Abstimmung des Pfeilgewichts auf das jeweilige Setup.<\/p>\n<p>Die Spitzen sind in Packungen zu 100 oder 1000 St\u00fcck erh\u00e4ltlich und eignen sich sowohl f\u00fcr den Trainings- als auch f\u00fcr den Wettkampfeinsatz.<\/p>\n<ul>\n<li>Schaftdurchmesser: 5\/16 Zoll<\/li>\n<li>Verf\u00fcgbare Gewichte: 55, 65, 75, 85, 100 und 125 Grain<\/li>\n<li>Packungsgr\u00f6ssen: 100 oder 1000 St\u00fcck<\/li>\n<li>Geeignet f\u00fcr Carbonpfeile<\/li>\n<\/ul>","protected":false},"excerpt":{"rendered":"<p><strong>Marchio:<\/strong> Saunders<\/p>","protected":false},"featured_media":452824,"comment_status":"open","ping_status":"closed","template":"","meta":[],"product_brand":[779],"product_cat":[4545],"product_tag":[],"class_list":{"0":"post-397720","1":"product","2":"type-product","3":"status-publish","4":"has-post-thumbnail","6":"product_brand-saunders","7":"product_cat-einschraube-spitzen-pfeil-komponenten","9":"first","10":"instock","11":"shipping-taxable","12":"purchasable","13":"product-type-variable"},"_links":{"self":[{"href":"https:\/\/bogensportdiscount.ch\/it\/wp-json\/wp\/v2\/product\/397720","targetHints":{"allow":["GET"]}}],"collection":[{"href":"https:\/\/bogensportdiscount.ch\/it\/wp-json\/wp\/v2\/product"}],"about":[{"href":"https:\/\/bogensportdiscount.ch\/it\/wp-json\/wp\/v2\/types\/product"}],"replies":[{"embeddable":true,"href":"https:\/\/bogensportdiscount.ch\/it\/wp-json\/wp\/v2\/comments?post=397720"}],"wp:featuredmedia":[{"embeddable":true,"href":"https:\/\/bogensportdiscount.ch\/it\/wp-json\/wp\/v2\/media\/452824"}],"wp:attachment":[{"href":"https:\/\/bogensportdiscount.ch\/it\/wp-json\/wp\/v2\/media?parent=397720"}],"wp:term":[{"taxonomy":"product_brand","embeddable":true,"href":"https:\/\/bogensportdiscount.ch\/it\/wp-json\/wp\/v2\/product_brand?post=397720"},{"taxonomy":"product_cat","embeddable":true,"href":"https:\/\/bogensportdiscount.ch\/it\/wp-json\/wp\/v2\/product_cat?post=397720"},{"taxonomy":"product_tag","embeddable":true,"href":"https:\/\/bogensportdiscount.ch\/it\/wp-json\/wp\/v2\/product_tag?post=397720"}],"curies":[{"name":"wp","href":"https:\/\/api.w.org\/{rel}","templated":true}]}}