{"id":397680,"date":"2026-04-05T14:39:38","date_gmt":"2026-04-05T12:39:38","guid":{"rendered":"https:\/\/bogensportdiscount.ch\/produkt\/recurve-strings-dyneema-d97-64-14-white-with-bcy-62x-serving\/"},"modified":"2026-04-17T15:42:10","modified_gmt":"2026-04-17T13:42:10","slug":"kinetic-recurve-sehne-dyneema-d97-70-14","status":"publish","type":"product","link":"https:\/\/bogensportdiscount.ch\/it\/prodotto\/kinetic-recurve-sehne-dyneema-d97-70-14\/","title":{"rendered":"CORDA DA RICURVO KINETIC DYNEEMA D97"},"content":{"rendered":"<p>Die KINETIC Recurve-Sehne Dyneema D97 70\/14 ist eine Bogensehne f\u00fcr Recurvebogen, gefertigt aus dem Hochleistungsmaterial Dyneema D97. Dieses Material zeichnet sich durch hohe Zugfestigkeit, geringe Dehnung und gute Witterungsbest\u00e4ndigkeit aus.<\/p>\n<p>Mit einer L\u00e4nge von 70 Zoll und einem 14-Strang-Aufbau ist diese Sehne f\u00fcr entsprechende Recurvebogen geeignet. Sie ist in den Farben Schwarz und Weiss erh\u00e4ltlich.<\/p>\n<ul>\n<li>Material: Dyneema D97<\/li>\n<li>L\u00e4nge: 70 Zoll<\/li>\n<li>14 Str\u00e4nge<\/li>\n<li>Erh\u00e4ltlich in Schwarz und Weiss<\/li>\n<\/ul>","protected":false},"excerpt":{"rendered":"<p>Die KINETIC Recurve-Sehne Dyneema D97 ist in der L\u00e4nge 70 Zoll mit 14 Str\u00e4ngen erh\u00e4ltlich. Sie ist aus Dyneema D97 gefertigt und in den Farben Schwarz und Weiss erh\u00e4ltlich.<\/p>","protected":false},"featured_media":449545,"comment_status":"open","ping_status":"closed","template":"","meta":[],"product_brand":[439],"product_cat":[4638],"product_tag":[],"class_list":{"0":"post-397680","1":"product","2":"type-product","3":"status-publish","4":"has-post-thumbnail","6":"product_brand-kinetic","7":"product_cat-recurve-strings-sehnen-kabel-bogen-zubehoer","9":"first","10":"instock","11":"shipping-taxable","12":"purchasable","13":"product-type-variable"},"_links":{"self":[{"href":"https:\/\/bogensportdiscount.ch\/it\/wp-json\/wp\/v2\/product\/397680","targetHints":{"allow":["GET"]}}],"collection":[{"href":"https:\/\/bogensportdiscount.ch\/it\/wp-json\/wp\/v2\/product"}],"about":[{"href":"https:\/\/bogensportdiscount.ch\/it\/wp-json\/wp\/v2\/types\/product"}],"replies":[{"embeddable":true,"href":"https:\/\/bogensportdiscount.ch\/it\/wp-json\/wp\/v2\/comments?post=397680"}],"wp:featuredmedia":[{"embeddable":true,"href":"https:\/\/bogensportdiscount.ch\/it\/wp-json\/wp\/v2\/media\/449545"}],"wp:attachment":[{"href":"https:\/\/bogensportdiscount.ch\/it\/wp-json\/wp\/v2\/media?parent=397680"}],"wp:term":[{"taxonomy":"product_brand","embeddable":true,"href":"https:\/\/bogensportdiscount.ch\/it\/wp-json\/wp\/v2\/product_brand?post=397680"},{"taxonomy":"product_cat","embeddable":true,"href":"https:\/\/bogensportdiscount.ch\/it\/wp-json\/wp\/v2\/product_cat?post=397680"},{"taxonomy":"product_tag","embeddable":true,"href":"https:\/\/bogensportdiscount.ch\/it\/wp-json\/wp\/v2\/product_tag?post=397680"}],"curies":[{"name":"wp","href":"https:\/\/api.w.org\/{rel}","templated":true}]}}