{"id":397601,"date":"2026-04-05T14:39:32","date_gmt":"2026-04-05T12:39:32","guid":{"rendered":"https:\/\/bogensportdiscount.ch\/produkt\/strings-for-crossbows-matrix-dynaflight-string\/"},"modified":"2026-04-20T09:06:01","modified_gmt":"2026-04-20T07:06:01","slug":"excalibur-armbrustsehne-matrix-dynaflight","status":"publish","type":"product","link":"https:\/\/bogensportdiscount.ch\/it\/prodotto\/excalibur-armbrustsehne-matrix-dynaflight\/","title":{"rendered":"EXCALIBUR SEHNEN FUER ARMBRUESTE MATRIX DYNAFLIGHT SEHNE"},"content":{"rendered":"<p>La corda Excalibur Matrix Dynaflight \u00e8 una corda di ricambio sviluppata appositamente per le balestre della serie Excalibur Matrix. Garantisce prestazioni di tiro affidabili ed \u00e8 progettata per essere un ricambio direttamente compatibile.<\/p>\n<p>La corda \u00e8 disponibile in tre colori: blu, verde e rosso. In questo modo puoi personalizzare esteticamente la balestra senza comprometterne la funzionalit\u00e0.<\/p>\n<ul>\n<li>Adatto alle balestre Excalibur Matrix<\/li>\n<li>Disponibile in Blu, Verde e Rosso<\/li>\n<li>Prodotto in Canada<\/li>\n<li>Sostituzione diretta della tendine originale<\/li>\n<\/ul>","protected":false},"excerpt":{"rendered":"<p>Corda di ricambio Excalibur per balestre della serie Matrix. La corda Dynaflight \u00e8 disponibile nei colori blu, verde e rosso ed \u00e8 stata prodotta in Canada.<\/p>","protected":false},"featured_media":449536,"comment_status":"open","ping_status":"closed","template":"","meta":[],"product_brand":[804],"product_cat":[4226],"product_tag":[],"class_list":{"0":"post-397601","1":"product","2":"type-product","3":"status-publish","4":"has-post-thumbnail","6":"product_brand-excalibur","7":"product_cat-recurve-strings","9":"first","10":"instock","11":"shipping-taxable","12":"purchasable","13":"product-type-variable"},"yoast_head":"<!-- This site is optimized with the Yoast SEO plugin v27.4 - https:\/\/yoast.com\/product\/yoast-seo-wordpress\/ -->\n<title>EXCALIBUR SEHNEN FUER ARMBRUESTE MATRIX DYNAFLIGHT SEHNE - Bogensportdiscount \u2013 B\u00f6gen, Pfeile, Targets &amp; Zubeh\u00f6r<\/title>\n<meta name=\"robots\" content=\"noindex, follow, max-snippet:-1, max-image-preview:large, max-video-preview:-1\" \/>\n<meta property=\"og:locale\" content=\"it_IT\" \/>\n<meta property=\"og:type\" content=\"article\" \/>\n<meta property=\"og:title\" content=\"EXCALIBUR SEHNEN FUER ARMBRUESTE MATRIX DYNAFLIGHT SEHNE - Bogensportdiscount \u2013 B\u00f6gen, Pfeile, Targets &amp; Zubeh\u00f6r\" \/>\n<meta property=\"og:description\" content=\"Ersatzsehne von Excalibur f\u00fcr Armbr\u00fcste der Matrix-Serie. Die Dynaflight-Sehne ist in den Farben Blau, Gr\u00fcn und Rot erh\u00e4ltlich und wurde in Kanada gefertigt.\" \/>\n<meta property=\"og:url\" content=\"https:\/\/bogensportdiscount.ch\/it\/prodotto\/excalibur-armbrustsehne-matrix-dynaflight\/\" \/>\n<meta property=\"og:site_name\" content=\"Bogensportdiscount \u2013 B\u00f6gen, Pfeile, Targets &amp; Zubeh\u00f6r\" \/>\n<meta property=\"article:modified_time\" content=\"2026-04-20T07:06:01+00:00\" \/>\n<meta property=\"og:image\" content=\"https:\/\/bogensportdiscount.ch\/wp-content\/uploads\/bsm-images\/A018178_1.jpg\" \/>\n\t<meta property=\"og:image:width\" content=\"941\" \/>\n\t<meta property=\"og:image:height\" content=\"678\" \/>\n\t<meta property=\"og:image:type\" content=\"image\/jpeg\" \/>\n<meta name=\"twitter:card\" content=\"summary_large_image\" \/>\n<script type=\"application\/ld+json\" class=\"yoast-schema-graph\">{\"@context\":\"https:\\\/\\\/schema.org\",\"@graph\":[{\"@type\":\"WebPage\",\"@id\":\"https:\\\/\\\/bogensportdiscount.ch\\\/it\\\/prodotto\\\/excalibur-armbrustsehne-matrix-dynaflight\\\/\",\"url\":\"https:\\\/\\\/bogensportdiscount.ch\\\/it\\\/prodotto\\\/excalibur-armbrustsehne-matrix-dynaflight\\\/\",\"name\":\"EXCALIBUR SEHNEN FUER ARMBRUESTE MATRIX DYNAFLIGHT SEHNE - Bogensportdiscount \u2013 B\u00f6gen, Pfeile, Targets &amp; Zubeh\u00f6r\",\"isPartOf\":{\"@id\":\"https:\\\/\\\/bogensportdiscount.ch\\\/#website\"},\"primaryImageOfPage\":{\"@id\":\"https:\\\/\\\/bogensportdiscount.ch\\\/it\\\/prodotto\\\/excalibur-armbrustsehne-matrix-dynaflight\\\/#primaryimage\"},\"image\":{\"@id\":\"https:\\\/\\\/bogensportdiscount.ch\\\/it\\\/prodotto\\\/excalibur-armbrustsehne-matrix-dynaflight\\\/#primaryimage\"},\"thumbnailUrl\":\"https:\\\/\\\/bogensportdiscount.ch\\\/wp-content\\\/uploads\\\/bsm-images\\\/A018178_1.jpg\",\"datePublished\":\"2026-04-05T12:39:32+00:00\",\"dateModified\":\"2026-04-20T07:06:01+00:00\",\"breadcrumb\":{\"@id\":\"https:\\\/\\\/bogensportdiscount.ch\\\/it\\\/prodotto\\\/excalibur-armbrustsehne-matrix-dynaflight\\\/#breadcrumb\"},\"inLanguage\":\"it-IT\",\"potentialAction\":[{\"@type\":\"ReadAction\",\"target\":[\"https:\\\/\\\/bogensportdiscount.ch\\\/it\\\/prodotto\\\/excalibur-armbrustsehne-matrix-dynaflight\\\/\"]}]},{\"@type\":\"ImageObject\",\"inLanguage\":\"it-IT\",\"@id\":\"https:\\\/\\\/bogensportdiscount.ch\\\/it\\\/prodotto\\\/excalibur-armbrustsehne-matrix-dynaflight\\\/#primaryimage\",\"url\":\"https:\\\/\\\/bogensportdiscount.ch\\\/wp-content\\\/uploads\\\/bsm-images\\\/A018178_1.jpg\",\"contentUrl\":\"https:\\\/\\\/bogensportdiscount.ch\\\/wp-content\\\/uploads\\\/bsm-images\\\/A018178_1.jpg\",\"width\":941,\"height\":678},{\"@type\":\"BreadcrumbList\",\"@id\":\"https:\\\/\\\/bogensportdiscount.ch\\\/it\\\/prodotto\\\/excalibur-armbrustsehne-matrix-dynaflight\\\/#breadcrumb\",\"itemListElement\":[{\"@type\":\"ListItem\",\"position\":1,\"name\":\"Home\",\"item\":\"https:\\\/\\\/bogensportdiscount.ch\\\/\"},{\"@type\":\"ListItem\",\"position\":2,\"name\":\"Shop\",\"item\":\"https:\\\/\\\/bogensportdiscount.ch\\\/shop\\\/\"},{\"@type\":\"ListItem\",\"position\":3,\"name\":\"EXCALIBUR SEHNEN FUER ARMBRUESTE MATRIX DYNAFLIGHT SEHNE\"}]},{\"@type\":\"WebSite\",\"@id\":\"https:\\\/\\\/bogensportdiscount.ch\\\/#website\",\"url\":\"https:\\\/\\\/bogensportdiscount.ch\\\/\",\"name\":\"Bogensportdiscount\",\"description\":\"\",\"potentialAction\":[{\"@type\":\"SearchAction\",\"target\":{\"@type\":\"EntryPoint\",\"urlTemplate\":\"https:\\\/\\\/bogensportdiscount.ch\\\/?s={search_term_string}\"},\"query-input\":{\"@type\":\"PropertyValueSpecification\",\"valueRequired\":true,\"valueName\":\"search_term_string\"}}],\"inLanguage\":\"it-IT\"}]}<\/script>\n<!-- \/ Yoast SEO plugin. -->","yoast_head_json":{"title":"EXCALIBUR SEHNEN FUER ARMBRUESTE MATRIX DYNAFLIGHT SEHNE - Bogensportdiscount \u2013 B\u00f6gen, Pfeile, Targets &amp; Zubeh\u00f6r","robots":{"index":"noindex","follow":"follow","max-snippet":"max-snippet:-1","max-image-preview":"max-image-preview:large","max-video-preview":"max-video-preview:-1"},"og_locale":"it_IT","og_type":"article","og_title":"EXCALIBUR SEHNEN FUER ARMBRUESTE MATRIX DYNAFLIGHT SEHNE - Bogensportdiscount \u2013 B\u00f6gen, Pfeile, Targets &amp; Zubeh\u00f6r","og_description":"Ersatzsehne von Excalibur f\u00fcr Armbr\u00fcste der Matrix-Serie. Die Dynaflight-Sehne ist in den Farben Blau, Gr\u00fcn und Rot erh\u00e4ltlich und wurde in Kanada gefertigt.","og_url":"https:\/\/bogensportdiscount.ch\/it\/prodotto\/excalibur-armbrustsehne-matrix-dynaflight\/","og_site_name":"Bogensportdiscount \u2013 B\u00f6gen, Pfeile, Targets &amp; Zubeh\u00f6r","article_modified_time":"2026-04-20T07:06:01+00:00","og_image":[{"width":941,"height":678,"url":"https:\/\/bogensportdiscount.ch\/wp-content\/uploads\/bsm-images\/A018178_1.jpg","type":"image\/jpeg"}],"twitter_card":"summary_large_image","schema":{"@context":"https:\/\/schema.org","@graph":[{"@type":"WebPage","@id":"https:\/\/bogensportdiscount.ch\/it\/prodotto\/excalibur-armbrustsehne-matrix-dynaflight\/","url":"https:\/\/bogensportdiscount.ch\/it\/prodotto\/excalibur-armbrustsehne-matrix-dynaflight\/","name":"EXCALIBUR SEHNEN FUER ARMBRUESTE MATRIX DYNAFLIGHT SEHNE - Bogensportdiscount \u2013 B\u00f6gen, Pfeile, Targets &amp; Zubeh\u00f6r","isPartOf":{"@id":"https:\/\/bogensportdiscount.ch\/#website"},"primaryImageOfPage":{"@id":"https:\/\/bogensportdiscount.ch\/it\/prodotto\/excalibur-armbrustsehne-matrix-dynaflight\/#primaryimage"},"image":{"@id":"https:\/\/bogensportdiscount.ch\/it\/prodotto\/excalibur-armbrustsehne-matrix-dynaflight\/#primaryimage"},"thumbnailUrl":"https:\/\/bogensportdiscount.ch\/wp-content\/uploads\/bsm-images\/A018178_1.jpg","datePublished":"2026-04-05T12:39:32+00:00","dateModified":"2026-04-20T07:06:01+00:00","breadcrumb":{"@id":"https:\/\/bogensportdiscount.ch\/it\/prodotto\/excalibur-armbrustsehne-matrix-dynaflight\/#breadcrumb"},"inLanguage":"it-IT","potentialAction":[{"@type":"ReadAction","target":["https:\/\/bogensportdiscount.ch\/it\/prodotto\/excalibur-armbrustsehne-matrix-dynaflight\/"]}]},{"@type":"ImageObject","inLanguage":"it-IT","@id":"https:\/\/bogensportdiscount.ch\/it\/prodotto\/excalibur-armbrustsehne-matrix-dynaflight\/#primaryimage","url":"https:\/\/bogensportdiscount.ch\/wp-content\/uploads\/bsm-images\/A018178_1.jpg","contentUrl":"https:\/\/bogensportdiscount.ch\/wp-content\/uploads\/bsm-images\/A018178_1.jpg","width":941,"height":678},{"@type":"BreadcrumbList","@id":"https:\/\/bogensportdiscount.ch\/it\/prodotto\/excalibur-armbrustsehne-matrix-dynaflight\/#breadcrumb","itemListElement":[{"@type":"ListItem","position":1,"name":"Home","item":"https:\/\/bogensportdiscount.ch\/"},{"@type":"ListItem","position":2,"name":"Shop","item":"https:\/\/bogensportdiscount.ch\/shop\/"},{"@type":"ListItem","position":3,"name":"EXCALIBUR SEHNEN FUER ARMBRUESTE MATRIX DYNAFLIGHT SEHNE"}]},{"@type":"WebSite","@id":"https:\/\/bogensportdiscount.ch\/#website","url":"https:\/\/bogensportdiscount.ch\/","name":"Bogensportdiscount","description":"","potentialAction":[{"@type":"SearchAction","target":{"@type":"EntryPoint","urlTemplate":"https:\/\/bogensportdiscount.ch\/?s={search_term_string}"},"query-input":{"@type":"PropertyValueSpecification","valueRequired":true,"valueName":"search_term_string"}}],"inLanguage":"it-IT"}]}},"_links":{"self":[{"href":"https:\/\/bogensportdiscount.ch\/it\/wp-json\/wp\/v2\/product\/397601","targetHints":{"allow":["GET"]}}],"collection":[{"href":"https:\/\/bogensportdiscount.ch\/it\/wp-json\/wp\/v2\/product"}],"about":[{"href":"https:\/\/bogensportdiscount.ch\/it\/wp-json\/wp\/v2\/types\/product"}],"replies":[{"embeddable":true,"href":"https:\/\/bogensportdiscount.ch\/it\/wp-json\/wp\/v2\/comments?post=397601"}],"wp:featuredmedia":[{"embeddable":true,"href":"https:\/\/bogensportdiscount.ch\/it\/wp-json\/wp\/v2\/media\/449536"}],"wp:attachment":[{"href":"https:\/\/bogensportdiscount.ch\/it\/wp-json\/wp\/v2\/media?parent=397601"}],"wp:term":[{"taxonomy":"product_brand","embeddable":true,"href":"https:\/\/bogensportdiscount.ch\/it\/wp-json\/wp\/v2\/product_brand?post=397601"},{"taxonomy":"product_cat","embeddable":true,"href":"https:\/\/bogensportdiscount.ch\/it\/wp-json\/wp\/v2\/product_cat?post=397601"},{"taxonomy":"product_tag","embeddable":true,"href":"https:\/\/bogensportdiscount.ch\/it\/wp-json\/wp\/v2\/product_tag?post=397601"}],"curies":[{"name":"wp","href":"https:\/\/api.w.org\/{rel}","templated":true}]}}