{"id":397521,"date":"2026-04-05T14:39:24","date_gmt":"2026-04-05T12:39:24","guid":{"rendered":"https:\/\/bogensportdiscount.ch\/produkt\/bow-quivers-lynx-4-classic-black\/"},"modified":"2026-04-17T13:45:11","modified_gmt":"2026-04-17T11:45:11","slug":"bohning-bogenkoecher-lynx-4","status":"publish","type":"product","link":"https:\/\/bogensportdiscount.ch\/it\/prodotto\/bohning-bogenkoecher-lynx-4\/","title":{"rendered":"FARETRE PER ARCHI BOHNING LYNX 4"},"content":{"rendered":"<p>Der BOHNING Lynx 4 Bogenk\u00f6cher ist direkt am Bogen montierbar und bietet Platz f\u00fcr 4 Pfeile. Er eignet sich f\u00fcr den Einsatz bei der Jagd sowie im Bogensportbereich und erm\u00f6glicht schnellen Zugriff auf die Pfeile direkt am Bogen.<\/p>\n<p>Der K\u00f6cher ist in zwei Farbvarianten erh\u00e4ltlich: Schwarz f\u00fcr einen klassischen, dezenten Look sowie Mossy Oak f\u00fcr einen camouflageartigen Einsatz im Freien. BOHNING ist ein etablierter US-amerikanischer Hersteller von Bogensportzubeh\u00f6r.<\/p>\n<ul>\n<li>Kapazit\u00e4t: 4 Pfeile<\/li>\n<li>Direkte Bogenmontage<\/li>\n<li>Erh\u00e4ltlich in Schwarz und Mossy Oak<\/li>\n<li>Prodotto negli Stati Uniti<\/li>\n<\/ul>","protected":false},"excerpt":{"rendered":"<p>Der BOHNING Lynx 4 ist ein Bogenk\u00f6cher f\u00fcr bis zu 4 Pfeile. Erh\u00e4ltlich in den Farben Schwarz und Mossy Oak. Das Produkt stammt aus US-amerikanischer Herstellung.<\/p>","protected":false},"featured_media":449525,"comment_status":"open","ping_status":"closed","template":"","meta":[],"product_brand":[444],"product_cat":[4163],"product_tag":[],"class_list":{"0":"post-397521","1":"product","2":"type-product","3":"status-publish","4":"has-post-thumbnail","6":"product_brand-bohning","7":"product_cat-anbaukoecher","9":"first","10":"instock","11":"shipping-taxable","12":"purchasable","13":"product-type-variable"},"_links":{"self":[{"href":"https:\/\/bogensportdiscount.ch\/it\/wp-json\/wp\/v2\/product\/397521","targetHints":{"allow":["GET"]}}],"collection":[{"href":"https:\/\/bogensportdiscount.ch\/it\/wp-json\/wp\/v2\/product"}],"about":[{"href":"https:\/\/bogensportdiscount.ch\/it\/wp-json\/wp\/v2\/types\/product"}],"replies":[{"embeddable":true,"href":"https:\/\/bogensportdiscount.ch\/it\/wp-json\/wp\/v2\/comments?post=397521"}],"wp:featuredmedia":[{"embeddable":true,"href":"https:\/\/bogensportdiscount.ch\/it\/wp-json\/wp\/v2\/media\/449525"}],"wp:attachment":[{"href":"https:\/\/bogensportdiscount.ch\/it\/wp-json\/wp\/v2\/media?parent=397521"}],"wp:term":[{"taxonomy":"product_brand","embeddable":true,"href":"https:\/\/bogensportdiscount.ch\/it\/wp-json\/wp\/v2\/product_brand?post=397521"},{"taxonomy":"product_cat","embeddable":true,"href":"https:\/\/bogensportdiscount.ch\/it\/wp-json\/wp\/v2\/product_cat?post=397521"},{"taxonomy":"product_tag","embeddable":true,"href":"https:\/\/bogensportdiscount.ch\/it\/wp-json\/wp\/v2\/product_tag?post=397521"}],"curies":[{"name":"wp","href":"https:\/\/api.w.org\/{rel}","templated":true}]}}