{"id":397477,"date":"2026-04-05T14:39:21","date_gmt":"2026-04-05T12:39:21","guid":{"rendered":"https:\/\/bogensportdiscount.ch\/produkt\/string-dampers-silencers-everlast-string-leech-black-4-pack\/"},"modified":"2026-05-14T15:25:40","modified_gmt":"2026-05-14T13:25:40","slug":"limbsaver-sehnenbaempfer-everlast-string-leech","status":"publish","type":"product","link":"https:\/\/bogensportdiscount.ch\/it\/prodotto\/limbsaver-sehnenbaempfer-everlast-string-leech\/","title":{"rendered":"LIMBSAVER SMORZATORE CORDA SILENCER EVERLAST STRING LEECH &#8211; CONFEZIONE DA 4"},"content":{"rendered":"<p>Il LIMBSAVER Everlast String Leech \u00e8 un silenziatore per corda che si fissa direttamente alla corda dell'arco. Assorbe le oscillazioni dopo lo sparo e contribuisce alla riduzione del rumore.<\/p>\n<p>Il prodotto \u00e8 realizzato con il collaudato materiale LIMBSAVER ed \u00e8 disponibile in sei colori diversi, cos\u00ec da adattarsi facilmente alle preferenze personali o alla configurazione dell'arco.<\/p>\n<ul>\n<li>Silenziatore per corda per la riduzione delle vibrazioni<\/li>\n<li>Montaggio semplice sulla corda dell'arco<\/li>\n<li>Disponibile in 6 colori: nero, verde, arancione, rosa, viola, giallo<\/li>\n<li>Prodotto negli Stati Uniti<\/li>\n<\/ul>","protected":false},"excerpt":{"rendered":"<table>\n<tr>\n<th>Propriet\u00e0<\/th>\n<th>Valore<\/th>\n<\/tr>\n<tr>\n<td>Marca<\/td>\n<td>Limbsaver<\/td>\n<\/tr>\n<tr>\n<td>Paese di origine<\/td>\n<td>USA<\/td>\n<\/tr>\n<\/table>","protected":false},"featured_media":449512,"comment_status":"open","ping_status":"closed","template":"","meta":[],"product_brand":[801],"product_cat":[4198],"product_tag":[],"class_list":{"0":"post-397477","1":"product","2":"type-product","3":"status-publish","4":"has-post-thumbnail","6":"product_brand-limbsaver","7":"product_cat-sehnen-daempfer","8":"product_shipping_class-bsd-standard","10":"first","11":"instock","12":"shipping-taxable","13":"purchasable","14":"product-type-variable"},"yoast_head":"<!-- This site is optimized with the Yoast SEO plugin v27.6 - https:\/\/yoast.com\/product\/yoast-seo-wordpress\/ -->\n<title>LIMBSAVER SEHNEN-D\u00c4MPFER SILENCER EVERLAST STRING LEECH - 4ER PACK - Bogensportdiscount \u2013 B\u00f6gen, Pfeile, Targets &amp; Zubeh\u00f6r<\/title>\n<meta name=\"description\" content=\"LIMBSAVER SEHNEN-D\u00c4MPFER SILENCER EVERLAST STRING LEECH - 4ER PACK g\u00fcnstig kaufen bei Bogensportdiscount \u2013 Top-Marken, schneller Versand aus der Schweiz.\" \/>\n<meta name=\"robots\" content=\"index, follow, max-snippet:-1, max-image-preview:large, max-video-preview:-1\" \/>\n<link rel=\"canonical\" href=\"https:\/\/bogensportdiscount.ch\/it\/prodotto\/limbsaver-sehnenbaempfer-everlast-string-leech\/\" \/>\n<meta property=\"og:locale\" content=\"it_IT\" \/>\n<meta property=\"og:type\" content=\"article\" \/>\n<meta property=\"og:title\" content=\"LIMBSAVER SEHNEN-D\u00c4MPFER SILENCER EVERLAST STRING LEECH - 4ER PACK - Bogensportdiscount \u2013 B\u00f6gen, Pfeile, Targets &amp; Zubeh\u00f6r\" \/>\n<meta property=\"og:description\" content=\"LIMBSAVER SEHNEN-D\u00c4MPFER SILENCER EVERLAST STRING LEECH - 4ER PACK g\u00fcnstig kaufen bei Bogensportdiscount \u2013 Top-Marken, schneller Versand aus der Schweiz.\" \/>\n<meta property=\"og:url\" content=\"https:\/\/bogensportdiscount.ch\/it\/prodotto\/limbsaver-sehnenbaempfer-everlast-string-leech\/\" \/>\n<meta property=\"og:site_name\" content=\"Bogensportdiscount \u2013 B\u00f6gen, Pfeile, Targets &amp; Zubeh\u00f6r\" \/>\n<meta property=\"article:modified_time\" content=\"2026-05-14T13:25:40+00:00\" \/>\n<meta property=\"og:image\" content=\"https:\/\/bogensportdiscount.ch\/wp-content\/uploads\/bsm-images\/A017424_1.png\" \/>\n\t<meta property=\"og:image:width\" content=\"1181\" \/>\n\t<meta property=\"og:image:height\" content=\"1112\" \/>\n\t<meta property=\"og:image:type\" content=\"image\/png\" \/>\n<meta name=\"twitter:card\" content=\"summary_large_image\" \/>\n<script type=\"application\/ld+json\" class=\"yoast-schema-graph\">{\"@context\":\"https:\\\/\\\/schema.org\",\"@graph\":[{\"@type\":\"WebPage\",\"@id\":\"https:\\\/\\\/bogensportdiscount.ch\\\/produkt\\\/limbsaver-sehnenbaempfer-everlast-string-leech\\\/\",\"url\":\"https:\\\/\\\/bogensportdiscount.ch\\\/produkt\\\/limbsaver-sehnenbaempfer-everlast-string-leech\\\/\",\"name\":\"LIMBSAVER SEHNEN-D\u00c4MPFER SILENCER EVERLAST STRING LEECH - 4ER PACK - Bogensportdiscount \u2013 B\u00f6gen, Pfeile, Targets &amp; Zubeh\u00f6r\",\"isPartOf\":{\"@id\":\"https:\\\/\\\/bogensportdiscount.ch\\\/#website\"},\"primaryImageOfPage\":{\"@id\":\"https:\\\/\\\/bogensportdiscount.ch\\\/produkt\\\/limbsaver-sehnenbaempfer-everlast-string-leech\\\/#primaryimage\"},\"image\":{\"@id\":\"https:\\\/\\\/bogensportdiscount.ch\\\/produkt\\\/limbsaver-sehnenbaempfer-everlast-string-leech\\\/#primaryimage\"},\"thumbnailUrl\":\"https:\\\/\\\/bogensportdiscount.ch\\\/wp-content\\\/uploads\\\/bsm-images\\\/A017424_1.png\",\"datePublished\":\"2026-04-05T12:39:21+00:00\",\"dateModified\":\"2026-05-14T13:25:40+00:00\",\"description\":\"LIMBSAVER SEHNEN-D\u00c4MPFER SILENCER EVERLAST STRING LEECH - 4ER PACK g\u00fcnstig kaufen bei Bogensportdiscount \u2013 Top-Marken, schneller Versand aus der Schweiz.\",\"breadcrumb\":{\"@id\":\"https:\\\/\\\/bogensportdiscount.ch\\\/produkt\\\/limbsaver-sehnenbaempfer-everlast-string-leech\\\/#breadcrumb\"},\"inLanguage\":\"it-IT\",\"potentialAction\":[{\"@type\":\"ReadAction\",\"target\":[\"https:\\\/\\\/bogensportdiscount.ch\\\/produkt\\\/limbsaver-sehnenbaempfer-everlast-string-leech\\\/\"]}]},{\"@type\":\"ImageObject\",\"inLanguage\":\"it-IT\",\"@id\":\"https:\\\/\\\/bogensportdiscount.ch\\\/produkt\\\/limbsaver-sehnenbaempfer-everlast-string-leech\\\/#primaryimage\",\"url\":\"https:\\\/\\\/bogensportdiscount.ch\\\/wp-content\\\/uploads\\\/bsm-images\\\/A017424_1.png\",\"contentUrl\":\"https:\\\/\\\/bogensportdiscount.ch\\\/wp-content\\\/uploads\\\/bsm-images\\\/A017424_1.png\",\"width\":1181,\"height\":1112},{\"@type\":\"BreadcrumbList\",\"@id\":\"https:\\\/\\\/bogensportdiscount.ch\\\/produkt\\\/limbsaver-sehnenbaempfer-everlast-string-leech\\\/#breadcrumb\",\"itemListElement\":[{\"@type\":\"ListItem\",\"position\":1,\"name\":\"Home\",\"item\":\"https:\\\/\\\/bogensportdiscount.ch\\\/\"},{\"@type\":\"ListItem\",\"position\":2,\"name\":\"Shop\",\"item\":\"https:\\\/\\\/bogensportdiscount.ch\\\/shop\\\/\"},{\"@type\":\"ListItem\",\"position\":3,\"name\":\"LIMBSAVER STRING DAMPERS SILENCERS EVERLAST STRING LEECH &#8211; 4 PACK\"}]},{\"@type\":\"WebSite\",\"@id\":\"https:\\\/\\\/bogensportdiscount.ch\\\/#website\",\"url\":\"https:\\\/\\\/bogensportdiscount.ch\\\/\",\"name\":\"Bogensportdiscount\",\"description\":\"\",\"potentialAction\":[{\"@type\":\"SearchAction\",\"target\":{\"@type\":\"EntryPoint\",\"urlTemplate\":\"https:\\\/\\\/bogensportdiscount.ch\\\/?s={search_term_string}\"},\"query-input\":{\"@type\":\"PropertyValueSpecification\",\"valueRequired\":true,\"valueName\":\"search_term_string\"}}],\"inLanguage\":\"it-IT\"}]}<\/script>\n<!-- \/ Yoast SEO plugin. -->","yoast_head_json":{"title":"LIMBSAVER SEHNEN-D\u00c4MPFER SILENCER EVERLAST STRING LEECH - 4ER PACK - Bogensportdiscount \u2013 B\u00f6gen, Pfeile, Targets &amp; Zubeh\u00f6r","description":"LIMBSAVER SEHNEN-D\u00c4MPFER SILENCER EVERLAST STRING LEECH - 4ER PACK g\u00fcnstig kaufen bei Bogensportdiscount \u2013 Top-Marken, schneller Versand aus der Schweiz.","robots":{"index":"index","follow":"follow","max-snippet":"max-snippet:-1","max-image-preview":"max-image-preview:large","max-video-preview":"max-video-preview:-1"},"canonical":"https:\/\/bogensportdiscount.ch\/it\/prodotto\/limbsaver-sehnenbaempfer-everlast-string-leech\/","og_locale":"it_IT","og_type":"article","og_title":"LIMBSAVER SEHNEN-D\u00c4MPFER SILENCER EVERLAST STRING LEECH - 4ER PACK - Bogensportdiscount \u2013 B\u00f6gen, Pfeile, Targets &amp; Zubeh\u00f6r","og_description":"LIMBSAVER SEHNEN-D\u00c4MPFER SILENCER EVERLAST STRING LEECH - 4ER PACK g\u00fcnstig kaufen bei Bogensportdiscount \u2013 Top-Marken, schneller Versand aus der Schweiz.","og_url":"https:\/\/bogensportdiscount.ch\/it\/prodotto\/limbsaver-sehnenbaempfer-everlast-string-leech\/","og_site_name":"Bogensportdiscount \u2013 B\u00f6gen, Pfeile, Targets &amp; Zubeh\u00f6r","article_modified_time":"2026-05-14T13:25:40+00:00","og_image":[{"width":1181,"height":1112,"url":"https:\/\/bogensportdiscount.ch\/wp-content\/uploads\/bsm-images\/A017424_1.png","type":"image\/png"}],"twitter_card":"summary_large_image","schema":{"@context":"https:\/\/schema.org","@graph":[{"@type":"WebPage","@id":"https:\/\/bogensportdiscount.ch\/produkt\/limbsaver-sehnenbaempfer-everlast-string-leech\/","url":"https:\/\/bogensportdiscount.ch\/produkt\/limbsaver-sehnenbaempfer-everlast-string-leech\/","name":"LIMBSAVER SEHNEN-D\u00c4MPFER SILENCER EVERLAST STRING LEECH - 4ER PACK - Bogensportdiscount \u2013 B\u00f6gen, Pfeile, Targets &amp; Zubeh\u00f6r","isPartOf":{"@id":"https:\/\/bogensportdiscount.ch\/#website"},"primaryImageOfPage":{"@id":"https:\/\/bogensportdiscount.ch\/produkt\/limbsaver-sehnenbaempfer-everlast-string-leech\/#primaryimage"},"image":{"@id":"https:\/\/bogensportdiscount.ch\/produkt\/limbsaver-sehnenbaempfer-everlast-string-leech\/#primaryimage"},"thumbnailUrl":"https:\/\/bogensportdiscount.ch\/wp-content\/uploads\/bsm-images\/A017424_1.png","datePublished":"2026-04-05T12:39:21+00:00","dateModified":"2026-05-14T13:25:40+00:00","description":"LIMBSAVER SEHNEN-D\u00c4MPFER SILENCER EVERLAST STRING LEECH - 4ER PACK g\u00fcnstig kaufen bei Bogensportdiscount \u2013 Top-Marken, schneller Versand aus der Schweiz.","breadcrumb":{"@id":"https:\/\/bogensportdiscount.ch\/produkt\/limbsaver-sehnenbaempfer-everlast-string-leech\/#breadcrumb"},"inLanguage":"it-IT","potentialAction":[{"@type":"ReadAction","target":["https:\/\/bogensportdiscount.ch\/produkt\/limbsaver-sehnenbaempfer-everlast-string-leech\/"]}]},{"@type":"ImageObject","inLanguage":"it-IT","@id":"https:\/\/bogensportdiscount.ch\/produkt\/limbsaver-sehnenbaempfer-everlast-string-leech\/#primaryimage","url":"https:\/\/bogensportdiscount.ch\/wp-content\/uploads\/bsm-images\/A017424_1.png","contentUrl":"https:\/\/bogensportdiscount.ch\/wp-content\/uploads\/bsm-images\/A017424_1.png","width":1181,"height":1112},{"@type":"BreadcrumbList","@id":"https:\/\/bogensportdiscount.ch\/produkt\/limbsaver-sehnenbaempfer-everlast-string-leech\/#breadcrumb","itemListElement":[{"@type":"ListItem","position":1,"name":"Home","item":"https:\/\/bogensportdiscount.ch\/"},{"@type":"ListItem","position":2,"name":"Shop","item":"https:\/\/bogensportdiscount.ch\/shop\/"},{"@type":"ListItem","position":3,"name":"LIMBSAVER STRING DAMPERS SILENCERS EVERLAST STRING LEECH &#8211; 4 PACK"}]},{"@type":"WebSite","@id":"https:\/\/bogensportdiscount.ch\/#website","url":"https:\/\/bogensportdiscount.ch\/","name":"Bogensportdiscount","description":"","potentialAction":[{"@type":"SearchAction","target":{"@type":"EntryPoint","urlTemplate":"https:\/\/bogensportdiscount.ch\/?s={search_term_string}"},"query-input":{"@type":"PropertyValueSpecification","valueRequired":true,"valueName":"search_term_string"}}],"inLanguage":"it-IT"}]}},"_links":{"self":[{"href":"https:\/\/bogensportdiscount.ch\/it\/wp-json\/wp\/v2\/product\/397477","targetHints":{"allow":["GET"]}}],"collection":[{"href":"https:\/\/bogensportdiscount.ch\/it\/wp-json\/wp\/v2\/product"}],"about":[{"href":"https:\/\/bogensportdiscount.ch\/it\/wp-json\/wp\/v2\/types\/product"}],"replies":[{"embeddable":true,"href":"https:\/\/bogensportdiscount.ch\/it\/wp-json\/wp\/v2\/comments?post=397477"}],"wp:featuredmedia":[{"embeddable":true,"href":"https:\/\/bogensportdiscount.ch\/it\/wp-json\/wp\/v2\/media\/449512"}],"wp:attachment":[{"href":"https:\/\/bogensportdiscount.ch\/it\/wp-json\/wp\/v2\/media?parent=397477"}],"wp:term":[{"taxonomy":"product_brand","embeddable":true,"href":"https:\/\/bogensportdiscount.ch\/it\/wp-json\/wp\/v2\/product_brand?post=397477"},{"taxonomy":"product_cat","embeddable":true,"href":"https:\/\/bogensportdiscount.ch\/it\/wp-json\/wp\/v2\/product_cat?post=397477"},{"taxonomy":"product_tag","embeddable":true,"href":"https:\/\/bogensportdiscount.ch\/it\/wp-json\/wp\/v2\/product_tag?post=397477"}],"curies":[{"name":"wp","href":"https:\/\/api.w.org\/{rel}","templated":true}]}}