{"id":397447,"date":"2026-04-05T14:39:18","date_gmt":"2026-04-05T12:39:18","guid":{"rendered":"https:\/\/bogensportdiscount.ch\/produkt\/arrow-26-long-with-point-black-100-pk\/"},"modified":"2026-04-17T13:45:11","modified_gmt":"2026-04-17T11:45:11","slug":"ekpoelang-pfeil-30-zoll-mit-spitze-schwarz-5er-pack","status":"publish","type":"product","link":"https:\/\/bogensportdiscount.ch\/it\/prodotto\/ekpoelang-pfeil-30-zoll-mit-spitze-schwarz-5er-pack\/","title":{"rendered":"FRECCIA EKPOELANG LUNGA 26\u2033 CON PUNTA 100\/PZ."},"content":{"rendered":"<p>Die EKPOELANG Pfeile in 30 Zoll L\u00e4nge kommen bereits mit montierter Spitze und sind in Schwarz gehalten. Das 5er-Pack eignet sich zum Ausprobieren oder zur Erg\u00e4nzung des bestehenden Pfeillagers.<\/p>\n<p>Diese Pfeile sind in verschiedenen L\u00e4ngen erh\u00e4ltlich (26, 28 und 30 Zoll) und k\u00f6nnen je nach Bedarf auch in gr\u00f6sseren Mengen von 100 St\u00fcck bezogen werden.<\/p>\n<ul>\n<li>L\u00e4nge: 30 Zoll<\/li>\n<li>Farbe: Schwarz<\/li>\n<li>Inklusive Spitze<\/li>\n<li>Packungsinhalt: 5 St\u00fcck<\/li>\n<\/ul>","protected":false},"excerpt":{"rendered":"<p><strong>Marchio:<\/strong> EK &#8211; Poelang<\/p>","protected":false},"featured_media":449505,"comment_status":"open","ping_status":"closed","template":"","meta":[],"product_brand":[471],"product_cat":[4387],"product_tag":[],"class_list":{"0":"post-397447","1":"product","2":"type-product","3":"status-publish","4":"has-post-thumbnail","6":"product_brand-ekpoelang","7":"product_cat-befiederte-glass-fieber-pfeile","9":"first","10":"instock","11":"shipping-taxable","12":"purchasable","13":"product-type-variable"},"_links":{"self":[{"href":"https:\/\/bogensportdiscount.ch\/it\/wp-json\/wp\/v2\/product\/397447","targetHints":{"allow":["GET"]}}],"collection":[{"href":"https:\/\/bogensportdiscount.ch\/it\/wp-json\/wp\/v2\/product"}],"about":[{"href":"https:\/\/bogensportdiscount.ch\/it\/wp-json\/wp\/v2\/types\/product"}],"replies":[{"embeddable":true,"href":"https:\/\/bogensportdiscount.ch\/it\/wp-json\/wp\/v2\/comments?post=397447"}],"wp:featuredmedia":[{"embeddable":true,"href":"https:\/\/bogensportdiscount.ch\/it\/wp-json\/wp\/v2\/media\/449505"}],"wp:attachment":[{"href":"https:\/\/bogensportdiscount.ch\/it\/wp-json\/wp\/v2\/media?parent=397447"}],"wp:term":[{"taxonomy":"product_brand","embeddable":true,"href":"https:\/\/bogensportdiscount.ch\/it\/wp-json\/wp\/v2\/product_brand?post=397447"},{"taxonomy":"product_cat","embeddable":true,"href":"https:\/\/bogensportdiscount.ch\/it\/wp-json\/wp\/v2\/product_cat?post=397447"},{"taxonomy":"product_tag","embeddable":true,"href":"https:\/\/bogensportdiscount.ch\/it\/wp-json\/wp\/v2\/product_tag?post=397447"}],"curies":[{"name":"wp","href":"https:\/\/api.w.org\/{rel}","templated":true}]}}