{"id":397403,"date":"2026-04-05T14:39:14","date_gmt":"2026-04-05T12:39:14","guid":{"rendered":"https:\/\/bogensportdiscount.ch\/produkt\/recurve-strings-carrera-99r-66-16-strands-twotone-white-gray\/"},"modified":"2026-04-17T13:45:10","modified_gmt":"2026-04-17T11:45:10","slug":"avalon-recurve-sehne-carrera-99r-66-zoll-16-strands","status":"publish","type":"product","link":"https:\/\/bogensportdiscount.ch\/it\/prodotto\/avalon-recurve-sehne-carrera-99r-66-zoll-16-strands\/","title":{"rendered":"CORDE AVALON RECURVE CARRERA 99R 66\u2033 16 FILI"},"content":{"rendered":"<p>Die AVALON Carrera 99R ist eine Recurve-Sehne f\u00fcr B\u00f6gen mit einer L\u00e4nge von 66 Zoll. Mit 16 Str\u00e4ngen bietet sie eine solide Grundlage f\u00fcr den Trainings- und Wettkampfeinsatz im Recurve-Bogensport.<\/p>\n<p>Die Sehne ist in mehreren Farbvarianten erh\u00e4ltlich und l\u00e4sst sich so an die pers\u00f6nlichen Vorlieben oder das Bogensystem anpassen. Als Produkt von AVALON richtet sie sich an Bogensch\u00fctzen, die eine zuverl\u00e4ssige Ersatz- oder Erstsehne f\u00fcr ihren Recurvebogen suchen.<\/p>\n<ul>\n<li>L\u00e4nge: 66 Zoll<\/li>\n<li>16 Str\u00e4nge<\/li>\n<li>Modell: Carrera 99R<\/li>\n<li>Erh\u00e4ltlich in 5 Farbvarianten<\/li>\n<\/ul>","protected":false},"excerpt":{"rendered":"<p><strong>Marchio:<\/strong> Avalon<\/p>","protected":false},"featured_media":449494,"comment_status":"open","ping_status":"closed","template":"","meta":[],"product_brand":[449],"product_cat":[4638],"product_tag":[],"class_list":{"0":"post-397403","1":"product","2":"type-product","3":"status-publish","4":"has-post-thumbnail","6":"product_brand-avalon","7":"product_cat-recurve-strings-sehnen-kabel-bogen-zubehoer","9":"first","10":"instock","11":"shipping-taxable","12":"purchasable","13":"product-type-variable"},"_links":{"self":[{"href":"https:\/\/bogensportdiscount.ch\/it\/wp-json\/wp\/v2\/product\/397403","targetHints":{"allow":["GET"]}}],"collection":[{"href":"https:\/\/bogensportdiscount.ch\/it\/wp-json\/wp\/v2\/product"}],"about":[{"href":"https:\/\/bogensportdiscount.ch\/it\/wp-json\/wp\/v2\/types\/product"}],"replies":[{"embeddable":true,"href":"https:\/\/bogensportdiscount.ch\/it\/wp-json\/wp\/v2\/comments?post=397403"}],"wp:featuredmedia":[{"embeddable":true,"href":"https:\/\/bogensportdiscount.ch\/it\/wp-json\/wp\/v2\/media\/449494"}],"wp:attachment":[{"href":"https:\/\/bogensportdiscount.ch\/it\/wp-json\/wp\/v2\/media?parent=397403"}],"wp:term":[{"taxonomy":"product_brand","embeddable":true,"href":"https:\/\/bogensportdiscount.ch\/it\/wp-json\/wp\/v2\/product_brand?post=397403"},{"taxonomy":"product_cat","embeddable":true,"href":"https:\/\/bogensportdiscount.ch\/it\/wp-json\/wp\/v2\/product_cat?post=397403"},{"taxonomy":"product_tag","embeddable":true,"href":"https:\/\/bogensportdiscount.ch\/it\/wp-json\/wp\/v2\/product_tag?post=397403"}],"curies":[{"name":"wp","href":"https:\/\/api.w.org\/{rel}","templated":true}]}}