{"id":397399,"date":"2026-04-05T14:39:14","date_gmt":"2026-04-05T12:39:14","guid":{"rendered":"https:\/\/bogensportdiscount.ch\/produkt\/recurve-strings-dynagen-white-66-14-strands-black-red-serving\/"},"modified":"2026-04-17T13:45:10","modified_gmt":"2026-04-17T11:45:10","slug":"avalon-recurve-sehne-dynagen-weiss","status":"publish","type":"product","link":"https:\/\/bogensportdiscount.ch\/it\/prodotto\/avalon-recurve-sehne-dynagen-weiss\/","title":{"rendered":"CORDE AVALON RECURVE DYNAGEN WHITE SERVING"},"content":{"rendered":"<p>Die Avalon Dynagen Recurve-Sehne ist in Weiss gehalten und deckt mit den g\u00e4ngigen L\u00e4ngen 66&#8243;, 68&#8243; und 70&#8243; die meisten Standard-Recurveb\u00f6gen ab. Die Sehne ist Teil des Avalon-Zubeh\u00f6rsortiments und f\u00fcr den regul\u00e4ren Bogensportbetrieb ausgelegt.<\/p>\n<p>Als Ersatz- oder Reservesehne l\u00e4sst sich die Dynagen unkompliziert montieren. Die verf\u00fcgbaren Farbkombinationen erm\u00f6glichen eine optische Anpassung an das Bogensystem.<\/p>\n<ul>\n<li>Erh\u00e4ltlich in 66&#8243;, 68&#8243; und 70&#8243;<\/li>\n<li>Passend f\u00fcr Recurveb\u00f6gen<\/li>\n<li>Mehrere Farbvarianten verf\u00fcgbar<\/li>\n<li>Von Avalon, einem etablierten Hersteller im Bogensport<\/li>\n<\/ul>","protected":false},"excerpt":{"rendered":"<p><strong>Marchio:<\/strong> Avalon<\/p>","protected":false},"featured_media":449492,"comment_status":"open","ping_status":"closed","template":"","meta":[],"product_brand":[449],"product_cat":[4638],"product_tag":[],"class_list":{"0":"post-397399","1":"product","2":"type-product","3":"status-publish","4":"has-post-thumbnail","6":"product_brand-avalon","7":"product_cat-recurve-strings-sehnen-kabel-bogen-zubehoer","9":"first","10":"instock","11":"shipping-taxable","12":"purchasable","13":"product-type-variable"},"_links":{"self":[{"href":"https:\/\/bogensportdiscount.ch\/it\/wp-json\/wp\/v2\/product\/397399","targetHints":{"allow":["GET"]}}],"collection":[{"href":"https:\/\/bogensportdiscount.ch\/it\/wp-json\/wp\/v2\/product"}],"about":[{"href":"https:\/\/bogensportdiscount.ch\/it\/wp-json\/wp\/v2\/types\/product"}],"replies":[{"embeddable":true,"href":"https:\/\/bogensportdiscount.ch\/it\/wp-json\/wp\/v2\/comments?post=397399"}],"wp:featuredmedia":[{"embeddable":true,"href":"https:\/\/bogensportdiscount.ch\/it\/wp-json\/wp\/v2\/media\/449492"}],"wp:attachment":[{"href":"https:\/\/bogensportdiscount.ch\/it\/wp-json\/wp\/v2\/media?parent=397399"}],"wp:term":[{"taxonomy":"product_brand","embeddable":true,"href":"https:\/\/bogensportdiscount.ch\/it\/wp-json\/wp\/v2\/product_brand?post=397399"},{"taxonomy":"product_cat","embeddable":true,"href":"https:\/\/bogensportdiscount.ch\/it\/wp-json\/wp\/v2\/product_cat?post=397399"},{"taxonomy":"product_tag","embeddable":true,"href":"https:\/\/bogensportdiscount.ch\/it\/wp-json\/wp\/v2\/product_tag?post=397399"}],"curies":[{"name":"wp","href":"https:\/\/api.w.org\/{rel}","templated":true}]}}