{"id":397374,"date":"2026-04-05T14:39:11","date_gmt":"2026-04-05T12:39:11","guid":{"rendered":"https:\/\/bogensportdiscount.ch\/produkt\/recurve-strings-classic-66-14-strands-black-serving-black-gold\/"},"modified":"2026-04-17T13:45:09","modified_gmt":"2026-04-17T11:45:09","slug":"avalon-recurve-sehne-classic","status":"publish","type":"product","link":"https:\/\/bogensportdiscount.ch\/it\/prodotto\/avalon-recurve-sehne-classic\/","title":{"rendered":"CORDE AVALON RECURVE CLASSIC"},"content":{"rendered":"<p>Die Avalon Recurve-Sehne Classic ist eine solide Standardsehne f\u00fcr Recurve-B\u00f6gen. Sie ist in drei g\u00e4ngigen Sehnenl\u00e4ngen erh\u00e4ltlich und eignet sich sowohl f\u00fcr Einsteiger als auch f\u00fcr fortgeschrittene Sch\u00fctzen im regelm\u00e4ssigen Trainingsbetrieb.<\/p>\n<p>Hergestellt in Spanien, bietet die Classic eine zuverl\u00e4ssige Grundlage f\u00fcr den t\u00e4glichen Bogensport. Die Auswahl der passenden Sehnenl\u00e4nge richtet sich nach der Bogenl\u00e4nge des verwendeten Recurve-Bogens.<\/p>\n<ul>\n<li>Erh\u00e4ltlich in 66&#8243;, 68&#8243; und 70&#8243;<\/li>\n<li>Geeignet f\u00fcr Recurve-B\u00f6gen<\/li>\n<li>Hergestellt in Spanien<\/li>\n<\/ul>","protected":false},"excerpt":{"rendered":"<p>Die Avalon Classic ist eine Recurve-Bogensehne f\u00fcr den t\u00e4glichen Einsatz im Training und Wettkampf. Erh\u00e4ltlich in den L\u00e4ngen 66&#8243;, 68&#8243; und 70&#8243;.<\/p>","protected":false},"featured_media":449479,"comment_status":"open","ping_status":"closed","template":"","meta":[],"product_brand":[449],"product_cat":[4638],"product_tag":[],"class_list":{"0":"post-397374","1":"product","2":"type-product","3":"status-publish","4":"has-post-thumbnail","6":"product_brand-avalon","7":"product_cat-recurve-strings-sehnen-kabel-bogen-zubehoer","9":"first","10":"instock","11":"shipping-taxable","12":"purchasable","13":"product-type-variable"},"_links":{"self":[{"href":"https:\/\/bogensportdiscount.ch\/it\/wp-json\/wp\/v2\/product\/397374","targetHints":{"allow":["GET"]}}],"collection":[{"href":"https:\/\/bogensportdiscount.ch\/it\/wp-json\/wp\/v2\/product"}],"about":[{"href":"https:\/\/bogensportdiscount.ch\/it\/wp-json\/wp\/v2\/types\/product"}],"replies":[{"embeddable":true,"href":"https:\/\/bogensportdiscount.ch\/it\/wp-json\/wp\/v2\/comments?post=397374"}],"wp:featuredmedia":[{"embeddable":true,"href":"https:\/\/bogensportdiscount.ch\/it\/wp-json\/wp\/v2\/media\/449479"}],"wp:attachment":[{"href":"https:\/\/bogensportdiscount.ch\/it\/wp-json\/wp\/v2\/media?parent=397374"}],"wp:term":[{"taxonomy":"product_brand","embeddable":true,"href":"https:\/\/bogensportdiscount.ch\/it\/wp-json\/wp\/v2\/product_brand?post=397374"},{"taxonomy":"product_cat","embeddable":true,"href":"https:\/\/bogensportdiscount.ch\/it\/wp-json\/wp\/v2\/product_cat?post=397374"},{"taxonomy":"product_tag","embeddable":true,"href":"https:\/\/bogensportdiscount.ch\/it\/wp-json\/wp\/v2\/product_tag?post=397374"}],"curies":[{"name":"wp","href":"https:\/\/api.w.org\/{rel}","templated":true}]}}