{"id":397371,"date":"2026-04-05T14:39:11","date_gmt":"2026-04-05T12:39:11","guid":{"rendered":"https:\/\/bogensportdiscount.ch\/produkt\/o-rings-4-x-2-mm-for-scopes-8-32-and-m4\/"},"modified":"2026-04-17T13:45:09","modified_gmt":"2026-04-17T11:45:09","slug":"beiter-o-ringe-4x2mm-scopes-8-32-m4","status":"publish","type":"product","link":"https:\/\/bogensportdiscount.ch\/it\/prodotto\/beiter-o-ringe-4x2mm-scopes-8-32-m4\/","title":{"rendered":"O-RING BEITER 4 X 2 MM PER CANNOCCHIALI 8\/32 E M4"},"content":{"rendered":"<p>Die Beiter O-Ringe in der Gr\u00f6sse 4 x 2 mm sind hochwertige Verschleissteile f\u00fcr die Befestigung und das Tuning von Compound-Scopes. Sie eignen sich f\u00fcr Gewinde der Gr\u00f6sse 8\/32 und M4 und bieten eine zuverl\u00e4ssige Fixierung von Visierkomponenten.<\/p>\n<p>Als Original-Zubeh\u00f6r des renommierten deutschen Herstellers Beiter garantieren diese O-Ringe Passgenauigkeit und Langlebigkeit. Sie sind ein unverzichtbares Wartungszubeh\u00f6r f\u00fcr ambitionierte Bogensch\u00fctzen, die ihre Ausr\u00fcstung optimal einstellen m\u00f6chten.<\/p>","protected":false},"excerpt":{"rendered":"<table>\n<tr>\n<th>Propriet\u00e0<\/th>\n<th>Valore<\/th>\n<\/tr>\n<tr>\n<td>Marchio<\/td>\n<td>Beiter<\/td>\n<\/tr>\n<tr>\n<td>Dimensione<\/td>\n<td>4 x 2 mm<\/td>\n<\/tr>\n<tr>\n<td>Kompatibilit\u00e4t<\/td>\n<td>Scopes 8\/32 und M4<\/td>\n<\/tr>\n<tr>\n<td>Herkunftsland<\/td>\n<td>Deutschland<\/td>\n<\/tr>\n<\/table>","protected":false},"featured_media":449477,"comment_status":"open","ping_status":"closed","template":"","meta":[],"product_brand":[419],"product_cat":[4249],"product_tag":[],"class_list":{"0":"post-397371","1":"product","2":"type-product","3":"status-publish","4":"has-post-thumbnail","6":"product_brand-beiter","7":"product_cat-zubehoer-compound-scope","9":"first","10":"instock","11":"shipping-taxable","12":"purchasable","13":"product-type-variable"},"_links":{"self":[{"href":"https:\/\/bogensportdiscount.ch\/it\/wp-json\/wp\/v2\/product\/397371","targetHints":{"allow":["GET"]}}],"collection":[{"href":"https:\/\/bogensportdiscount.ch\/it\/wp-json\/wp\/v2\/product"}],"about":[{"href":"https:\/\/bogensportdiscount.ch\/it\/wp-json\/wp\/v2\/types\/product"}],"replies":[{"embeddable":true,"href":"https:\/\/bogensportdiscount.ch\/it\/wp-json\/wp\/v2\/comments?post=397371"}],"wp:featuredmedia":[{"embeddable":true,"href":"https:\/\/bogensportdiscount.ch\/it\/wp-json\/wp\/v2\/media\/449477"}],"wp:attachment":[{"href":"https:\/\/bogensportdiscount.ch\/it\/wp-json\/wp\/v2\/media?parent=397371"}],"wp:term":[{"taxonomy":"product_brand","embeddable":true,"href":"https:\/\/bogensportdiscount.ch\/it\/wp-json\/wp\/v2\/product_brand?post=397371"},{"taxonomy":"product_cat","embeddable":true,"href":"https:\/\/bogensportdiscount.ch\/it\/wp-json\/wp\/v2\/product_cat?post=397371"},{"taxonomy":"product_tag","embeddable":true,"href":"https:\/\/bogensportdiscount.ch\/it\/wp-json\/wp\/v2\/product_tag?post=397371"}],"curies":[{"name":"wp","href":"https:\/\/api.w.org\/{rel}","templated":true}]}}