{"id":397329,"date":"2026-04-05T14:39:06","date_gmt":"2026-04-05T12:39:06","guid":{"rendered":"https:\/\/bogensportdiscount.ch\/produkt\/peep-sight-parts-2-0-clarifier-3-64-6x-scope\/"},"modified":"2026-04-17T15:42:13","modified_gmt":"2026-04-17T13:42:13","slug":"specialty-archery-peep-sight-klarlinse-2-0-clarifier","status":"publish","type":"product","link":"https:\/\/bogensportdiscount.ch\/it\/prodotto\/specialty-archery-peep-sight-klarlinse-2-0-clarifier\/","title":{"rendered":"SPECIALIT\u00c0 TIRO CON L'ARCO 2.0 LENTE CHIARIFICATRICE"},"content":{"rendered":"<p>Die Specialty Archery 2.0 Clarifier ist eine Ersatz- bzw. Erg\u00e4nzungslinse f\u00fcr Peep-Sights im Compoundbogenschiessen. Sie wird in den Peep-Sight eingesetzt und sorgt f\u00fcr ein sch\u00e4rferes, klareres Bild des Visiers im Zielauge.<\/p>\n<p>Das Modell ist in mehreren Durchmessern (1\/32, 3\/64, 1\/16, 3\/32, 1\/8 und 1\/4) sowie verschiedenen L\u00e4ngen (4&#8243;, 8&#8243;, 16&#8243;, 32&#8243; und 64&#8243;) erh\u00e4ltlich, sodass es mit einer Vielzahl von Peep-Sight-Systemen kompatibel eingesetzt werden kann.<\/p>\n<ul>\n<li>Klarlinse zur Bildsch\u00e4rfung des Visiers<\/li>\n<li>Mehrere Durchmesser- und L\u00e4ngenvarianten verf\u00fcgbar<\/li>\n<li>Kompatibel mit g\u00e4ngigen Peep-Sight-Systemen<\/li>\n<li>Von Specialty Archery Products \u2013 einem etablierten Hersteller im Bereich Compoundzubeh\u00f6r<\/li>\n<\/ul>","protected":false},"excerpt":{"rendered":"<p><strong>Marchio:<\/strong> Specialty Archery Products<\/p>","protected":false},"featured_media":449461,"comment_status":"open","ping_status":"closed","template":"","meta":[],"product_brand":[815],"product_cat":[4224],"product_tag":[],"class_list":{"0":"post-397329","1":"product","2":"type-product","3":"status-publish","4":"has-post-thumbnail","6":"product_brand-specialtyarcheryprod","7":"product_cat-peep-einsaetze","9":"first","10":"instock","11":"shipping-taxable","12":"purchasable","13":"product-type-variable"},"_links":{"self":[{"href":"https:\/\/bogensportdiscount.ch\/it\/wp-json\/wp\/v2\/product\/397329","targetHints":{"allow":["GET"]}}],"collection":[{"href":"https:\/\/bogensportdiscount.ch\/it\/wp-json\/wp\/v2\/product"}],"about":[{"href":"https:\/\/bogensportdiscount.ch\/it\/wp-json\/wp\/v2\/types\/product"}],"replies":[{"embeddable":true,"href":"https:\/\/bogensportdiscount.ch\/it\/wp-json\/wp\/v2\/comments?post=397329"}],"wp:featuredmedia":[{"embeddable":true,"href":"https:\/\/bogensportdiscount.ch\/it\/wp-json\/wp\/v2\/media\/449461"}],"wp:attachment":[{"href":"https:\/\/bogensportdiscount.ch\/it\/wp-json\/wp\/v2\/media?parent=397329"}],"wp:term":[{"taxonomy":"product_brand","embeddable":true,"href":"https:\/\/bogensportdiscount.ch\/it\/wp-json\/wp\/v2\/product_brand?post=397329"},{"taxonomy":"product_cat","embeddable":true,"href":"https:\/\/bogensportdiscount.ch\/it\/wp-json\/wp\/v2\/product_cat?post=397329"},{"taxonomy":"product_tag","embeddable":true,"href":"https:\/\/bogensportdiscount.ch\/it\/wp-json\/wp\/v2\/product_tag?post=397329"}],"curies":[{"name":"wp","href":"https:\/\/api.w.org\/{rel}","templated":true}]}}