{"id":397199,"date":"2026-04-05T14:38:52","date_gmt":"2026-04-05T12:38:52","guid":{"rendered":"https:\/\/bogensportdiscount.ch\/produkt\/twist-keeper-fluor-orange-100-pk\/"},"modified":"2026-04-17T13:45:07","modified_gmt":"2026-04-17T11:45:07","slug":"flexarchery-twist-keeper-fluor","status":"publish","type":"product","link":"https:\/\/bogensportdiscount.ch\/it\/prodotto\/flexarchery-twist-keeper-fluor\/","title":{"rendered":"PORTACHIAVI A SPIRALE FLEXARCHERY FLUOR 100\/PZ."},"content":{"rendered":"<p>Der FLEXARCHERY Twist Keeper Fluor ist ein praktisches Werkzeug aus dem Bereich Sehnenbau und Tuning. Er wird eingesetzt, um die eingestellten Twists einer Bogensehne zu sichern, damit diese ihre Form und Spannung \u00fcber l\u00e4ngere Zeit beibeh\u00e4lt.<\/p>\n<p>Das fluoreszierende Design erleichtert das schnelle Auffinden des Zubeh\u00f6rs im Ausr\u00fcstungsbeutel. Erh\u00e4ltlich in den Farben Orange und Gelb.<\/p>\n<ul>\n<li>F\u00fcr die Fixierung von Sehnen-Twists<\/li>\n<li>Fluoreszierende Ausf\u00fchrung f\u00fcr bessere Sichtbarkeit<\/li>\n<li>Erh\u00e4ltlich in Orange und Gelb<\/li>\n<li>Geeignet f\u00fcr den Einsatz beim Sehnenbau und Tuning<\/li>\n<\/ul>","protected":false},"excerpt":{"rendered":"<p><strong>Marchio:<\/strong> Flex-Archery<\/p>","protected":false},"featured_media":452509,"comment_status":"open","ping_status":"closed","template":"","meta":[],"product_brand":[447],"product_cat":[4347],"product_tag":[],"class_list":{"0":"post-397199","1":"product","2":"type-product","3":"status-publish","4":"has-post-thumbnail","6":"product_brand-flexarchery","7":"product_cat-nocking-points-kisser-buttons-accessories","9":"first","10":"instock","11":"shipping-taxable","12":"purchasable","13":"product-type-variable"},"_links":{"self":[{"href":"https:\/\/bogensportdiscount.ch\/it\/wp-json\/wp\/v2\/product\/397199","targetHints":{"allow":["GET"]}}],"collection":[{"href":"https:\/\/bogensportdiscount.ch\/it\/wp-json\/wp\/v2\/product"}],"about":[{"href":"https:\/\/bogensportdiscount.ch\/it\/wp-json\/wp\/v2\/types\/product"}],"replies":[{"embeddable":true,"href":"https:\/\/bogensportdiscount.ch\/it\/wp-json\/wp\/v2\/comments?post=397199"}],"wp:featuredmedia":[{"embeddable":true,"href":"https:\/\/bogensportdiscount.ch\/it\/wp-json\/wp\/v2\/media\/452509"}],"wp:attachment":[{"href":"https:\/\/bogensportdiscount.ch\/it\/wp-json\/wp\/v2\/media?parent=397199"}],"wp:term":[{"taxonomy":"product_brand","embeddable":true,"href":"https:\/\/bogensportdiscount.ch\/it\/wp-json\/wp\/v2\/product_brand?post=397199"},{"taxonomy":"product_cat","embeddable":true,"href":"https:\/\/bogensportdiscount.ch\/it\/wp-json\/wp\/v2\/product_cat?post=397199"},{"taxonomy":"product_tag","embeddable":true,"href":"https:\/\/bogensportdiscount.ch\/it\/wp-json\/wp\/v2\/product_tag?post=397199"}],"curies":[{"name":"wp","href":"https:\/\/api.w.org\/{rel}","templated":true}]}}