{"id":397128,"date":"2026-04-05T14:38:44","date_gmt":"2026-04-05T12:38:44","guid":{"rendered":"https:\/\/bogensportdiscount.ch\/produkt\/broadhead-cases-bh16-fit-16-points-color-clear\/"},"modified":"2026-04-23T13:09:01","modified_gmt":"2026-04-23T11:09:01","slug":"mtm-broadhead-box-bh16-16-broadheads-transparent","status":"publish","type":"product","link":"https:\/\/bogensportdiscount.ch\/it\/prodotto\/mtm-broadhead-box-bh16-16-broadheads-transparent\/","title":{"rendered":"MTM JAGDSPITZEN-KOFFER BH16 FUER 16 SPITZEN FARBE TRANSPARENT"},"content":{"rendered":"<p>Die MTM BH16 ist eine Aufbewahrungsbox speziell f\u00fcr Broadheads. Sie fasst bis zu 16 Jagdspitzen und h\u00e4lt diese sicher an Ort und Stelle, um Besch\u00e4digungen der Klingen sowie Verletzungsrisiken beim Handling zu minimieren.<\/p>\n<p>Der klare, transparente Deckel erm\u00f6glicht eine sofortige \u00dcbersicht \u00fcber den Inhalt, ohne die Box \u00f6ffnen zu m\u00fcssen. Das robuste Kunststoffgeh\u00e4use von MTM Case-Gard ist auf den Einsatz im Jagd- und Bogensportalltag ausgelegt.<\/p>\n<ul>\n<li>Kapazit\u00e4t: 16 Broadheads<\/li>\n<li>Transparenter Deckel f\u00fcr schnelle Sichtkontrolle<\/li>\n<li>Sch\u00fctzt Klingen vor Besch\u00e4digung<\/li>\n<li>Prodotto negli Stati Uniti<\/li>\n<\/ul>","protected":false},"excerpt":{"rendered":"<p>Die MTM Broadhead-Box BH16 bietet Platz f\u00fcr bis zu 16 Broadhead-Spitzen und sch\u00fctzt diese sicher vor Besch\u00e4digungen. Der transparente Deckel erm\u00f6glicht eine schnelle Sichtkontrolle des Inhalts ohne \u00d6ffnen der Box. Hergestellt in den USA von MTM Case-Gard.<\/p>","protected":false},"featured_media":449416,"comment_status":"open","ping_status":"closed","template":"","meta":[],"product_brand":[805],"product_cat":[4214],"product_tag":[],"class_list":{"0":"post-397128","1":"product","2":"type-product","3":"status-publish","4":"has-post-thumbnail","6":"product_brand-mtm","7":"product_cat-broadhead-cases","8":"product_shipping_class-bsd-standard","10":"first","11":"instock","12":"shipping-taxable","13":"purchasable","14":"product-type-variable"},"yoast_head":"<!-- This site is optimized with the Yoast SEO plugin v27.4 - https:\/\/yoast.com\/product\/yoast-seo-wordpress\/ -->\n<title>Valigetta MTM per punte da caccia BH16 per 16 punte, colore trasparente - Bogensportdiscount \u2013 Archi, frecce, bersagli e accessori<\/title>\n<meta name=\"description\" content=\"Valigia per puntali da caccia MTM BH16 per 16 puntali, colore trasparente: acquista a un prezzo conveniente su Bogensportdiscount \u2013 Marchi di punta, spedizione veloce dalla Svizzera.\" \/>\n<meta name=\"robots\" content=\"index, follow, max-snippet:-1, max-image-preview:large, max-video-preview:-1\" \/>\n<link rel=\"canonical\" href=\"https:\/\/bogensportdiscount.ch\/it\/produit\/mtm-broadhead-box-bh16-16-broadheads-transparent\/\" \/>\n<meta property=\"og:locale\" content=\"it_IT\" \/>\n<meta property=\"og:type\" content=\"article\" \/>\n<meta property=\"og:title\" content=\"Valigetta MTM per punte da caccia BH16 per 16 punte, colore trasparente - Bogensportdiscount \u2013 Archi, frecce, bersagli e accessori\" \/>\n<meta property=\"og:description\" content=\"Valigia per puntali da caccia MTM BH16 per 16 puntali, colore trasparente: acquista a un prezzo conveniente su Bogensportdiscount \u2013 Marchi di punta, spedizione veloce dalla Svizzera.\" \/>\n<meta property=\"og:url\" content=\"https:\/\/bogensportdiscount.ch\/it\/produit\/mtm-broadhead-box-bh16-16-broadheads-transparent\/\" \/>\n<meta property=\"og:site_name\" content=\"Bogensportdiscount \u2013 B\u00f6gen, Pfeile, Targets &amp; Zubeh\u00f6r\" \/>\n<meta property=\"article:modified_time\" content=\"2026-04-23T11:09:01+00:00\" \/>\n<meta property=\"og:image\" content=\"https:\/\/bogensportdiscount.ch\/wp-content\/uploads\/bsm-images\/A016656_1.png\" \/>\n\t<meta property=\"og:image:width\" content=\"1474\" \/>\n\t<meta property=\"og:image:height\" content=\"1115\" \/>\n\t<meta property=\"og:image:type\" content=\"image\/png\" \/>\n<meta name=\"twitter:card\" content=\"summary_large_image\" \/>\n<script type=\"application\/ld+json\" class=\"yoast-schema-graph\">{\"@context\":\"https:\\\/\\\/schema.org\",\"@graph\":[{\"@type\":\"WebPage\",\"@id\":\"https:\\\/\\\/bogensportdiscount.ch\\\/fr\\\/produit\\\/mtm-broadhead-box-bh16-16-broadheads-transparent\\\/\",\"url\":\"https:\\\/\\\/bogensportdiscount.ch\\\/fr\\\/produit\\\/mtm-broadhead-box-bh16-16-broadheads-transparent\\\/\",\"name\":\"MTM JAGDSPITZEN-KOFFER BH16 FUER 16 SPITZEN FARBE TRANSPARENT - Bogensportdiscount \u2013 B\u00f6gen, Pfeile, Targets &amp; Zubeh\u00f6r\",\"isPartOf\":{\"@id\":\"https:\\\/\\\/bogensportdiscount.ch\\\/#website\"},\"primaryImageOfPage\":{\"@id\":\"https:\\\/\\\/bogensportdiscount.ch\\\/fr\\\/produit\\\/mtm-broadhead-box-bh16-16-broadheads-transparent\\\/#primaryimage\"},\"image\":{\"@id\":\"https:\\\/\\\/bogensportdiscount.ch\\\/fr\\\/produit\\\/mtm-broadhead-box-bh16-16-broadheads-transparent\\\/#primaryimage\"},\"thumbnailUrl\":\"https:\\\/\\\/bogensportdiscount.ch\\\/wp-content\\\/uploads\\\/bsm-images\\\/A016656_1.png\",\"datePublished\":\"2026-04-05T12:38:44+00:00\",\"dateModified\":\"2026-04-23T11:09:01+00:00\",\"description\":\"MTM JAGDSPITZEN-KOFFER BH16 FUER 16 SPITZEN FARBE TRANSPARENT g\u00fcnstig kaufen bei Bogensportdiscount \u2013 Top-Marken, schneller Versand aus der Schweiz.\",\"breadcrumb\":{\"@id\":\"https:\\\/\\\/bogensportdiscount.ch\\\/fr\\\/produit\\\/mtm-broadhead-box-bh16-16-broadheads-transparent\\\/#breadcrumb\"},\"inLanguage\":\"it-IT\",\"potentialAction\":[{\"@type\":\"ReadAction\",\"target\":[\"https:\\\/\\\/bogensportdiscount.ch\\\/fr\\\/produit\\\/mtm-broadhead-box-bh16-16-broadheads-transparent\\\/\"]}]},{\"@type\":\"ImageObject\",\"inLanguage\":\"it-IT\",\"@id\":\"https:\\\/\\\/bogensportdiscount.ch\\\/fr\\\/produit\\\/mtm-broadhead-box-bh16-16-broadheads-transparent\\\/#primaryimage\",\"url\":\"https:\\\/\\\/bogensportdiscount.ch\\\/wp-content\\\/uploads\\\/bsm-images\\\/A016656_1.png\",\"contentUrl\":\"https:\\\/\\\/bogensportdiscount.ch\\\/wp-content\\\/uploads\\\/bsm-images\\\/A016656_1.png\",\"width\":1474,\"height\":1115},{\"@type\":\"BreadcrumbList\",\"@id\":\"https:\\\/\\\/bogensportdiscount.ch\\\/fr\\\/produit\\\/mtm-broadhead-box-bh16-16-broadheads-transparent\\\/#breadcrumb\",\"itemListElement\":[{\"@type\":\"ListItem\",\"position\":1,\"name\":\"Home\",\"item\":\"https:\\\/\\\/bogensportdiscount.ch\\\/\"},{\"@type\":\"ListItem\",\"position\":2,\"name\":\"Shop\",\"item\":\"https:\\\/\\\/bogensportdiscount.ch\\\/shop\\\/\"},{\"@type\":\"ListItem\",\"position\":3,\"name\":\"MTM JAGDSPITZEN-KOFFER BH16 FUER 16 SPITZEN FARBE TRANSPARENT\"}]},{\"@type\":\"WebSite\",\"@id\":\"https:\\\/\\\/bogensportdiscount.ch\\\/#website\",\"url\":\"https:\\\/\\\/bogensportdiscount.ch\\\/\",\"name\":\"Bogensportdiscount\",\"description\":\"\",\"potentialAction\":[{\"@type\":\"SearchAction\",\"target\":{\"@type\":\"EntryPoint\",\"urlTemplate\":\"https:\\\/\\\/bogensportdiscount.ch\\\/?s={search_term_string}\"},\"query-input\":{\"@type\":\"PropertyValueSpecification\",\"valueRequired\":true,\"valueName\":\"search_term_string\"}}],\"inLanguage\":\"it-IT\"}]}<\/script>\n<!-- \/ Yoast SEO plugin. -->","yoast_head_json":{"title":"Valigetta MTM per punte da caccia BH16 per 16 punte, colore trasparente - Bogensportdiscount \u2013 Archi, frecce, bersagli e accessori","description":"Valigia per puntali da caccia MTM BH16 per 16 puntali, colore trasparente: acquista a un prezzo conveniente su Bogensportdiscount \u2013 Marchi di punta, spedizione veloce dalla Svizzera.","robots":{"index":"index","follow":"follow","max-snippet":"max-snippet:-1","max-image-preview":"max-image-preview:large","max-video-preview":"max-video-preview:-1"},"canonical":"https:\/\/bogensportdiscount.ch\/it\/produit\/mtm-broadhead-box-bh16-16-broadheads-transparent\/","og_locale":"it_IT","og_type":"article","og_title":"Valigetta MTM per punte da caccia BH16 per 16 punte, colore trasparente - Bogensportdiscount \u2013 Archi, frecce, bersagli e accessori","og_description":"Valigia per puntali da caccia MTM BH16 per 16 puntali, colore trasparente: acquista a un prezzo conveniente su Bogensportdiscount \u2013 Marchi di punta, spedizione veloce dalla Svizzera.","og_url":"https:\/\/bogensportdiscount.ch\/it\/produit\/mtm-broadhead-box-bh16-16-broadheads-transparent\/","og_site_name":"Bogensportdiscount \u2013 B\u00f6gen, Pfeile, Targets &amp; Zubeh\u00f6r","article_modified_time":"2026-04-23T11:09:01+00:00","og_image":[{"width":1474,"height":1115,"url":"https:\/\/bogensportdiscount.ch\/wp-content\/uploads\/bsm-images\/A016656_1.png","type":"image\/png"}],"twitter_card":"summary_large_image","schema":{"@context":"https:\/\/schema.org","@graph":[{"@type":"WebPage","@id":"https:\/\/bogensportdiscount.ch\/fr\/produit\/mtm-broadhead-box-bh16-16-broadheads-transparent\/","url":"https:\/\/bogensportdiscount.ch\/fr\/produit\/mtm-broadhead-box-bh16-16-broadheads-transparent\/","name":"Valigetta MTM per punte da caccia BH16 per 16 punte, colore trasparente - Bogensportdiscount \u2013 Archi, frecce, bersagli e accessori","isPartOf":{"@id":"https:\/\/bogensportdiscount.ch\/#website"},"primaryImageOfPage":{"@id":"https:\/\/bogensportdiscount.ch\/fr\/produit\/mtm-broadhead-box-bh16-16-broadheads-transparent\/#primaryimage"},"image":{"@id":"https:\/\/bogensportdiscount.ch\/fr\/produit\/mtm-broadhead-box-bh16-16-broadheads-transparent\/#primaryimage"},"thumbnailUrl":"https:\/\/bogensportdiscount.ch\/wp-content\/uploads\/bsm-images\/A016656_1.png","datePublished":"2026-04-05T12:38:44+00:00","dateModified":"2026-04-23T11:09:01+00:00","description":"Valigia per puntali da caccia MTM BH16 per 16 puntali, colore trasparente: acquista a un prezzo conveniente su Bogensportdiscount \u2013 Marchi di punta, spedizione veloce dalla Svizzera.","breadcrumb":{"@id":"https:\/\/bogensportdiscount.ch\/fr\/produit\/mtm-broadhead-box-bh16-16-broadheads-transparent\/#breadcrumb"},"inLanguage":"it-IT","potentialAction":[{"@type":"ReadAction","target":["https:\/\/bogensportdiscount.ch\/fr\/produit\/mtm-broadhead-box-bh16-16-broadheads-transparent\/"]}]},{"@type":"ImageObject","inLanguage":"it-IT","@id":"https:\/\/bogensportdiscount.ch\/fr\/produit\/mtm-broadhead-box-bh16-16-broadheads-transparent\/#primaryimage","url":"https:\/\/bogensportdiscount.ch\/wp-content\/uploads\/bsm-images\/A016656_1.png","contentUrl":"https:\/\/bogensportdiscount.ch\/wp-content\/uploads\/bsm-images\/A016656_1.png","width":1474,"height":1115},{"@type":"BreadcrumbList","@id":"https:\/\/bogensportdiscount.ch\/fr\/produit\/mtm-broadhead-box-bh16-16-broadheads-transparent\/#breadcrumb","itemListElement":[{"@type":"ListItem","position":1,"name":"Home","item":"https:\/\/bogensportdiscount.ch\/"},{"@type":"ListItem","position":2,"name":"Shop","item":"https:\/\/bogensportdiscount.ch\/shop\/"},{"@type":"ListItem","position":3,"name":"MTM JAGDSPITZEN-KOFFER BH16 FUER 16 SPITZEN FARBE TRANSPARENT"}]},{"@type":"WebSite","@id":"https:\/\/bogensportdiscount.ch\/#website","url":"https:\/\/bogensportdiscount.ch\/","name":"Bogensportdiscount","description":"","potentialAction":[{"@type":"SearchAction","target":{"@type":"EntryPoint","urlTemplate":"https:\/\/bogensportdiscount.ch\/?s={search_term_string}"},"query-input":{"@type":"PropertyValueSpecification","valueRequired":true,"valueName":"search_term_string"}}],"inLanguage":"it-IT"}]}},"_links":{"self":[{"href":"https:\/\/bogensportdiscount.ch\/it\/wp-json\/wp\/v2\/product\/397128","targetHints":{"allow":["GET"]}}],"collection":[{"href":"https:\/\/bogensportdiscount.ch\/it\/wp-json\/wp\/v2\/product"}],"about":[{"href":"https:\/\/bogensportdiscount.ch\/it\/wp-json\/wp\/v2\/types\/product"}],"replies":[{"embeddable":true,"href":"https:\/\/bogensportdiscount.ch\/it\/wp-json\/wp\/v2\/comments?post=397128"}],"wp:featuredmedia":[{"embeddable":true,"href":"https:\/\/bogensportdiscount.ch\/it\/wp-json\/wp\/v2\/media\/449416"}],"wp:attachment":[{"href":"https:\/\/bogensportdiscount.ch\/it\/wp-json\/wp\/v2\/media?parent=397128"}],"wp:term":[{"taxonomy":"product_brand","embeddable":true,"href":"https:\/\/bogensportdiscount.ch\/it\/wp-json\/wp\/v2\/product_brand?post=397128"},{"taxonomy":"product_cat","embeddable":true,"href":"https:\/\/bogensportdiscount.ch\/it\/wp-json\/wp\/v2\/product_cat?post=397128"},{"taxonomy":"product_tag","embeddable":true,"href":"https:\/\/bogensportdiscount.ch\/it\/wp-json\/wp\/v2\/product_tag?post=397128"}],"curies":[{"name":"wp","href":"https:\/\/api.w.org\/{rel}","templated":true}]}}