{"id":397120,"date":"2026-04-05T14:38:42","date_gmt":"2026-04-05T12:38:42","guid":{"rendered":"https:\/\/bogensportdiscount.ch\/produkt\/expandable-broadheads-razortip-100gr-mechanical-3-blade-3-pk\/"},"modified":"2026-04-20T13:32:30","modified_gmt":"2026-04-20T11:32:30","slug":"grimreaper-expandierbare-jagdspitzen-razortip","status":"publish","type":"product","link":"https:\/\/bogensportdiscount.ch\/it\/prodotto\/grimreaper-expandierbare-jagdspitzen-razortip\/","title":{"rendered":"GRIMREAPER AUSKLAPPBARE JAGDSPITZEN RAZORTIP MECHANISCH 3-KLINGEN 3\/PK"},"content":{"rendered":"<p>Die GRIMREAPER Razortip Jagdspitzen sind expandierbare Breitspitzen, die speziell f\u00fcr die Jagd mit Compound- und Recurveb\u00f6gen entwickelt wurden. Mit ihrer bew\u00e4hrten Razortip-Technologie bieten sie zuverl\u00e4ssige Performance und Durchschlagskraft.<\/p>\n<p>Diese mechanischen Jagdspitzen sind in zwei K\u00f6rnungsvarianten erh\u00e4ltlich: 100 GR und 125 GR. Die expandierbare Konstruktion sorgt f\u00fcr maximale Wundkan\u00e4le und garantiert sichere Flugkurven. Ideal f\u00fcr anspruchsvolle J\u00e4ger, die Wert auf Qualit\u00e4t und Zuverl\u00e4ssigkeit legen.<\/p>\n<ul>\n<li>Expandierbares Design f\u00fcr gr\u00f6ssere Wundkan\u00e4le<\/li>\n<li>Disponibile in 100 GR e 125 GR<\/li>\n<li>Bew\u00e4hrte Razortip-Qualit\u00e4t aus den USA<\/li>\n<li>Optimale Balance zwischen Gewicht und Penetration<\/li>\n<\/ul>","protected":false},"excerpt":{"rendered":"<table>\n<tr>\n<th>Propriet\u00e0<\/th>\n<th>Valore<\/th>\n<\/tr>\n<tr>\n<td>Marca<\/td>\n<td>Grim Reaper<\/td>\n<\/tr>\n<tr>\n<td>K\u00f6rnung<\/td>\n<td>100 GR, 125 GR<\/td>\n<\/tr>\n<tr>\n<td>Paese di origine<\/td>\n<td>USA<\/td>\n<\/tr>\n<tr>\n<td>Tipo<\/td>\n<td>Punte da caccia meccaniche<\/td>\n<\/tr>\n<\/table>","protected":false},"featured_media":453631,"comment_status":"open","ping_status":"closed","template":"","meta":[],"product_brand":[814],"product_cat":[4212],"product_tag":[],"class_list":{"0":"post-397120","1":"product","2":"type-product","3":"status-publish","4":"has-post-thumbnail","6":"product_brand-grimreaper","7":"product_cat-mechanische-jagdspitzen","9":"first","10":"instock","11":"shipping-taxable","12":"purchasable","13":"product-type-variable"},"yoast_head":"<!-- This site is optimized with the Yoast SEO plugin v27.4 - https:\/\/yoast.com\/product\/yoast-seo-wordpress\/ -->\n<title>GRIMREAPER PUNTE DA CACCIA A SCAGLIONE RAZORTIP MECCANICHE A 3 LAME, CONFEZIONE DA 3 - Bogensportdiscount \u2013 Archi, frecce, bersagli e accessori<\/title>\n<meta name=\"description\" content=\"GRIMREAPER PUNTE DA CACCIA A SCAGLIETTO RAZORTIP MECCANICHE A 3 LAME (CONFEZIONE DA 3) \u2013 Acquista a un prezzo conveniente su Bogensportdiscount \u2013 Le migliori marche, spedizione veloce dalla Svizzera.\" \/>\n<meta name=\"robots\" content=\"noindex, follow, max-snippet:-1, max-image-preview:large, max-video-preview:-1\" \/>\n<meta property=\"og:locale\" content=\"it_IT\" \/>\n<meta property=\"og:type\" content=\"article\" \/>\n<meta property=\"og:title\" content=\"GRIMREAPER PUNTE DA CACCIA A SCAGLIONE RAZORTIP MECCANICHE A 3 LAME, CONFEZIONE DA 3 - Bogensportdiscount \u2013 Archi, frecce, bersagli e accessori\" \/>\n<meta property=\"og:description\" content=\"GRIMREAPER PUNTE DA CACCIA A SCAGLIETTO RAZORTIP MECCANICHE A 3 LAME (CONFEZIONE DA 3) \u2013 Acquista a un prezzo conveniente su Bogensportdiscount \u2013 Le migliori marche, spedizione veloce dalla Svizzera.\" \/>\n<meta property=\"og:url\" content=\"https:\/\/bogensportdiscount.ch\/it\/produit\/grimreaper-expandierbare-jagdspitzen-razortip\/\" \/>\n<meta property=\"og:site_name\" content=\"Bogensportdiscount \u2013 B\u00f6gen, Pfeile, Targets &amp; Zubeh\u00f6r\" \/>\n<meta property=\"article:modified_time\" content=\"2026-04-20T11:32:30+00:00\" \/>\n<meta property=\"og:image\" content=\"https:\/\/bogensportdiscount.ch\/wp-content\/uploads\/bsm-images\/A016647_1.jpg\" \/>\n\t<meta property=\"og:image:width\" content=\"4664\" \/>\n\t<meta property=\"og:image:height\" content=\"3109\" \/>\n\t<meta property=\"og:image:type\" content=\"image\/jpeg\" \/>\n<meta name=\"twitter:card\" content=\"summary_large_image\" \/>\n<script type=\"application\/ld+json\" class=\"yoast-schema-graph\">{\"@context\":\"https:\\\/\\\/schema.org\",\"@graph\":[{\"@type\":\"WebPage\",\"@id\":\"https:\\\/\\\/bogensportdiscount.ch\\\/fr\\\/produit\\\/grimreaper-expandierbare-jagdspitzen-razortip\\\/\",\"url\":\"https:\\\/\\\/bogensportdiscount.ch\\\/fr\\\/produit\\\/grimreaper-expandierbare-jagdspitzen-razortip\\\/\",\"name\":\"GRIMREAPER AUSKLAPPBARE JAGDSPITZEN RAZORTIP MECHANISCH 3-KLINGEN 3\\\/PK - Bogensportdiscount \u2013 B\u00f6gen, Pfeile, Targets &amp; Zubeh\u00f6r\",\"isPartOf\":{\"@id\":\"https:\\\/\\\/bogensportdiscount.ch\\\/#website\"},\"primaryImageOfPage\":{\"@id\":\"https:\\\/\\\/bogensportdiscount.ch\\\/fr\\\/produit\\\/grimreaper-expandierbare-jagdspitzen-razortip\\\/#primaryimage\"},\"image\":{\"@id\":\"https:\\\/\\\/bogensportdiscount.ch\\\/fr\\\/produit\\\/grimreaper-expandierbare-jagdspitzen-razortip\\\/#primaryimage\"},\"thumbnailUrl\":\"https:\\\/\\\/bogensportdiscount.ch\\\/wp-content\\\/uploads\\\/2026\\\/04\\\/bogensportdiscount.ch-pfeile-boegen-zubehoer-fuer-anfaenger-und-profis-zum-besten-preis-Symbolbild-kein-foto-zu-diesem-artikel_01.jpg\",\"datePublished\":\"2026-04-05T12:38:42+00:00\",\"dateModified\":\"2026-04-20T11:32:30+00:00\",\"description\":\"GRIMREAPER AUSKLAPPBARE JAGDSPITZEN RAZORTIP MECHANISCH 3-KLINGEN 3\\\/PK g\u00fcnstig kaufen bei Bogensportdiscount \u2013 Top-Marken, schneller Versand aus der Schweiz.\",\"breadcrumb\":{\"@id\":\"https:\\\/\\\/bogensportdiscount.ch\\\/fr\\\/produit\\\/grimreaper-expandierbare-jagdspitzen-razortip\\\/#breadcrumb\"},\"inLanguage\":\"it-IT\",\"potentialAction\":[{\"@type\":\"ReadAction\",\"target\":[\"https:\\\/\\\/bogensportdiscount.ch\\\/fr\\\/produit\\\/grimreaper-expandierbare-jagdspitzen-razortip\\\/\"]}]},{\"@type\":\"ImageObject\",\"inLanguage\":\"it-IT\",\"@id\":\"https:\\\/\\\/bogensportdiscount.ch\\\/fr\\\/produit\\\/grimreaper-expandierbare-jagdspitzen-razortip\\\/#primaryimage\",\"url\":\"https:\\\/\\\/bogensportdiscount.ch\\\/wp-content\\\/uploads\\\/2026\\\/04\\\/bogensportdiscount.ch-pfeile-boegen-zubehoer-fuer-anfaenger-und-profis-zum-besten-preis-Symbolbild-kein-foto-zu-diesem-artikel_01.jpg\",\"contentUrl\":\"https:\\\/\\\/bogensportdiscount.ch\\\/wp-content\\\/uploads\\\/2026\\\/04\\\/bogensportdiscount.ch-pfeile-boegen-zubehoer-fuer-anfaenger-und-profis-zum-besten-preis-Symbolbild-kein-foto-zu-diesem-artikel_01.jpg\",\"width\":1080,\"height\":1080},{\"@type\":\"BreadcrumbList\",\"@id\":\"https:\\\/\\\/bogensportdiscount.ch\\\/fr\\\/produit\\\/grimreaper-expandierbare-jagdspitzen-razortip\\\/#breadcrumb\",\"itemListElement\":[{\"@type\":\"ListItem\",\"position\":1,\"name\":\"Home\",\"item\":\"https:\\\/\\\/bogensportdiscount.ch\\\/\"},{\"@type\":\"ListItem\",\"position\":2,\"name\":\"Shop\",\"item\":\"https:\\\/\\\/bogensportdiscount.ch\\\/shop\\\/\"},{\"@type\":\"ListItem\",\"position\":3,\"name\":\"GRIMREAPER AUSKLAPPBARE JAGDSPITZEN RAZORTIP MECHANISCH 3-KLINGEN 3\\\/PK\"}]},{\"@type\":\"WebSite\",\"@id\":\"https:\\\/\\\/bogensportdiscount.ch\\\/#website\",\"url\":\"https:\\\/\\\/bogensportdiscount.ch\\\/\",\"name\":\"Bogensportdiscount\",\"description\":\"\",\"potentialAction\":[{\"@type\":\"SearchAction\",\"target\":{\"@type\":\"EntryPoint\",\"urlTemplate\":\"https:\\\/\\\/bogensportdiscount.ch\\\/?s={search_term_string}\"},\"query-input\":{\"@type\":\"PropertyValueSpecification\",\"valueRequired\":true,\"valueName\":\"search_term_string\"}}],\"inLanguage\":\"it-IT\"}]}<\/script>\n<!-- \/ Yoast SEO plugin. -->","yoast_head_json":{"title":"GRIMREAPER PUNTE DA CACCIA A SCAGLIONE RAZORTIP MECCANICHE A 3 LAME, CONFEZIONE DA 3 - Bogensportdiscount \u2013 Archi, frecce, bersagli e accessori","description":"GRIMREAPER PUNTE DA CACCIA A SCAGLIETTO RAZORTIP MECCANICHE A 3 LAME (CONFEZIONE DA 3) \u2013 Acquista a un prezzo conveniente su Bogensportdiscount \u2013 Le migliori marche, spedizione veloce dalla Svizzera.","robots":{"index":"noindex","follow":"follow","max-snippet":"max-snippet:-1","max-image-preview":"max-image-preview:large","max-video-preview":"max-video-preview:-1"},"og_locale":"it_IT","og_type":"article","og_title":"GRIMREAPER PUNTE DA CACCIA A SCAGLIONE RAZORTIP MECCANICHE A 3 LAME, CONFEZIONE DA 3 - Bogensportdiscount \u2013 Archi, frecce, bersagli e accessori","og_description":"GRIMREAPER PUNTE DA CACCIA A SCAGLIETTO RAZORTIP MECCANICHE A 3 LAME (CONFEZIONE DA 3) \u2013 Acquista a un prezzo conveniente su Bogensportdiscount \u2013 Le migliori marche, spedizione veloce dalla Svizzera.","og_url":"https:\/\/bogensportdiscount.ch\/it\/produit\/grimreaper-expandierbare-jagdspitzen-razortip\/","og_site_name":"Bogensportdiscount \u2013 B\u00f6gen, Pfeile, Targets &amp; Zubeh\u00f6r","article_modified_time":"2026-04-20T11:32:30+00:00","og_image":[{"width":4664,"height":3109,"url":"https:\/\/bogensportdiscount.ch\/wp-content\/uploads\/bsm-images\/A016647_1.jpg","type":"image\/jpeg"}],"twitter_card":"summary_large_image","schema":{"@context":"https:\/\/schema.org","@graph":[{"@type":"WebPage","@id":"https:\/\/bogensportdiscount.ch\/fr\/produit\/grimreaper-expandierbare-jagdspitzen-razortip\/","url":"https:\/\/bogensportdiscount.ch\/fr\/produit\/grimreaper-expandierbare-jagdspitzen-razortip\/","name":"GRIMREAPER PUNTE DA CACCIA A SCAGLIONE RAZORTIP MECCANICHE A 3 LAME, CONFEZIONE DA 3 - Bogensportdiscount \u2013 Archi, frecce, bersagli e accessori","isPartOf":{"@id":"https:\/\/bogensportdiscount.ch\/#website"},"primaryImageOfPage":{"@id":"https:\/\/bogensportdiscount.ch\/fr\/produit\/grimreaper-expandierbare-jagdspitzen-razortip\/#primaryimage"},"image":{"@id":"https:\/\/bogensportdiscount.ch\/fr\/produit\/grimreaper-expandierbare-jagdspitzen-razortip\/#primaryimage"},"thumbnailUrl":"https:\/\/bogensportdiscount.ch\/wp-content\/uploads\/2026\/04\/bogensportdiscount.ch-pfeile-boegen-zubehoer-fuer-anfaenger-und-profis-zum-besten-preis-Symbolbild-kein-foto-zu-diesem-artikel_01.jpg","datePublished":"2026-04-05T12:38:42+00:00","dateModified":"2026-04-20T11:32:30+00:00","description":"GRIMREAPER PUNTE DA CACCIA A SCAGLIETTO RAZORTIP MECCANICHE A 3 LAME (CONFEZIONE DA 3) \u2013 Acquista a un prezzo conveniente su Bogensportdiscount \u2013 Le migliori marche, spedizione veloce dalla Svizzera.","breadcrumb":{"@id":"https:\/\/bogensportdiscount.ch\/fr\/produit\/grimreaper-expandierbare-jagdspitzen-razortip\/#breadcrumb"},"inLanguage":"it-IT","potentialAction":[{"@type":"ReadAction","target":["https:\/\/bogensportdiscount.ch\/fr\/produit\/grimreaper-expandierbare-jagdspitzen-razortip\/"]}]},{"@type":"ImageObject","inLanguage":"it-IT","@id":"https:\/\/bogensportdiscount.ch\/fr\/produit\/grimreaper-expandierbare-jagdspitzen-razortip\/#primaryimage","url":"https:\/\/bogensportdiscount.ch\/wp-content\/uploads\/2026\/04\/bogensportdiscount.ch-pfeile-boegen-zubehoer-fuer-anfaenger-und-profis-zum-besten-preis-Symbolbild-kein-foto-zu-diesem-artikel_01.jpg","contentUrl":"https:\/\/bogensportdiscount.ch\/wp-content\/uploads\/2026\/04\/bogensportdiscount.ch-pfeile-boegen-zubehoer-fuer-anfaenger-und-profis-zum-besten-preis-Symbolbild-kein-foto-zu-diesem-artikel_01.jpg","width":1080,"height":1080},{"@type":"BreadcrumbList","@id":"https:\/\/bogensportdiscount.ch\/fr\/produit\/grimreaper-expandierbare-jagdspitzen-razortip\/#breadcrumb","itemListElement":[{"@type":"ListItem","position":1,"name":"Home","item":"https:\/\/bogensportdiscount.ch\/"},{"@type":"ListItem","position":2,"name":"Shop","item":"https:\/\/bogensportdiscount.ch\/shop\/"},{"@type":"ListItem","position":3,"name":"GRIMREAPER AUSKLAPPBARE JAGDSPITZEN RAZORTIP MECHANISCH 3-KLINGEN 3\/PK"}]},{"@type":"WebSite","@id":"https:\/\/bogensportdiscount.ch\/#website","url":"https:\/\/bogensportdiscount.ch\/","name":"Bogensportdiscount","description":"","potentialAction":[{"@type":"SearchAction","target":{"@type":"EntryPoint","urlTemplate":"https:\/\/bogensportdiscount.ch\/?s={search_term_string}"},"query-input":{"@type":"PropertyValueSpecification","valueRequired":true,"valueName":"search_term_string"}}],"inLanguage":"it-IT"}]}},"_links":{"self":[{"href":"https:\/\/bogensportdiscount.ch\/it\/wp-json\/wp\/v2\/product\/397120","targetHints":{"allow":["GET"]}}],"collection":[{"href":"https:\/\/bogensportdiscount.ch\/it\/wp-json\/wp\/v2\/product"}],"about":[{"href":"https:\/\/bogensportdiscount.ch\/it\/wp-json\/wp\/v2\/types\/product"}],"replies":[{"embeddable":true,"href":"https:\/\/bogensportdiscount.ch\/it\/wp-json\/wp\/v2\/comments?post=397120"}],"wp:featuredmedia":[{"embeddable":true,"href":"https:\/\/bogensportdiscount.ch\/it\/wp-json\/wp\/v2\/media\/453631"}],"wp:attachment":[{"href":"https:\/\/bogensportdiscount.ch\/it\/wp-json\/wp\/v2\/media?parent=397120"}],"wp:term":[{"taxonomy":"product_brand","embeddable":true,"href":"https:\/\/bogensportdiscount.ch\/it\/wp-json\/wp\/v2\/product_brand?post=397120"},{"taxonomy":"product_cat","embeddable":true,"href":"https:\/\/bogensportdiscount.ch\/it\/wp-json\/wp\/v2\/product_cat?post=397120"},{"taxonomy":"product_tag","embeddable":true,"href":"https:\/\/bogensportdiscount.ch\/it\/wp-json\/wp\/v2\/product_tag?post=397120"}],"curies":[{"name":"wp","href":"https:\/\/api.w.org\/{rel}","templated":true}]}}