{"id":397115,"date":"2026-04-05T14:38:42","date_gmt":"2026-04-05T12:38:42","guid":{"rendered":"https:\/\/bogensportdiscount.ch\/produkt\/expandable-broadheads-razorcut-ss-100gr-mechanical-3-blade-3-pk\/"},"modified":"2026-04-20T13:32:30","modified_gmt":"2026-04-20T11:32:30","slug":"grim-reaper-mechanischer-broadhead-razorcut-ss","status":"publish","type":"product","link":"https:\/\/bogensportdiscount.ch\/it\/prodotto\/grim-reaper-mechanischer-broadhead-razorcut-ss\/","title":{"rendered":"GRIMREAPER AUSKLAPPBARE JAGDSPITZEN RAZORCUT SS"},"content":{"rendered":"<p>Der Grim Reaper Razorcut SS geh\u00f6rt zur Kategorie der mechanischen (expandierenden) Broadheads und ist in den Gewichtsklassen 100 Grain und 125 Grain erh\u00e4ltlich. Mechanische Broadheads dieser Art \u00f6ffnen ihre Klingen beim Aufprall, was einen grossen Schnittkreis und eine effektive Wirkung beim Jagdeinsatz erm\u00f6glicht.<\/p>\n<p>Der Razorcut SS wird in den USA gefertigt und ist f\u00fcr den Einsatz auf konventionellen Pfeilsch\u00e4ften mit Standard-Gewinde ausgelegt. Die Wahl zwischen 100 GR und 125 GR erlaubt eine Anpassung an verschiedene Pfeilkonfigurationen und Bogensetups.<\/p>\n<ul>\n<li>Mechanisches (expandierendes) Klingensystem<\/li>\n<li>Disponibile in 100 GR e 125 GR<\/li>\n<li>Prodotto negli Stati Uniti<\/li>\n<li>Geeignet f\u00fcr den Jagdbogensport<\/li>\n<\/ul>","protected":false},"excerpt":{"rendered":"<p>Der Grim Reaper Razorcut SS ist ein mechanischer Broadhead, erh\u00e4ltlich in 100 GR und 125 GR. Er eignet sich f\u00fcr den Jagdeinsatz mit Compound- und Recurve-B\u00f6gen und \u00fcberzeugt durch sein ausklappbares Klingensystem.<\/p>","protected":false},"featured_media":453631,"comment_status":"open","ping_status":"closed","template":"","meta":[],"product_brand":[814],"product_cat":[4212],"product_tag":[],"class_list":{"0":"post-397115","1":"product","2":"type-product","3":"status-publish","4":"has-post-thumbnail","6":"product_brand-grimreaper","7":"product_cat-mechanische-jagdspitzen","9":"first","10":"instock","11":"shipping-taxable","12":"purchasable","13":"product-type-variable"},"yoast_head":"<!-- This site is optimized with the Yoast SEO plugin v27.4 - https:\/\/yoast.com\/product\/yoast-seo-wordpress\/ -->\n<title>GRIMREAPER PUNTE DA CACCIA PIEGHEVOLI RAZORCUT SS - Bogensportdiscount \u2013 Archi, frecce, bersagli e accessori<\/title>\n<meta name=\"description\" content=\"GRIMREAPER PUNTE DA CACCIA PIEGHEVOLI RAZORCUT SS: acquista a un prezzo conveniente su Bogensportdiscount \u2013 Marchi di punta, spedizione veloce dalla Svizzera.\" \/>\n<meta name=\"robots\" content=\"noindex, follow, max-snippet:-1, max-image-preview:large, max-video-preview:-1\" \/>\n<meta property=\"og:locale\" content=\"it_IT\" \/>\n<meta property=\"og:type\" content=\"article\" \/>\n<meta property=\"og:title\" content=\"GRIMREAPER PUNTE DA CACCIA PIEGHEVOLI RAZORCUT SS - Bogensportdiscount \u2013 Archi, frecce, bersagli e accessori\" \/>\n<meta property=\"og:description\" content=\"GRIMREAPER PUNTE DA CACCIA PIEGHEVOLI RAZORCUT SS: acquista a un prezzo conveniente su Bogensportdiscount \u2013 Marchi di punta, spedizione veloce dalla Svizzera.\" \/>\n<meta property=\"og:url\" content=\"https:\/\/bogensportdiscount.ch\/it\/produit\/grim-reaper-mechanischer-broadhead-razorcut-ss\/\" \/>\n<meta property=\"og:site_name\" content=\"Bogensportdiscount \u2013 B\u00f6gen, Pfeile, Targets &amp; Zubeh\u00f6r\" \/>\n<meta property=\"article:modified_time\" content=\"2026-04-20T11:32:30+00:00\" \/>\n<meta property=\"og:image\" content=\"https:\/\/bogensportdiscount.ch\/wp-content\/uploads\/bsm-images\/A016643_1.jpg\" \/>\n\t<meta property=\"og:image:width\" content=\"4180\" \/>\n\t<meta property=\"og:image:height\" content=\"2787\" \/>\n\t<meta property=\"og:image:type\" content=\"image\/jpeg\" \/>\n<meta name=\"twitter:card\" content=\"summary_large_image\" \/>\n<script type=\"application\/ld+json\" class=\"yoast-schema-graph\">{\"@context\":\"https:\\\/\\\/schema.org\",\"@graph\":[{\"@type\":\"WebPage\",\"@id\":\"https:\\\/\\\/bogensportdiscount.ch\\\/fr\\\/produit\\\/grim-reaper-mechanischer-broadhead-razorcut-ss\\\/\",\"url\":\"https:\\\/\\\/bogensportdiscount.ch\\\/fr\\\/produit\\\/grim-reaper-mechanischer-broadhead-razorcut-ss\\\/\",\"name\":\"GRIMREAPER AUSKLAPPBARE JAGDSPITZEN RAZORCUT SS - Bogensportdiscount \u2013 B\u00f6gen, Pfeile, Targets &amp; Zubeh\u00f6r\",\"isPartOf\":{\"@id\":\"https:\\\/\\\/bogensportdiscount.ch\\\/#website\"},\"primaryImageOfPage\":{\"@id\":\"https:\\\/\\\/bogensportdiscount.ch\\\/fr\\\/produit\\\/grim-reaper-mechanischer-broadhead-razorcut-ss\\\/#primaryimage\"},\"image\":{\"@id\":\"https:\\\/\\\/bogensportdiscount.ch\\\/fr\\\/produit\\\/grim-reaper-mechanischer-broadhead-razorcut-ss\\\/#primaryimage\"},\"thumbnailUrl\":\"https:\\\/\\\/bogensportdiscount.ch\\\/wp-content\\\/uploads\\\/2026\\\/04\\\/bogensportdiscount.ch-pfeile-boegen-zubehoer-fuer-anfaenger-und-profis-zum-besten-preis-Symbolbild-kein-foto-zu-diesem-artikel_01.jpg\",\"datePublished\":\"2026-04-05T12:38:42+00:00\",\"dateModified\":\"2026-04-20T11:32:30+00:00\",\"description\":\"GRIMREAPER AUSKLAPPBARE JAGDSPITZEN RAZORCUT SS g\u00fcnstig kaufen bei Bogensportdiscount \u2013 Top-Marken, schneller Versand aus der Schweiz.\",\"breadcrumb\":{\"@id\":\"https:\\\/\\\/bogensportdiscount.ch\\\/fr\\\/produit\\\/grim-reaper-mechanischer-broadhead-razorcut-ss\\\/#breadcrumb\"},\"inLanguage\":\"it-IT\",\"potentialAction\":[{\"@type\":\"ReadAction\",\"target\":[\"https:\\\/\\\/bogensportdiscount.ch\\\/fr\\\/produit\\\/grim-reaper-mechanischer-broadhead-razorcut-ss\\\/\"]}]},{\"@type\":\"ImageObject\",\"inLanguage\":\"it-IT\",\"@id\":\"https:\\\/\\\/bogensportdiscount.ch\\\/fr\\\/produit\\\/grim-reaper-mechanischer-broadhead-razorcut-ss\\\/#primaryimage\",\"url\":\"https:\\\/\\\/bogensportdiscount.ch\\\/wp-content\\\/uploads\\\/2026\\\/04\\\/bogensportdiscount.ch-pfeile-boegen-zubehoer-fuer-anfaenger-und-profis-zum-besten-preis-Symbolbild-kein-foto-zu-diesem-artikel_01.jpg\",\"contentUrl\":\"https:\\\/\\\/bogensportdiscount.ch\\\/wp-content\\\/uploads\\\/2026\\\/04\\\/bogensportdiscount.ch-pfeile-boegen-zubehoer-fuer-anfaenger-und-profis-zum-besten-preis-Symbolbild-kein-foto-zu-diesem-artikel_01.jpg\",\"width\":1080,\"height\":1080},{\"@type\":\"BreadcrumbList\",\"@id\":\"https:\\\/\\\/bogensportdiscount.ch\\\/fr\\\/produit\\\/grim-reaper-mechanischer-broadhead-razorcut-ss\\\/#breadcrumb\",\"itemListElement\":[{\"@type\":\"ListItem\",\"position\":1,\"name\":\"Home\",\"item\":\"https:\\\/\\\/bogensportdiscount.ch\\\/\"},{\"@type\":\"ListItem\",\"position\":2,\"name\":\"Shop\",\"item\":\"https:\\\/\\\/bogensportdiscount.ch\\\/shop\\\/\"},{\"@type\":\"ListItem\",\"position\":3,\"name\":\"GRIMREAPER AUSKLAPPBARE JAGDSPITZEN RAZORCUT SS\"}]},{\"@type\":\"WebSite\",\"@id\":\"https:\\\/\\\/bogensportdiscount.ch\\\/#website\",\"url\":\"https:\\\/\\\/bogensportdiscount.ch\\\/\",\"name\":\"Bogensportdiscount\",\"description\":\"\",\"potentialAction\":[{\"@type\":\"SearchAction\",\"target\":{\"@type\":\"EntryPoint\",\"urlTemplate\":\"https:\\\/\\\/bogensportdiscount.ch\\\/?s={search_term_string}\"},\"query-input\":{\"@type\":\"PropertyValueSpecification\",\"valueRequired\":true,\"valueName\":\"search_term_string\"}}],\"inLanguage\":\"it-IT\"}]}<\/script>\n<!-- \/ Yoast SEO plugin. -->","yoast_head_json":{"title":"GRIMREAPER PUNTE DA CACCIA PIEGHEVOLI RAZORCUT SS - Bogensportdiscount \u2013 Archi, frecce, bersagli e accessori","description":"GRIMREAPER PUNTE DA CACCIA PIEGHEVOLI RAZORCUT SS: acquista a un prezzo conveniente su Bogensportdiscount \u2013 Marchi di punta, spedizione veloce dalla Svizzera.","robots":{"index":"noindex","follow":"follow","max-snippet":"max-snippet:-1","max-image-preview":"max-image-preview:large","max-video-preview":"max-video-preview:-1"},"og_locale":"it_IT","og_type":"article","og_title":"GRIMREAPER PUNTE DA CACCIA PIEGHEVOLI RAZORCUT SS - Bogensportdiscount \u2013 Archi, frecce, bersagli e accessori","og_description":"GRIMREAPER PUNTE DA CACCIA PIEGHEVOLI RAZORCUT SS: acquista a un prezzo conveniente su Bogensportdiscount \u2013 Marchi di punta, spedizione veloce dalla Svizzera.","og_url":"https:\/\/bogensportdiscount.ch\/it\/produit\/grim-reaper-mechanischer-broadhead-razorcut-ss\/","og_site_name":"Bogensportdiscount \u2013 B\u00f6gen, Pfeile, Targets &amp; Zubeh\u00f6r","article_modified_time":"2026-04-20T11:32:30+00:00","og_image":[{"width":4180,"height":2787,"url":"https:\/\/bogensportdiscount.ch\/wp-content\/uploads\/bsm-images\/A016643_1.jpg","type":"image\/jpeg"}],"twitter_card":"summary_large_image","schema":{"@context":"https:\/\/schema.org","@graph":[{"@type":"WebPage","@id":"https:\/\/bogensportdiscount.ch\/fr\/produit\/grim-reaper-mechanischer-broadhead-razorcut-ss\/","url":"https:\/\/bogensportdiscount.ch\/fr\/produit\/grim-reaper-mechanischer-broadhead-razorcut-ss\/","name":"GRIMREAPER PUNTE DA CACCIA PIEGHEVOLI RAZORCUT SS - Bogensportdiscount \u2013 Archi, frecce, bersagli e accessori","isPartOf":{"@id":"https:\/\/bogensportdiscount.ch\/#website"},"primaryImageOfPage":{"@id":"https:\/\/bogensportdiscount.ch\/fr\/produit\/grim-reaper-mechanischer-broadhead-razorcut-ss\/#primaryimage"},"image":{"@id":"https:\/\/bogensportdiscount.ch\/fr\/produit\/grim-reaper-mechanischer-broadhead-razorcut-ss\/#primaryimage"},"thumbnailUrl":"https:\/\/bogensportdiscount.ch\/wp-content\/uploads\/2026\/04\/bogensportdiscount.ch-pfeile-boegen-zubehoer-fuer-anfaenger-und-profis-zum-besten-preis-Symbolbild-kein-foto-zu-diesem-artikel_01.jpg","datePublished":"2026-04-05T12:38:42+00:00","dateModified":"2026-04-20T11:32:30+00:00","description":"GRIMREAPER PUNTE DA CACCIA PIEGHEVOLI RAZORCUT SS: acquista a un prezzo conveniente su Bogensportdiscount \u2013 Marchi di punta, spedizione veloce dalla Svizzera.","breadcrumb":{"@id":"https:\/\/bogensportdiscount.ch\/fr\/produit\/grim-reaper-mechanischer-broadhead-razorcut-ss\/#breadcrumb"},"inLanguage":"it-IT","potentialAction":[{"@type":"ReadAction","target":["https:\/\/bogensportdiscount.ch\/fr\/produit\/grim-reaper-mechanischer-broadhead-razorcut-ss\/"]}]},{"@type":"ImageObject","inLanguage":"it-IT","@id":"https:\/\/bogensportdiscount.ch\/fr\/produit\/grim-reaper-mechanischer-broadhead-razorcut-ss\/#primaryimage","url":"https:\/\/bogensportdiscount.ch\/wp-content\/uploads\/2026\/04\/bogensportdiscount.ch-pfeile-boegen-zubehoer-fuer-anfaenger-und-profis-zum-besten-preis-Symbolbild-kein-foto-zu-diesem-artikel_01.jpg","contentUrl":"https:\/\/bogensportdiscount.ch\/wp-content\/uploads\/2026\/04\/bogensportdiscount.ch-pfeile-boegen-zubehoer-fuer-anfaenger-und-profis-zum-besten-preis-Symbolbild-kein-foto-zu-diesem-artikel_01.jpg","width":1080,"height":1080},{"@type":"BreadcrumbList","@id":"https:\/\/bogensportdiscount.ch\/fr\/produit\/grim-reaper-mechanischer-broadhead-razorcut-ss\/#breadcrumb","itemListElement":[{"@type":"ListItem","position":1,"name":"Home","item":"https:\/\/bogensportdiscount.ch\/"},{"@type":"ListItem","position":2,"name":"Shop","item":"https:\/\/bogensportdiscount.ch\/shop\/"},{"@type":"ListItem","position":3,"name":"GRIMREAPER AUSKLAPPBARE JAGDSPITZEN RAZORCUT SS"}]},{"@type":"WebSite","@id":"https:\/\/bogensportdiscount.ch\/#website","url":"https:\/\/bogensportdiscount.ch\/","name":"Bogensportdiscount","description":"","potentialAction":[{"@type":"SearchAction","target":{"@type":"EntryPoint","urlTemplate":"https:\/\/bogensportdiscount.ch\/?s={search_term_string}"},"query-input":{"@type":"PropertyValueSpecification","valueRequired":true,"valueName":"search_term_string"}}],"inLanguage":"it-IT"}]}},"_links":{"self":[{"href":"https:\/\/bogensportdiscount.ch\/it\/wp-json\/wp\/v2\/product\/397115","targetHints":{"allow":["GET"]}}],"collection":[{"href":"https:\/\/bogensportdiscount.ch\/it\/wp-json\/wp\/v2\/product"}],"about":[{"href":"https:\/\/bogensportdiscount.ch\/it\/wp-json\/wp\/v2\/types\/product"}],"replies":[{"embeddable":true,"href":"https:\/\/bogensportdiscount.ch\/it\/wp-json\/wp\/v2\/comments?post=397115"}],"wp:featuredmedia":[{"embeddable":true,"href":"https:\/\/bogensportdiscount.ch\/it\/wp-json\/wp\/v2\/media\/453631"}],"wp:attachment":[{"href":"https:\/\/bogensportdiscount.ch\/it\/wp-json\/wp\/v2\/media?parent=397115"}],"wp:term":[{"taxonomy":"product_brand","embeddable":true,"href":"https:\/\/bogensportdiscount.ch\/it\/wp-json\/wp\/v2\/product_brand?post=397115"},{"taxonomy":"product_cat","embeddable":true,"href":"https:\/\/bogensportdiscount.ch\/it\/wp-json\/wp\/v2\/product_cat?post=397115"},{"taxonomy":"product_tag","embeddable":true,"href":"https:\/\/bogensportdiscount.ch\/it\/wp-json\/wp\/v2\/product_tag?post=397115"}],"curies":[{"name":"wp","href":"https:\/\/api.w.org\/{rel}","templated":true}]}}