{"id":397082,"date":"2026-04-05T14:38:37","date_gmt":"2026-04-05T12:38:37","guid":{"rendered":"https:\/\/bogensportdiscount.ch\/produkt\/main-blade-for-100-grain-stinger-2-or-4-blade-3-pk\/"},"modified":"2026-04-15T12:29:32","modified_gmt":"2026-04-15T10:29:32","slug":"magnus-hauptklinge-stinger-100-grain-2-oder-4-klingen-3er-pack","status":"publish","type":"product","link":"https:\/\/bogensportdiscount.ch\/it\/prodotto\/magnus-hauptklinge-stinger-100-grain-2-oder-4-klingen-3er-pack\/","title":{"rendered":"LAMA PRINCIPALE MAGNUS PER PUNGITOPO A 2 O 4 LAME 3\/PZ."},"content":{"rendered":"<p>Diese Ersatz-Hauptklingen von Magnus sind speziell f\u00fcr den Stinger Broadhead in 100 Grain entwickelt und passen sowohl zur 2-Klingen- als auch zur 4-Klingen-Variante. Sie erm\u00f6glichen eine einfache und kosteng\u00fcnstige Auffrischung des Broadheads nach dem Einsatz.<\/p>\n<p>Das Set enth\u00e4lt 3 Klingen und ist eine praktische L\u00f6sung, um den Stinger Broadhead einsatzbereit zu halten, ohne den gesamten Kopf ersetzen zu m\u00fcssen.<\/p>\n<ul>\n<li>Kompatibel mit Magnus Stinger 100 Grain (2- und 4-Klingen)<\/li>\n<li>Set mit 3 Hauptklingen<\/li>\n<li>Einfacher Klingenwechsel<\/li>\n<li>Original Magnus Ersatzteil<\/li>\n<\/ul>","protected":false},"excerpt":{"rendered":"<p><strong>Marchio:<\/strong> Magnus<\/p>","protected":false},"featured_media":449411,"comment_status":"open","ping_status":"closed","template":"","meta":[],"product_brand":[532],"product_cat":[4179],"product_tag":[],"class_list":{"0":"post-397082","1":"product","2":"type-product","3":"status-publish","4":"has-post-thumbnail","6":"product_brand-magnus","7":"product_cat-einzelteile-zubehoer","9":"first","10":"instock","11":"shipping-taxable","12":"purchasable","13":"product-type-variable"},"_links":{"self":[{"href":"https:\/\/bogensportdiscount.ch\/it\/wp-json\/wp\/v2\/product\/397082","targetHints":{"allow":["GET"]}}],"collection":[{"href":"https:\/\/bogensportdiscount.ch\/it\/wp-json\/wp\/v2\/product"}],"about":[{"href":"https:\/\/bogensportdiscount.ch\/it\/wp-json\/wp\/v2\/types\/product"}],"replies":[{"embeddable":true,"href":"https:\/\/bogensportdiscount.ch\/it\/wp-json\/wp\/v2\/comments?post=397082"}],"wp:featuredmedia":[{"embeddable":true,"href":"https:\/\/bogensportdiscount.ch\/it\/wp-json\/wp\/v2\/media\/449411"}],"wp:attachment":[{"href":"https:\/\/bogensportdiscount.ch\/it\/wp-json\/wp\/v2\/media?parent=397082"}],"wp:term":[{"taxonomy":"product_brand","embeddable":true,"href":"https:\/\/bogensportdiscount.ch\/it\/wp-json\/wp\/v2\/product_brand?post=397082"},{"taxonomy":"product_cat","embeddable":true,"href":"https:\/\/bogensportdiscount.ch\/it\/wp-json\/wp\/v2\/product_cat?post=397082"},{"taxonomy":"product_tag","embeddable":true,"href":"https:\/\/bogensportdiscount.ch\/it\/wp-json\/wp\/v2\/product_tag?post=397082"}],"curies":[{"name":"wp","href":"https:\/\/api.w.org\/{rel}","templated":true}]}}