{"id":397050,"date":"2026-04-05T14:38:33","date_gmt":"2026-04-05T12:38:33","guid":{"rendered":"https:\/\/bogensportdiscount.ch\/produkt\/stinger-buzz-extra-blade-for-sbc-100-42-3-pk\/"},"modified":"2026-04-19T11:53:47","modified_gmt":"2026-04-19T09:53:47","slug":"magnus-stinger-buzz-ersatzklinge-fuer-sbc","status":"publish","type":"product","link":"https:\/\/bogensportdiscount.ch\/it\/prodotto\/magnus-stinger-buzz-ersatzklinge-fuer-sbc\/","title":{"rendered":"MAGNUS STINGER BUZZ ERSATZKLINGE FUER SBC 3\/PK"},"content":{"rendered":"<p>Le Magnus Stinger Buzz Extra Blade sono lame di ricambio sviluppate appositamente per il Stinger Buzz Broadhead con sistema SBC (Solid Brass Collet). Con queste lame di ricambio il broadhead pu\u00f2 essere rimesso in servizio rapidamente e facilmente dopo l'utilizzo.<\/p>\n<p>Prodotte negli USA, le lame rappresentano la qualit\u00e0 riconosciuta di Magnus Broadheads. La sostituzione delle lame prolunga notevolmente la durata del broadhead e consente un risparmio rispetto all'acquisto di uno nuovo.<\/p>\n<ul>\n<li>Compatibile con Magnus Stinger Buzz Broadhead con SBC<\/li>\n<li>Cambio lama semplice senza attrezzi speciali<\/li>\n<li>Prodotto negli Stati Uniti<\/li>\n<li>Prolunga la durata del broadhead<\/li>\n<\/ul>","protected":false},"excerpt":{"rendered":"<p>Lame di ricambio Magnus per il Stinger Buzz Broadhead, compatibili con il sistema SBC. Consente la sostituzione rapida delle lame dopo l'utilizzo.<\/p>","protected":false},"featured_media":452517,"comment_status":"open","ping_status":"closed","template":"","meta":[],"product_brand":[532],"product_cat":[4179],"product_tag":[],"class_list":{"0":"post-397050","1":"product","2":"type-product","3":"status-publish","4":"has-post-thumbnail","6":"product_brand-magnus","7":"product_cat-einzelteile-zubehoer","9":"first","10":"instock","11":"shipping-taxable","12":"purchasable","13":"product-type-variable"},"yoast_head":"<!-- This site is optimized with the Yoast SEO plugin v27.4 - https:\/\/yoast.com\/product\/yoast-seo-wordpress\/ -->\n<title>MAGNUS STINGER BUZZ ERSATZKLINGE FUER SBC 3\/PK - Bogensportdiscount \u2013 B\u00f6gen, Pfeile, Targets &amp; Zubeh\u00f6r<\/title>\n<meta name=\"robots\" content=\"noindex, follow, max-snippet:-1, max-image-preview:large, max-video-preview:-1\" \/>\n<meta property=\"og:locale\" content=\"it_IT\" \/>\n<meta property=\"og:type\" content=\"article\" \/>\n<meta property=\"og:title\" content=\"MAGNUS STINGER BUZZ ERSATZKLINGE FUER SBC 3\/PK - Bogensportdiscount \u2013 B\u00f6gen, Pfeile, Targets &amp; Zubeh\u00f6r\" \/>\n<meta property=\"og:description\" content=\"Ersatzklingen von Magnus f\u00fcr den Stinger Buzz Broadhead, kompatibel mit dem SBC-System. Erm\u00f6glicht den einfachen Austausch der Klingen nach dem Einsatz.\" \/>\n<meta property=\"og:url\" content=\"https:\/\/bogensportdiscount.ch\/it\/prodotto\/magnus-stinger-buzz-ersatzklinge-fuer-sbc\/\" \/>\n<meta property=\"og:site_name\" content=\"Bogensportdiscount \u2013 B\u00f6gen, Pfeile, Targets &amp; Zubeh\u00f6r\" \/>\n<meta property=\"article:modified_time\" content=\"2026-04-19T09:53:47+00:00\" \/>\n<meta property=\"og:image\" content=\"https:\/\/bogensportdiscount.ch\/wp-content\/uploads\/bsm-images\/a031964_1.jpg\" \/>\n\t<meta property=\"og:image:width\" content=\"266\" \/>\n\t<meta property=\"og:image:height\" content=\"400\" \/>\n\t<meta property=\"og:image:type\" content=\"image\/jpeg\" \/>\n<meta name=\"twitter:card\" content=\"summary_large_image\" \/>\n<script type=\"application\/ld+json\" class=\"yoast-schema-graph\">{\"@context\":\"https:\\\/\\\/schema.org\",\"@graph\":[{\"@type\":\"WebPage\",\"@id\":\"https:\\\/\\\/bogensportdiscount.ch\\\/it\\\/prodotto\\\/magnus-stinger-buzz-ersatzklinge-fuer-sbc\\\/\",\"url\":\"https:\\\/\\\/bogensportdiscount.ch\\\/it\\\/prodotto\\\/magnus-stinger-buzz-ersatzklinge-fuer-sbc\\\/\",\"name\":\"MAGNUS STINGER BUZZ ERSATZKLINGE FUER SBC 3\\\/PK - Bogensportdiscount \u2013 B\u00f6gen, Pfeile, Targets &amp; Zubeh\u00f6r\",\"isPartOf\":{\"@id\":\"https:\\\/\\\/bogensportdiscount.ch\\\/#website\"},\"primaryImageOfPage\":{\"@id\":\"https:\\\/\\\/bogensportdiscount.ch\\\/it\\\/prodotto\\\/magnus-stinger-buzz-ersatzklinge-fuer-sbc\\\/#primaryimage\"},\"image\":{\"@id\":\"https:\\\/\\\/bogensportdiscount.ch\\\/it\\\/prodotto\\\/magnus-stinger-buzz-ersatzklinge-fuer-sbc\\\/#primaryimage\"},\"thumbnailUrl\":\"https:\\\/\\\/bogensportdiscount.ch\\\/wp-content\\\/uploads\\\/bsm-images\\\/a031964_1.jpg\",\"datePublished\":\"2026-04-05T12:38:33+00:00\",\"dateModified\":\"2026-04-19T09:53:47+00:00\",\"breadcrumb\":{\"@id\":\"https:\\\/\\\/bogensportdiscount.ch\\\/it\\\/prodotto\\\/magnus-stinger-buzz-ersatzklinge-fuer-sbc\\\/#breadcrumb\"},\"inLanguage\":\"it-IT\",\"potentialAction\":[{\"@type\":\"ReadAction\",\"target\":[\"https:\\\/\\\/bogensportdiscount.ch\\\/it\\\/prodotto\\\/magnus-stinger-buzz-ersatzklinge-fuer-sbc\\\/\"]}]},{\"@type\":\"ImageObject\",\"inLanguage\":\"it-IT\",\"@id\":\"https:\\\/\\\/bogensportdiscount.ch\\\/it\\\/prodotto\\\/magnus-stinger-buzz-ersatzklinge-fuer-sbc\\\/#primaryimage\",\"url\":\"https:\\\/\\\/bogensportdiscount.ch\\\/wp-content\\\/uploads\\\/bsm-images\\\/a031964_1.jpg\",\"contentUrl\":\"https:\\\/\\\/bogensportdiscount.ch\\\/wp-content\\\/uploads\\\/bsm-images\\\/a031964_1.jpg\",\"width\":266,\"height\":400},{\"@type\":\"BreadcrumbList\",\"@id\":\"https:\\\/\\\/bogensportdiscount.ch\\\/it\\\/prodotto\\\/magnus-stinger-buzz-ersatzklinge-fuer-sbc\\\/#breadcrumb\",\"itemListElement\":[{\"@type\":\"ListItem\",\"position\":1,\"name\":\"Home\",\"item\":\"https:\\\/\\\/bogensportdiscount.ch\\\/\"},{\"@type\":\"ListItem\",\"position\":2,\"name\":\"Shop\",\"item\":\"https:\\\/\\\/bogensportdiscount.ch\\\/shop\\\/\"},{\"@type\":\"ListItem\",\"position\":3,\"name\":\"MAGNUS STINGER BUZZ ERSATZKLINGE FUER SBC 3\\\/PK\"}]},{\"@type\":\"WebSite\",\"@id\":\"https:\\\/\\\/bogensportdiscount.ch\\\/#website\",\"url\":\"https:\\\/\\\/bogensportdiscount.ch\\\/\",\"name\":\"Bogensportdiscount\",\"description\":\"\",\"potentialAction\":[{\"@type\":\"SearchAction\",\"target\":{\"@type\":\"EntryPoint\",\"urlTemplate\":\"https:\\\/\\\/bogensportdiscount.ch\\\/?s={search_term_string}\"},\"query-input\":{\"@type\":\"PropertyValueSpecification\",\"valueRequired\":true,\"valueName\":\"search_term_string\"}}],\"inLanguage\":\"it-IT\"}]}<\/script>\n<!-- \/ Yoast SEO plugin. -->","yoast_head_json":{"title":"MAGNUS STINGER BUZZ ERSATZKLINGE FUER SBC 3\/PK - Bogensportdiscount \u2013 B\u00f6gen, Pfeile, Targets &amp; Zubeh\u00f6r","robots":{"index":"noindex","follow":"follow","max-snippet":"max-snippet:-1","max-image-preview":"max-image-preview:large","max-video-preview":"max-video-preview:-1"},"og_locale":"it_IT","og_type":"article","og_title":"MAGNUS STINGER BUZZ ERSATZKLINGE FUER SBC 3\/PK - Bogensportdiscount \u2013 B\u00f6gen, Pfeile, Targets &amp; Zubeh\u00f6r","og_description":"Ersatzklingen von Magnus f\u00fcr den Stinger Buzz Broadhead, kompatibel mit dem SBC-System. Erm\u00f6glicht den einfachen Austausch der Klingen nach dem Einsatz.","og_url":"https:\/\/bogensportdiscount.ch\/it\/prodotto\/magnus-stinger-buzz-ersatzklinge-fuer-sbc\/","og_site_name":"Bogensportdiscount \u2013 B\u00f6gen, Pfeile, Targets &amp; Zubeh\u00f6r","article_modified_time":"2026-04-19T09:53:47+00:00","og_image":[{"width":266,"height":400,"url":"https:\/\/bogensportdiscount.ch\/wp-content\/uploads\/bsm-images\/a031964_1.jpg","type":"image\/jpeg"}],"twitter_card":"summary_large_image","schema":{"@context":"https:\/\/schema.org","@graph":[{"@type":"WebPage","@id":"https:\/\/bogensportdiscount.ch\/it\/prodotto\/magnus-stinger-buzz-ersatzklinge-fuer-sbc\/","url":"https:\/\/bogensportdiscount.ch\/it\/prodotto\/magnus-stinger-buzz-ersatzklinge-fuer-sbc\/","name":"MAGNUS STINGER BUZZ ERSATZKLINGE FUER SBC 3\/PK - Bogensportdiscount \u2013 B\u00f6gen, Pfeile, Targets &amp; Zubeh\u00f6r","isPartOf":{"@id":"https:\/\/bogensportdiscount.ch\/#website"},"primaryImageOfPage":{"@id":"https:\/\/bogensportdiscount.ch\/it\/prodotto\/magnus-stinger-buzz-ersatzklinge-fuer-sbc\/#primaryimage"},"image":{"@id":"https:\/\/bogensportdiscount.ch\/it\/prodotto\/magnus-stinger-buzz-ersatzklinge-fuer-sbc\/#primaryimage"},"thumbnailUrl":"https:\/\/bogensportdiscount.ch\/wp-content\/uploads\/bsm-images\/a031964_1.jpg","datePublished":"2026-04-05T12:38:33+00:00","dateModified":"2026-04-19T09:53:47+00:00","breadcrumb":{"@id":"https:\/\/bogensportdiscount.ch\/it\/prodotto\/magnus-stinger-buzz-ersatzklinge-fuer-sbc\/#breadcrumb"},"inLanguage":"it-IT","potentialAction":[{"@type":"ReadAction","target":["https:\/\/bogensportdiscount.ch\/it\/prodotto\/magnus-stinger-buzz-ersatzklinge-fuer-sbc\/"]}]},{"@type":"ImageObject","inLanguage":"it-IT","@id":"https:\/\/bogensportdiscount.ch\/it\/prodotto\/magnus-stinger-buzz-ersatzklinge-fuer-sbc\/#primaryimage","url":"https:\/\/bogensportdiscount.ch\/wp-content\/uploads\/bsm-images\/a031964_1.jpg","contentUrl":"https:\/\/bogensportdiscount.ch\/wp-content\/uploads\/bsm-images\/a031964_1.jpg","width":266,"height":400},{"@type":"BreadcrumbList","@id":"https:\/\/bogensportdiscount.ch\/it\/prodotto\/magnus-stinger-buzz-ersatzklinge-fuer-sbc\/#breadcrumb","itemListElement":[{"@type":"ListItem","position":1,"name":"Home","item":"https:\/\/bogensportdiscount.ch\/"},{"@type":"ListItem","position":2,"name":"Shop","item":"https:\/\/bogensportdiscount.ch\/shop\/"},{"@type":"ListItem","position":3,"name":"MAGNUS STINGER BUZZ ERSATZKLINGE FUER SBC 3\/PK"}]},{"@type":"WebSite","@id":"https:\/\/bogensportdiscount.ch\/#website","url":"https:\/\/bogensportdiscount.ch\/","name":"Bogensportdiscount","description":"","potentialAction":[{"@type":"SearchAction","target":{"@type":"EntryPoint","urlTemplate":"https:\/\/bogensportdiscount.ch\/?s={search_term_string}"},"query-input":{"@type":"PropertyValueSpecification","valueRequired":true,"valueName":"search_term_string"}}],"inLanguage":"it-IT"}]}},"_links":{"self":[{"href":"https:\/\/bogensportdiscount.ch\/it\/wp-json\/wp\/v2\/product\/397050","targetHints":{"allow":["GET"]}}],"collection":[{"href":"https:\/\/bogensportdiscount.ch\/it\/wp-json\/wp\/v2\/product"}],"about":[{"href":"https:\/\/bogensportdiscount.ch\/it\/wp-json\/wp\/v2\/types\/product"}],"replies":[{"embeddable":true,"href":"https:\/\/bogensportdiscount.ch\/it\/wp-json\/wp\/v2\/comments?post=397050"}],"wp:featuredmedia":[{"embeddable":true,"href":"https:\/\/bogensportdiscount.ch\/it\/wp-json\/wp\/v2\/media\/452517"}],"wp:attachment":[{"href":"https:\/\/bogensportdiscount.ch\/it\/wp-json\/wp\/v2\/media?parent=397050"}],"wp:term":[{"taxonomy":"product_brand","embeddable":true,"href":"https:\/\/bogensportdiscount.ch\/it\/wp-json\/wp\/v2\/product_brand?post=397050"},{"taxonomy":"product_cat","embeddable":true,"href":"https:\/\/bogensportdiscount.ch\/it\/wp-json\/wp\/v2\/product_cat?post=397050"},{"taxonomy":"product_tag","embeddable":true,"href":"https:\/\/bogensportdiscount.ch\/it\/wp-json\/wp\/v2\/product_tag?post=397050"}],"curies":[{"name":"wp","href":"https:\/\/api.w.org\/{rel}","templated":true}]}}