{"id":397047,"date":"2026-04-05T14:38:33","date_gmt":"2026-04-05T12:38:33","guid":{"rendered":"https:\/\/bogensportdiscount.ch\/produkt\/extra-blade-for-ma140-150-12-pk\/"},"modified":"2026-04-15T12:29:32","modified_gmt":"2026-04-15T10:29:32","slug":"magnus-ersatzklinge-fuer-broadhead","status":"publish","type":"product","link":"https:\/\/bogensportdiscount.ch\/it\/prodotto\/magnus-ersatzklinge-fuer-broadhead\/","title":{"rendered":"LAMA EXTRA MAGNUS PER 12\/PZ."},"content":{"rendered":"<p>Diese Ersatzklinge von Magnus ist als Zubeh\u00f6r f\u00fcr Magnus Broadheads konzipiert und erm\u00f6glicht den einfachen Austausch verbrauchter oder besch\u00e4digter Klingen.<\/p>\n<p>Mit frischen Klingen bleiben Ihre Broadheads einsatzbereit und scharf, ohne dass ein vollst\u00e4ndiger Neukauf notwendig ist. Die Klingen werden in den USA gefertigt.<\/p>\n<ul>\n<li>Ersatzklinge f\u00fcr Magnus Broadheads<\/li>\n<li>Herstellung in den USA<\/li>\n<li>Verl\u00e4ngert die Lebensdauer Ihrer Broadheads<\/li>\n<\/ul>","protected":false},"excerpt":{"rendered":"<p>Ersatzklinge von Magnus f\u00fcr Broadheads. Passend f\u00fcr Magnus Broadhead-Modelle, hergestellt in den USA.<\/p>","protected":false},"featured_media":453631,"comment_status":"open","ping_status":"closed","template":"","meta":[],"product_brand":[532],"product_cat":[4179],"product_tag":[],"class_list":{"0":"post-397047","1":"product","2":"type-product","3":"status-publish","4":"has-post-thumbnail","6":"product_brand-magnus","7":"product_cat-einzelteile-zubehoer","9":"first","10":"instock","11":"shipping-taxable","12":"purchasable","13":"product-type-variable"},"_links":{"self":[{"href":"https:\/\/bogensportdiscount.ch\/it\/wp-json\/wp\/v2\/product\/397047","targetHints":{"allow":["GET"]}}],"collection":[{"href":"https:\/\/bogensportdiscount.ch\/it\/wp-json\/wp\/v2\/product"}],"about":[{"href":"https:\/\/bogensportdiscount.ch\/it\/wp-json\/wp\/v2\/types\/product"}],"replies":[{"embeddable":true,"href":"https:\/\/bogensportdiscount.ch\/it\/wp-json\/wp\/v2\/comments?post=397047"}],"wp:featuredmedia":[{"embeddable":true,"href":"https:\/\/bogensportdiscount.ch\/it\/wp-json\/wp\/v2\/media\/453631"}],"wp:attachment":[{"href":"https:\/\/bogensportdiscount.ch\/it\/wp-json\/wp\/v2\/media?parent=397047"}],"wp:term":[{"taxonomy":"product_brand","embeddable":true,"href":"https:\/\/bogensportdiscount.ch\/it\/wp-json\/wp\/v2\/product_brand?post=397047"},{"taxonomy":"product_cat","embeddable":true,"href":"https:\/\/bogensportdiscount.ch\/it\/wp-json\/wp\/v2\/product_cat?post=397047"},{"taxonomy":"product_tag","embeddable":true,"href":"https:\/\/bogensportdiscount.ch\/it\/wp-json\/wp\/v2\/product_tag?post=397047"}],"curies":[{"name":"wp","href":"https:\/\/api.w.org\/{rel}","templated":true}]}}