{"id":396991,"date":"2026-04-05T14:38:25","date_gmt":"2026-04-05T12:38:25","guid":{"rendered":"https:\/\/bogensportdiscount.ch\/produkt\/fixed-blade-broadheads-cutback-100gr-3-blade-screw-in-6-pk\/"},"modified":"2026-04-17T15:42:12","modified_gmt":"2026-04-17T13:42:12","slug":"maximal-broadhead-feststehende-klinge-cutback","status":"publish","type":"product","link":"https:\/\/bogensportdiscount.ch\/it\/prodotto\/maximal-broadhead-feststehende-klinge-cutback\/","title":{"rendered":"MASSIMA TAGLIATA A LAMA FISSA BROADHEAD"},"content":{"rendered":"<p>Der Maximal Cutback ist ein Broadhead mit feststehender Klinge f\u00fcr den Einsatz auf der Jagd oder beim Feldbogenschiessen. Feststehende Klingen bieten gegen\u00fcber mechanischen Broadheads den Vorteil einer einfacheren Konstruktion ohne bewegliche Teile, was die Zuverl\u00e4ssigkeit beim Aufprall erh\u00f6ht.<\/p>\n<p>Der Cutback ist in zwei Gewichtsvarianten erh\u00e4ltlich \u2013 100 Grain und 125 Grain \u2013 und l\u00e4sst sich so an unterschiedliche Pfeilabstimmungen und pers\u00f6nliche Vorlieben anpassen.<\/p>\n<ul>\n<li>Feststehende Klingenkonstruktion f\u00fcr zuverl\u00e4ssige Penetration<\/li>\n<li>Erh\u00e4ltlich in 100 GR und 125 GR<\/li>\n<li>Kompatibel mit Standard-Pfeilsch\u00e4ften<\/li>\n<li>Marke: Maximal<\/li>\n<\/ul>","protected":false},"excerpt":{"rendered":"<p>Der Maximal Cutback ist ein Broadhead mit feststehender Klinge, erh\u00e4ltlich in 100 GR und 125 GR. Er eignet sich f\u00fcr den Jagd- und 3D-Bogensport und bietet zuverl\u00e4ssige Penetration durch seine starre Klingenkonstruktion.<\/p>","protected":false},"featured_media":449407,"comment_status":"open","ping_status":"closed","template":"","meta":[],"product_brand":[780],"product_cat":[4213],"product_tag":[],"class_list":{"0":"post-396991","1":"product","2":"type-product","3":"status-publish","4":"has-post-thumbnail","6":"product_brand-maximal","7":"product_cat-feste-klinge-jagdspitzen","9":"first","10":"instock","11":"shipping-taxable","12":"purchasable","13":"product-type-variable"},"_links":{"self":[{"href":"https:\/\/bogensportdiscount.ch\/it\/wp-json\/wp\/v2\/product\/396991","targetHints":{"allow":["GET"]}}],"collection":[{"href":"https:\/\/bogensportdiscount.ch\/it\/wp-json\/wp\/v2\/product"}],"about":[{"href":"https:\/\/bogensportdiscount.ch\/it\/wp-json\/wp\/v2\/types\/product"}],"replies":[{"embeddable":true,"href":"https:\/\/bogensportdiscount.ch\/it\/wp-json\/wp\/v2\/comments?post=396991"}],"wp:featuredmedia":[{"embeddable":true,"href":"https:\/\/bogensportdiscount.ch\/it\/wp-json\/wp\/v2\/media\/449407"}],"wp:attachment":[{"href":"https:\/\/bogensportdiscount.ch\/it\/wp-json\/wp\/v2\/media?parent=396991"}],"wp:term":[{"taxonomy":"product_brand","embeddable":true,"href":"https:\/\/bogensportdiscount.ch\/it\/wp-json\/wp\/v2\/product_brand?post=396991"},{"taxonomy":"product_cat","embeddable":true,"href":"https:\/\/bogensportdiscount.ch\/it\/wp-json\/wp\/v2\/product_cat?post=396991"},{"taxonomy":"product_tag","embeddable":true,"href":"https:\/\/bogensportdiscount.ch\/it\/wp-json\/wp\/v2\/product_tag?post=396991"}],"curies":[{"name":"wp","href":"https:\/\/api.w.org\/{rel}","templated":true}]}}