{"id":396962,"date":"2026-04-05T14:38:21","date_gmt":"2026-04-05T12:38:21","guid":{"rendered":"https:\/\/bogensportdiscount.ch\/produkt\/expandable-broadheads-shockwave-100-gr-3-blade-3-pk\/"},"modified":"2026-04-20T13:32:29","modified_gmt":"2026-04-20T11:32:29","slug":"nap-mechanischer-broadhead-shockwave","status":"publish","type":"product","link":"https:\/\/bogensportdiscount.ch\/it\/prodotto\/nap-mechanischer-broadhead-shockwave\/","title":{"rendered":"NAP AUSKLAPPBARE JAGDSPITZEN SHOCKWAVE"},"content":{"rendered":"<p>Der NAP Shockwave geh\u00f6rt zur Kategorie der mechanischen Broadheads (Expandable Broadheads) und wird von New Archery Products (NAP) in den USA gefertigt. Mechanische Broadheads dieser Art klappen beim Aufprall aus und bieten dadurch einen grossen Eintrittsdurchmesser.<\/p>\n<p>Der Shockwave ist in zwei Gewichtsvarianten erh\u00e4ltlich \u2013 100 Grain und 125 Grain \u2013 und l\u00e4sst sich so optimal auf unterschiedliche Pfeilgewichte und Zuggewichte abstimmen.<\/p>\n<ul>\n<li>Mechanisch expandierende Klingen f\u00fcr grossen Schnittdurchmesser<\/li>\n<li>Disponibile in 100 GR e 125 GR<\/li>\n<li>Prodotto negli Stati Uniti<\/li>\n<li>Geeignet f\u00fcr die Jagd mit Compound-Bogen<\/li>\n<\/ul>","protected":false},"excerpt":{"rendered":"<p>Der NAP Shockwave ist ein mechanischer Expandable Broadhead aus US-amerikanischer Produktion. Erh\u00e4ltlich in den Gewichtsvarianten 100 GR und 125 GR, eignet er sich f\u00fcr den Einsatz mit Compound- und traditionellen B\u00f6gen.<\/p>","protected":false},"featured_media":452502,"comment_status":"open","ping_status":"closed","template":"","meta":[],"product_brand":[557],"product_cat":[4212],"product_tag":[],"class_list":{"0":"post-396962","1":"product","2":"type-product","3":"status-publish","4":"has-post-thumbnail","6":"product_brand-nap","7":"product_cat-mechanische-jagdspitzen","9":"first","10":"instock","11":"shipping-taxable","12":"purchasable","13":"product-type-variable"},"yoast_head":"<!-- This site is optimized with the Yoast SEO plugin v27.4 - https:\/\/yoast.com\/product\/yoast-seo-wordpress\/ -->\n<title>NAP AUSKLAPPBARE JAGDSPITZEN SHOCKWAVE - Bogensportdiscount \u2013 B\u00f6gen, Pfeile, Targets &amp; Zubeh\u00f6r<\/title>\n<meta name=\"description\" content=\"NAP AUSKLAPPBARE JAGDSPITZEN SHOCKWAVE g\u00fcnstig kaufen bei Bogensportdiscount \u2013 Top-Marken, schneller Versand aus der Schweiz.\" \/>\n<meta name=\"robots\" content=\"noindex, follow, max-snippet:-1, max-image-preview:large, max-video-preview:-1\" \/>\n<meta property=\"og:locale\" content=\"it_IT\" \/>\n<meta property=\"og:type\" content=\"article\" \/>\n<meta property=\"og:title\" content=\"NAP AUSKLAPPBARE JAGDSPITZEN SHOCKWAVE - Bogensportdiscount \u2013 B\u00f6gen, Pfeile, Targets &amp; Zubeh\u00f6r\" \/>\n<meta property=\"og:description\" content=\"NAP AUSKLAPPBARE JAGDSPITZEN SHOCKWAVE g\u00fcnstig kaufen bei Bogensportdiscount \u2013 Top-Marken, schneller Versand aus der Schweiz.\" \/>\n<meta property=\"og:url\" content=\"https:\/\/bogensportdiscount.ch\/it\/produit\/nap-mechanischer-broadhead-shockwave\/\" \/>\n<meta property=\"og:site_name\" content=\"Bogensportdiscount \u2013 B\u00f6gen, Pfeile, Targets &amp; Zubeh\u00f6r\" \/>\n<meta property=\"article:modified_time\" content=\"2026-04-20T11:32:29+00:00\" \/>\n<meta property=\"og:image\" content=\"https:\/\/bogensportdiscount.ch\/wp-content\/uploads\/bsm-images\/a031749_1.jpg\" \/>\n\t<meta property=\"og:image:width\" content=\"400\" \/>\n\t<meta property=\"og:image:height\" content=\"392\" \/>\n\t<meta property=\"og:image:type\" content=\"image\/jpeg\" \/>\n<meta name=\"twitter:card\" content=\"summary_large_image\" \/>\n<script type=\"application\/ld+json\" class=\"yoast-schema-graph\">{\"@context\":\"https:\\\/\\\/schema.org\",\"@graph\":[{\"@type\":\"WebPage\",\"@id\":\"https:\\\/\\\/bogensportdiscount.ch\\\/fr\\\/produit\\\/nap-mechanischer-broadhead-shockwave\\\/\",\"url\":\"https:\\\/\\\/bogensportdiscount.ch\\\/fr\\\/produit\\\/nap-mechanischer-broadhead-shockwave\\\/\",\"name\":\"NAP AUSKLAPPBARE JAGDSPITZEN SHOCKWAVE - Bogensportdiscount \u2013 B\u00f6gen, Pfeile, Targets &amp; Zubeh\u00f6r\",\"isPartOf\":{\"@id\":\"https:\\\/\\\/bogensportdiscount.ch\\\/#website\"},\"primaryImageOfPage\":{\"@id\":\"https:\\\/\\\/bogensportdiscount.ch\\\/fr\\\/produit\\\/nap-mechanischer-broadhead-shockwave\\\/#primaryimage\"},\"image\":{\"@id\":\"https:\\\/\\\/bogensportdiscount.ch\\\/fr\\\/produit\\\/nap-mechanischer-broadhead-shockwave\\\/#primaryimage\"},\"thumbnailUrl\":\"https:\\\/\\\/bogensportdiscount.ch\\\/wp-content\\\/uploads\\\/bsm-images\\\/a031749_1.jpg\",\"datePublished\":\"2026-04-05T12:38:21+00:00\",\"dateModified\":\"2026-04-20T11:32:29+00:00\",\"description\":\"NAP AUSKLAPPBARE JAGDSPITZEN SHOCKWAVE g\u00fcnstig kaufen bei Bogensportdiscount \u2013 Top-Marken, schneller Versand aus der Schweiz.\",\"breadcrumb\":{\"@id\":\"https:\\\/\\\/bogensportdiscount.ch\\\/fr\\\/produit\\\/nap-mechanischer-broadhead-shockwave\\\/#breadcrumb\"},\"inLanguage\":\"it-IT\",\"potentialAction\":[{\"@type\":\"ReadAction\",\"target\":[\"https:\\\/\\\/bogensportdiscount.ch\\\/fr\\\/produit\\\/nap-mechanischer-broadhead-shockwave\\\/\"]}]},{\"@type\":\"ImageObject\",\"inLanguage\":\"it-IT\",\"@id\":\"https:\\\/\\\/bogensportdiscount.ch\\\/fr\\\/produit\\\/nap-mechanischer-broadhead-shockwave\\\/#primaryimage\",\"url\":\"https:\\\/\\\/bogensportdiscount.ch\\\/wp-content\\\/uploads\\\/bsm-images\\\/a031749_1.jpg\",\"contentUrl\":\"https:\\\/\\\/bogensportdiscount.ch\\\/wp-content\\\/uploads\\\/bsm-images\\\/a031749_1.jpg\",\"width\":400,\"height\":392},{\"@type\":\"BreadcrumbList\",\"@id\":\"https:\\\/\\\/bogensportdiscount.ch\\\/fr\\\/produit\\\/nap-mechanischer-broadhead-shockwave\\\/#breadcrumb\",\"itemListElement\":[{\"@type\":\"ListItem\",\"position\":1,\"name\":\"Home\",\"item\":\"https:\\\/\\\/bogensportdiscount.ch\\\/\"},{\"@type\":\"ListItem\",\"position\":2,\"name\":\"Shop\",\"item\":\"https:\\\/\\\/bogensportdiscount.ch\\\/shop\\\/\"},{\"@type\":\"ListItem\",\"position\":3,\"name\":\"NAP AUSKLAPPBARE JAGDSPITZEN SHOCKWAVE\"}]},{\"@type\":\"WebSite\",\"@id\":\"https:\\\/\\\/bogensportdiscount.ch\\\/#website\",\"url\":\"https:\\\/\\\/bogensportdiscount.ch\\\/\",\"name\":\"Bogensportdiscount\",\"description\":\"\",\"potentialAction\":[{\"@type\":\"SearchAction\",\"target\":{\"@type\":\"EntryPoint\",\"urlTemplate\":\"https:\\\/\\\/bogensportdiscount.ch\\\/?s={search_term_string}\"},\"query-input\":{\"@type\":\"PropertyValueSpecification\",\"valueRequired\":true,\"valueName\":\"search_term_string\"}}],\"inLanguage\":\"it-IT\"}]}<\/script>\n<!-- \/ Yoast SEO plugin. -->","yoast_head_json":{"title":"NAP AUSKLAPPBARE JAGDSPITZEN SHOCKWAVE - Bogensportdiscount \u2013 B\u00f6gen, Pfeile, Targets &amp; Zubeh\u00f6r","description":"NAP AUSKLAPPBARE JAGDSPITZEN SHOCKWAVE g\u00fcnstig kaufen bei Bogensportdiscount \u2013 Top-Marken, schneller Versand aus der Schweiz.","robots":{"index":"noindex","follow":"follow","max-snippet":"max-snippet:-1","max-image-preview":"max-image-preview:large","max-video-preview":"max-video-preview:-1"},"og_locale":"it_IT","og_type":"article","og_title":"NAP AUSKLAPPBARE JAGDSPITZEN SHOCKWAVE - Bogensportdiscount \u2013 B\u00f6gen, Pfeile, Targets &amp; Zubeh\u00f6r","og_description":"NAP AUSKLAPPBARE JAGDSPITZEN SHOCKWAVE g\u00fcnstig kaufen bei Bogensportdiscount \u2013 Top-Marken, schneller Versand aus der Schweiz.","og_url":"https:\/\/bogensportdiscount.ch\/it\/produit\/nap-mechanischer-broadhead-shockwave\/","og_site_name":"Bogensportdiscount \u2013 B\u00f6gen, Pfeile, Targets &amp; Zubeh\u00f6r","article_modified_time":"2026-04-20T11:32:29+00:00","og_image":[{"width":400,"height":392,"url":"https:\/\/bogensportdiscount.ch\/wp-content\/uploads\/bsm-images\/a031749_1.jpg","type":"image\/jpeg"}],"twitter_card":"summary_large_image","schema":{"@context":"https:\/\/schema.org","@graph":[{"@type":"WebPage","@id":"https:\/\/bogensportdiscount.ch\/fr\/produit\/nap-mechanischer-broadhead-shockwave\/","url":"https:\/\/bogensportdiscount.ch\/fr\/produit\/nap-mechanischer-broadhead-shockwave\/","name":"NAP AUSKLAPPBARE JAGDSPITZEN SHOCKWAVE - Bogensportdiscount \u2013 B\u00f6gen, Pfeile, Targets &amp; Zubeh\u00f6r","isPartOf":{"@id":"https:\/\/bogensportdiscount.ch\/#website"},"primaryImageOfPage":{"@id":"https:\/\/bogensportdiscount.ch\/fr\/produit\/nap-mechanischer-broadhead-shockwave\/#primaryimage"},"image":{"@id":"https:\/\/bogensportdiscount.ch\/fr\/produit\/nap-mechanischer-broadhead-shockwave\/#primaryimage"},"thumbnailUrl":"https:\/\/bogensportdiscount.ch\/wp-content\/uploads\/bsm-images\/a031749_1.jpg","datePublished":"2026-04-05T12:38:21+00:00","dateModified":"2026-04-20T11:32:29+00:00","description":"NAP AUSKLAPPBARE JAGDSPITZEN SHOCKWAVE g\u00fcnstig kaufen bei Bogensportdiscount \u2013 Top-Marken, schneller Versand aus der Schweiz.","breadcrumb":{"@id":"https:\/\/bogensportdiscount.ch\/fr\/produit\/nap-mechanischer-broadhead-shockwave\/#breadcrumb"},"inLanguage":"it-IT","potentialAction":[{"@type":"ReadAction","target":["https:\/\/bogensportdiscount.ch\/fr\/produit\/nap-mechanischer-broadhead-shockwave\/"]}]},{"@type":"ImageObject","inLanguage":"it-IT","@id":"https:\/\/bogensportdiscount.ch\/fr\/produit\/nap-mechanischer-broadhead-shockwave\/#primaryimage","url":"https:\/\/bogensportdiscount.ch\/wp-content\/uploads\/bsm-images\/a031749_1.jpg","contentUrl":"https:\/\/bogensportdiscount.ch\/wp-content\/uploads\/bsm-images\/a031749_1.jpg","width":400,"height":392},{"@type":"BreadcrumbList","@id":"https:\/\/bogensportdiscount.ch\/fr\/produit\/nap-mechanischer-broadhead-shockwave\/#breadcrumb","itemListElement":[{"@type":"ListItem","position":1,"name":"Home","item":"https:\/\/bogensportdiscount.ch\/"},{"@type":"ListItem","position":2,"name":"Shop","item":"https:\/\/bogensportdiscount.ch\/shop\/"},{"@type":"ListItem","position":3,"name":"NAP AUSKLAPPBARE JAGDSPITZEN SHOCKWAVE"}]},{"@type":"WebSite","@id":"https:\/\/bogensportdiscount.ch\/#website","url":"https:\/\/bogensportdiscount.ch\/","name":"Bogensportdiscount","description":"","potentialAction":[{"@type":"SearchAction","target":{"@type":"EntryPoint","urlTemplate":"https:\/\/bogensportdiscount.ch\/?s={search_term_string}"},"query-input":{"@type":"PropertyValueSpecification","valueRequired":true,"valueName":"search_term_string"}}],"inLanguage":"it-IT"}]}},"_links":{"self":[{"href":"https:\/\/bogensportdiscount.ch\/it\/wp-json\/wp\/v2\/product\/396962","targetHints":{"allow":["GET"]}}],"collection":[{"href":"https:\/\/bogensportdiscount.ch\/it\/wp-json\/wp\/v2\/product"}],"about":[{"href":"https:\/\/bogensportdiscount.ch\/it\/wp-json\/wp\/v2\/types\/product"}],"replies":[{"embeddable":true,"href":"https:\/\/bogensportdiscount.ch\/it\/wp-json\/wp\/v2\/comments?post=396962"}],"wp:featuredmedia":[{"embeddable":true,"href":"https:\/\/bogensportdiscount.ch\/it\/wp-json\/wp\/v2\/media\/452502"}],"wp:attachment":[{"href":"https:\/\/bogensportdiscount.ch\/it\/wp-json\/wp\/v2\/media?parent=396962"}],"wp:term":[{"taxonomy":"product_brand","embeddable":true,"href":"https:\/\/bogensportdiscount.ch\/it\/wp-json\/wp\/v2\/product_brand?post=396962"},{"taxonomy":"product_cat","embeddable":true,"href":"https:\/\/bogensportdiscount.ch\/it\/wp-json\/wp\/v2\/product_cat?post=396962"},{"taxonomy":"product_tag","embeddable":true,"href":"https:\/\/bogensportdiscount.ch\/it\/wp-json\/wp\/v2\/product_tag?post=396962"}],"curies":[{"name":"wp","href":"https:\/\/api.w.org\/{rel}","templated":true}]}}