{"id":396952,"date":"2026-04-05T14:38:20","date_gmt":"2026-04-05T12:38:20","guid":{"rendered":"https:\/\/bogensportdiscount.ch\/produkt\/bow-squares-gauges-alu-anodised-inches-and-centimeters-blue\/"},"modified":"2026-04-20T13:32:29","modified_gmt":"2026-04-20T11:32:29","slug":"wns-bogen-winkelmesser-alu-eloxiert-zoll-zentimeter","status":"publish","type":"product","link":"https:\/\/bogensportdiscount.ch\/it\/prodotto\/wns-bogen-winkelmesser-alu-eloxiert-zoll-zentimeter\/","title":{"rendered":"WNS BOGEN-WINKELMESSER ALU ELOXIERT ZOLL UND ZENTIMETER"},"content":{"rendered":"<p>Der WNS Bogen-Winkelmesser (Bow Square) ist ein Einstellwerkzeug f\u00fcr Recurve- und Langb\u00f6gen. Er dient zur Kontrolle der Nockpunktposition sowie der Pfeilauflage und hilft dabei, den Bogen pr\u00e4zise und reproduzierbar einzustellen.<\/p>\n<p>Das Ger\u00e4t ist aus eloxiertem Aluminium gefertigt, was eine robuste und langlebige Konstruktion gew\u00e4hrleistet. Die doppelte Skalierung in Zoll und Zentimeter macht das Werkzeug universell einsetzbar.<\/p>\n<ul>\n<li>Material: Eloxiertes Aluminium<\/li>\n<li>Skalierung: Zoll und Zentimeter<\/li>\n<li>Erh\u00e4ltlich in Blau, Gold, Rot und Silber<\/li>\n<li>Geeignet f\u00fcr die Bogeneinstellung und Nockpunktkontrolle<\/li>\n<\/ul>","protected":false},"excerpt":{"rendered":"<p><strong>Marchio:<\/strong> WNS<\/p>","protected":false},"featured_media":453631,"comment_status":"open","ping_status":"closed","template":"","meta":[],"product_brand":[461],"product_cat":[4381],"product_tag":[],"class_list":{"0":"post-396952","1":"product","2":"type-product","3":"status-publish","4":"has-post-thumbnail","6":"product_brand-wns","7":"product_cat-bow-squares","9":"first","10":"instock","11":"shipping-taxable","12":"purchasable","13":"product-type-variable"},"yoast_head":"<!-- This site is optimized with the Yoast SEO plugin v27.4 - https:\/\/yoast.com\/product\/yoast-seo-wordpress\/ -->\n<title>Misuratore di angoli per archi WNS in alluminio anodizzato, in pollici e centimetri - Bogensportdiscount \u2013 Archi, frecce, bersagli e accessori<\/title>\n<meta name=\"description\" content=\"Misuratore angolare ad arco WNS in alluminio anodizzato (pollici e centimetri): acquista a un prezzo conveniente su Bogensportdiscount \u2013 Marchi di punta, spedizione rapida dalla Svizzera.\" \/>\n<meta name=\"robots\" content=\"noindex, follow, max-snippet:-1, max-image-preview:large, max-video-preview:-1\" \/>\n<meta property=\"og:locale\" content=\"it_IT\" \/>\n<meta property=\"og:type\" content=\"article\" \/>\n<meta property=\"og:title\" content=\"Misuratore di angoli per archi WNS in alluminio anodizzato, in pollici e centimetri - Bogensportdiscount \u2013 Archi, frecce, bersagli e accessori\" \/>\n<meta property=\"og:description\" content=\"Misuratore angolare ad arco WNS in alluminio anodizzato (pollici e centimetri): acquista a un prezzo conveniente su Bogensportdiscount \u2013 Marchi di punta, spedizione rapida dalla Svizzera.\" \/>\n<meta property=\"og:url\" content=\"https:\/\/bogensportdiscount.ch\/it\/produit\/wns-bogen-winkelmesser-alu-eloxiert-zoll-zentimeter\/\" \/>\n<meta property=\"og:site_name\" content=\"Bogensportdiscount \u2013 B\u00f6gen, Pfeile, Targets &amp; Zubeh\u00f6r\" \/>\n<meta property=\"article:modified_time\" content=\"2026-04-20T11:32:29+00:00\" \/>\n<meta property=\"og:image\" content=\"https:\/\/bogensportdiscount.ch\/wp-content\/uploads\/bsm-images\/A016365_1.png\" \/>\n\t<meta property=\"og:image:width\" content=\"1599\" \/>\n\t<meta property=\"og:image:height\" content=\"861\" \/>\n\t<meta property=\"og:image:type\" content=\"image\/png\" \/>\n<meta name=\"twitter:card\" content=\"summary_large_image\" \/>\n<script type=\"application\/ld+json\" class=\"yoast-schema-graph\">{\"@context\":\"https:\\\/\\\/schema.org\",\"@graph\":[{\"@type\":\"WebPage\",\"@id\":\"https:\\\/\\\/bogensportdiscount.ch\\\/fr\\\/produit\\\/wns-bogen-winkelmesser-alu-eloxiert-zoll-zentimeter\\\/\",\"url\":\"https:\\\/\\\/bogensportdiscount.ch\\\/fr\\\/produit\\\/wns-bogen-winkelmesser-alu-eloxiert-zoll-zentimeter\\\/\",\"name\":\"WNS BOGEN-WINKELMESSER ALU ELOXIERT ZOLL UND ZENTIMETER - Bogensportdiscount \u2013 B\u00f6gen, Pfeile, Targets &amp; Zubeh\u00f6r\",\"isPartOf\":{\"@id\":\"https:\\\/\\\/bogensportdiscount.ch\\\/#website\"},\"primaryImageOfPage\":{\"@id\":\"https:\\\/\\\/bogensportdiscount.ch\\\/fr\\\/produit\\\/wns-bogen-winkelmesser-alu-eloxiert-zoll-zentimeter\\\/#primaryimage\"},\"image\":{\"@id\":\"https:\\\/\\\/bogensportdiscount.ch\\\/fr\\\/produit\\\/wns-bogen-winkelmesser-alu-eloxiert-zoll-zentimeter\\\/#primaryimage\"},\"thumbnailUrl\":\"https:\\\/\\\/bogensportdiscount.ch\\\/wp-content\\\/uploads\\\/2026\\\/04\\\/bogensportdiscount.ch-pfeile-boegen-zubehoer-fuer-anfaenger-und-profis-zum-besten-preis-Symbolbild-kein-foto-zu-diesem-artikel_01.jpg\",\"datePublished\":\"2026-04-05T12:38:20+00:00\",\"dateModified\":\"2026-04-20T11:32:29+00:00\",\"description\":\"WNS BOGEN-WINKELMESSER ALU ELOXIERT ZOLL UND ZENTIMETER g\u00fcnstig kaufen bei Bogensportdiscount \u2013 Top-Marken, schneller Versand aus der Schweiz.\",\"breadcrumb\":{\"@id\":\"https:\\\/\\\/bogensportdiscount.ch\\\/fr\\\/produit\\\/wns-bogen-winkelmesser-alu-eloxiert-zoll-zentimeter\\\/#breadcrumb\"},\"inLanguage\":\"it-IT\",\"potentialAction\":[{\"@type\":\"ReadAction\",\"target\":[\"https:\\\/\\\/bogensportdiscount.ch\\\/fr\\\/produit\\\/wns-bogen-winkelmesser-alu-eloxiert-zoll-zentimeter\\\/\"]}]},{\"@type\":\"ImageObject\",\"inLanguage\":\"it-IT\",\"@id\":\"https:\\\/\\\/bogensportdiscount.ch\\\/fr\\\/produit\\\/wns-bogen-winkelmesser-alu-eloxiert-zoll-zentimeter\\\/#primaryimage\",\"url\":\"https:\\\/\\\/bogensportdiscount.ch\\\/wp-content\\\/uploads\\\/2026\\\/04\\\/bogensportdiscount.ch-pfeile-boegen-zubehoer-fuer-anfaenger-und-profis-zum-besten-preis-Symbolbild-kein-foto-zu-diesem-artikel_01.jpg\",\"contentUrl\":\"https:\\\/\\\/bogensportdiscount.ch\\\/wp-content\\\/uploads\\\/2026\\\/04\\\/bogensportdiscount.ch-pfeile-boegen-zubehoer-fuer-anfaenger-und-profis-zum-besten-preis-Symbolbild-kein-foto-zu-diesem-artikel_01.jpg\",\"width\":1080,\"height\":1080},{\"@type\":\"BreadcrumbList\",\"@id\":\"https:\\\/\\\/bogensportdiscount.ch\\\/fr\\\/produit\\\/wns-bogen-winkelmesser-alu-eloxiert-zoll-zentimeter\\\/#breadcrumb\",\"itemListElement\":[{\"@type\":\"ListItem\",\"position\":1,\"name\":\"Home\",\"item\":\"https:\\\/\\\/bogensportdiscount.ch\\\/\"},{\"@type\":\"ListItem\",\"position\":2,\"name\":\"Shop\",\"item\":\"https:\\\/\\\/bogensportdiscount.ch\\\/shop\\\/\"},{\"@type\":\"ListItem\",\"position\":3,\"name\":\"WNS BOGEN-WINKELMESSER ALU ELOXIERT ZOLL UND ZENTIMETER\"}]},{\"@type\":\"WebSite\",\"@id\":\"https:\\\/\\\/bogensportdiscount.ch\\\/#website\",\"url\":\"https:\\\/\\\/bogensportdiscount.ch\\\/\",\"name\":\"Bogensportdiscount\",\"description\":\"\",\"potentialAction\":[{\"@type\":\"SearchAction\",\"target\":{\"@type\":\"EntryPoint\",\"urlTemplate\":\"https:\\\/\\\/bogensportdiscount.ch\\\/?s={search_term_string}\"},\"query-input\":{\"@type\":\"PropertyValueSpecification\",\"valueRequired\":true,\"valueName\":\"search_term_string\"}}],\"inLanguage\":\"it-IT\"}]}<\/script>\n<!-- \/ Yoast SEO plugin. -->","yoast_head_json":{"title":"Misuratore di angoli per archi WNS in alluminio anodizzato, in pollici e centimetri - Bogensportdiscount \u2013 Archi, frecce, bersagli e accessori","description":"Misuratore angolare ad arco WNS in alluminio anodizzato (pollici e centimetri): acquista a un prezzo conveniente su Bogensportdiscount \u2013 Marchi di punta, spedizione rapida dalla Svizzera.","robots":{"index":"noindex","follow":"follow","max-snippet":"max-snippet:-1","max-image-preview":"max-image-preview:large","max-video-preview":"max-video-preview:-1"},"og_locale":"it_IT","og_type":"article","og_title":"Misuratore di angoli per archi WNS in alluminio anodizzato, in pollici e centimetri - Bogensportdiscount \u2013 Archi, frecce, bersagli e accessori","og_description":"Misuratore angolare ad arco WNS in alluminio anodizzato (pollici e centimetri): acquista a un prezzo conveniente su Bogensportdiscount \u2013 Marchi di punta, spedizione rapida dalla Svizzera.","og_url":"https:\/\/bogensportdiscount.ch\/it\/produit\/wns-bogen-winkelmesser-alu-eloxiert-zoll-zentimeter\/","og_site_name":"Bogensportdiscount \u2013 B\u00f6gen, Pfeile, Targets &amp; Zubeh\u00f6r","article_modified_time":"2026-04-20T11:32:29+00:00","og_image":[{"width":1599,"height":861,"url":"https:\/\/bogensportdiscount.ch\/wp-content\/uploads\/bsm-images\/A016365_1.png","type":"image\/png"}],"twitter_card":"summary_large_image","schema":{"@context":"https:\/\/schema.org","@graph":[{"@type":"WebPage","@id":"https:\/\/bogensportdiscount.ch\/fr\/produit\/wns-bogen-winkelmesser-alu-eloxiert-zoll-zentimeter\/","url":"https:\/\/bogensportdiscount.ch\/fr\/produit\/wns-bogen-winkelmesser-alu-eloxiert-zoll-zentimeter\/","name":"Misuratore di angoli per archi WNS in alluminio anodizzato, in pollici e centimetri - Bogensportdiscount \u2013 Archi, frecce, bersagli e accessori","isPartOf":{"@id":"https:\/\/bogensportdiscount.ch\/#website"},"primaryImageOfPage":{"@id":"https:\/\/bogensportdiscount.ch\/fr\/produit\/wns-bogen-winkelmesser-alu-eloxiert-zoll-zentimeter\/#primaryimage"},"image":{"@id":"https:\/\/bogensportdiscount.ch\/fr\/produit\/wns-bogen-winkelmesser-alu-eloxiert-zoll-zentimeter\/#primaryimage"},"thumbnailUrl":"https:\/\/bogensportdiscount.ch\/wp-content\/uploads\/2026\/04\/bogensportdiscount.ch-pfeile-boegen-zubehoer-fuer-anfaenger-und-profis-zum-besten-preis-Symbolbild-kein-foto-zu-diesem-artikel_01.jpg","datePublished":"2026-04-05T12:38:20+00:00","dateModified":"2026-04-20T11:32:29+00:00","description":"Misuratore angolare ad arco WNS in alluminio anodizzato (pollici e centimetri): acquista a un prezzo conveniente su Bogensportdiscount \u2013 Marchi di punta, spedizione rapida dalla Svizzera.","breadcrumb":{"@id":"https:\/\/bogensportdiscount.ch\/fr\/produit\/wns-bogen-winkelmesser-alu-eloxiert-zoll-zentimeter\/#breadcrumb"},"inLanguage":"it-IT","potentialAction":[{"@type":"ReadAction","target":["https:\/\/bogensportdiscount.ch\/fr\/produit\/wns-bogen-winkelmesser-alu-eloxiert-zoll-zentimeter\/"]}]},{"@type":"ImageObject","inLanguage":"it-IT","@id":"https:\/\/bogensportdiscount.ch\/fr\/produit\/wns-bogen-winkelmesser-alu-eloxiert-zoll-zentimeter\/#primaryimage","url":"https:\/\/bogensportdiscount.ch\/wp-content\/uploads\/2026\/04\/bogensportdiscount.ch-pfeile-boegen-zubehoer-fuer-anfaenger-und-profis-zum-besten-preis-Symbolbild-kein-foto-zu-diesem-artikel_01.jpg","contentUrl":"https:\/\/bogensportdiscount.ch\/wp-content\/uploads\/2026\/04\/bogensportdiscount.ch-pfeile-boegen-zubehoer-fuer-anfaenger-und-profis-zum-besten-preis-Symbolbild-kein-foto-zu-diesem-artikel_01.jpg","width":1080,"height":1080},{"@type":"BreadcrumbList","@id":"https:\/\/bogensportdiscount.ch\/fr\/produit\/wns-bogen-winkelmesser-alu-eloxiert-zoll-zentimeter\/#breadcrumb","itemListElement":[{"@type":"ListItem","position":1,"name":"Home","item":"https:\/\/bogensportdiscount.ch\/"},{"@type":"ListItem","position":2,"name":"Shop","item":"https:\/\/bogensportdiscount.ch\/shop\/"},{"@type":"ListItem","position":3,"name":"WNS BOGEN-WINKELMESSER ALU ELOXIERT ZOLL UND ZENTIMETER"}]},{"@type":"WebSite","@id":"https:\/\/bogensportdiscount.ch\/#website","url":"https:\/\/bogensportdiscount.ch\/","name":"Bogensportdiscount","description":"","potentialAction":[{"@type":"SearchAction","target":{"@type":"EntryPoint","urlTemplate":"https:\/\/bogensportdiscount.ch\/?s={search_term_string}"},"query-input":{"@type":"PropertyValueSpecification","valueRequired":true,"valueName":"search_term_string"}}],"inLanguage":"it-IT"}]}},"_links":{"self":[{"href":"https:\/\/bogensportdiscount.ch\/it\/wp-json\/wp\/v2\/product\/396952","targetHints":{"allow":["GET"]}}],"collection":[{"href":"https:\/\/bogensportdiscount.ch\/it\/wp-json\/wp\/v2\/product"}],"about":[{"href":"https:\/\/bogensportdiscount.ch\/it\/wp-json\/wp\/v2\/types\/product"}],"replies":[{"embeddable":true,"href":"https:\/\/bogensportdiscount.ch\/it\/wp-json\/wp\/v2\/comments?post=396952"}],"wp:featuredmedia":[{"embeddable":true,"href":"https:\/\/bogensportdiscount.ch\/it\/wp-json\/wp\/v2\/media\/453631"}],"wp:attachment":[{"href":"https:\/\/bogensportdiscount.ch\/it\/wp-json\/wp\/v2\/media?parent=396952"}],"wp:term":[{"taxonomy":"product_brand","embeddable":true,"href":"https:\/\/bogensportdiscount.ch\/it\/wp-json\/wp\/v2\/product_brand?post=396952"},{"taxonomy":"product_cat","embeddable":true,"href":"https:\/\/bogensportdiscount.ch\/it\/wp-json\/wp\/v2\/product_cat?post=396952"},{"taxonomy":"product_tag","embeddable":true,"href":"https:\/\/bogensportdiscount.ch\/it\/wp-json\/wp\/v2\/product_tag?post=396952"}],"curies":[{"name":"wp","href":"https:\/\/api.w.org\/{rel}","templated":true}]}}