{"id":396873,"date":"2026-04-05T14:38:10","date_gmt":"2026-04-05T12:38:10","guid":{"rendered":"https:\/\/bogensportdiscount.ch\/produkt\/hand-style-whipper-snapper-thumb-3-finger\/"},"modified":"2026-05-15T05:52:12","modified_gmt":"2026-05-15T03:52:12","slug":"spothogg-thumb-release-whipper-snapper-hand-style","status":"publish","type":"product","link":"https:\/\/bogensportdiscount.ch\/it\/prodotto\/spothogg-thumb-release-whipper-snapper-hand-style\/","title":{"rendered":"SPOTHOGG HAND-STYLE WHIPPER SNAPPER POLLICE"},"content":{"rendered":"<p>Lo SPOTHOGG Whipper Snapper Hand Style \u00e8 uno sgancio a pollice (thumb release) della collaudata serie Whipper Snapper di SPOT HOGG. \u00c8 disponibile in versione a 3 dita e a 4 dita, cos\u00ec gli arcieri possono scegliere la versione pi\u00f9 adatta in base alla dimensione della mano e alle proprie preferenze personali.<\/p>\n<p>SPOT HOGG \u00e8 un produttore statunitense specializzato in accessori di alta qualit\u00e0 per il tiro con l'arco. Gli sganci Whipper Snapper sono considerati ausl\u00f6ser robusti e affidabili per l'uso quotidiano in allenamento e sui percorsi.<\/p>\n<ul>\n<li>Sgancio a pollice (Hand Style) per un rilascio preciso e controllato<\/li>\n<li>Disponibile nelle versioni a 3 dita e 4 dita<\/li>\n<li>Prodotto negli USA<\/li>\n<li>AVALON MISURATORE D'ANGOLO STANDARD ALLUMINIO<\/li>\n<\/ul>","protected":false},"excerpt":{"rendered":"<table>\n<tr>\n<th>Propriet\u00e0<\/th>\n<th>Valore<\/th>\n<\/tr>\n<tr>\n<td>Marca<\/td>\n<td>Spot-Hogg<\/td>\n<\/tr>\n<tr>\n<td>Paese di origine<\/td>\n<td>USA<\/td>\n<\/tr>\n<\/table>","protected":false},"featured_media":449386,"comment_status":"open","ping_status":"closed","template":"","meta":[],"product_brand":[538],"product_cat":[4209],"product_tag":[],"class_list":{"0":"post-396873","1":"product","2":"type-product","3":"status-publish","4":"has-post-thumbnail","6":"product_brand-spothogg","7":"product_cat-thumb-releases","8":"product_shipping_class-bsd-standard","10":"first","11":"instock","12":"shipping-taxable","13":"purchasable","14":"product-type-variable"},"yoast_head":"<!-- This site is optimized with the Yoast SEO plugin v27.6 - https:\/\/yoast.com\/product\/yoast-seo-wordpress\/ -->\n<title>SPOTHOGG HAND-STYLE WHIPPER SNAPPER DAUMEN - Bogensportdiscount \u2013 B\u00f6gen, Pfeile, Targets &amp; Zubeh\u00f6r<\/title>\n<meta name=\"description\" content=\"SPOTHOGG HAND-STYLE WHIPPER SNAPPER DAUMEN g\u00fcnstig kaufen bei Bogensportdiscount \u2013 Top-Marken, schneller Versand aus der Schweiz.\" \/>\n<meta name=\"robots\" content=\"index, follow, max-snippet:-1, max-image-preview:large, max-video-preview:-1\" \/>\n<link rel=\"canonical\" href=\"https:\/\/bogensportdiscount.ch\/it\/prodotto\/spothogg-thumb-release-whipper-snapper-hand-style\/\" \/>\n<meta property=\"og:locale\" content=\"it_IT\" \/>\n<meta property=\"og:type\" content=\"article\" \/>\n<meta property=\"og:title\" content=\"SPOTHOGG HAND-STYLE WHIPPER SNAPPER DAUMEN - Bogensportdiscount \u2013 B\u00f6gen, Pfeile, Targets &amp; Zubeh\u00f6r\" \/>\n<meta property=\"og:description\" content=\"SPOTHOGG HAND-STYLE WHIPPER SNAPPER DAUMEN g\u00fcnstig kaufen bei Bogensportdiscount \u2013 Top-Marken, schneller Versand aus der Schweiz.\" \/>\n<meta property=\"og:url\" content=\"https:\/\/bogensportdiscount.ch\/it\/prodotto\/spothogg-thumb-release-whipper-snapper-hand-style\/\" \/>\n<meta property=\"og:site_name\" content=\"Bogensportdiscount \u2013 B\u00f6gen, Pfeile, Targets &amp; Zubeh\u00f6r\" \/>\n<meta property=\"article:modified_time\" content=\"2026-05-15T03:52:12+00:00\" \/>\n<meta property=\"og:image\" content=\"https:\/\/bogensportdiscount.ch\/wp-content\/uploads\/bsm-images\/A015386_1.png\" \/>\n\t<meta property=\"og:image:width\" content=\"1181\" \/>\n\t<meta property=\"og:image:height\" content=\"1247\" \/>\n\t<meta property=\"og:image:type\" content=\"image\/png\" \/>\n<meta name=\"twitter:card\" content=\"summary_large_image\" \/>\n<meta name=\"twitter:label1\" content=\"Tempo di lettura stimato\" \/>\n\t<meta name=\"twitter:data1\" content=\"1 minuto\" \/>\n<script type=\"application\/ld+json\" class=\"yoast-schema-graph\">{\"@context\":\"https:\\\/\\\/schema.org\",\"@graph\":[{\"@type\":\"WebPage\",\"@id\":\"https:\\\/\\\/bogensportdiscount.ch\\\/produkt\\\/spothogg-thumb-release-whipper-snapper-hand-style\\\/\",\"url\":\"https:\\\/\\\/bogensportdiscount.ch\\\/produkt\\\/spothogg-thumb-release-whipper-snapper-hand-style\\\/\",\"name\":\"SPOTHOGG HAND-STYLE WHIPPER SNAPPER DAUMEN - Bogensportdiscount \u2013 B\u00f6gen, Pfeile, Targets &amp; Zubeh\u00f6r\",\"isPartOf\":{\"@id\":\"https:\\\/\\\/bogensportdiscount.ch\\\/#website\"},\"primaryImageOfPage\":{\"@id\":\"https:\\\/\\\/bogensportdiscount.ch\\\/produkt\\\/spothogg-thumb-release-whipper-snapper-hand-style\\\/#primaryimage\"},\"image\":{\"@id\":\"https:\\\/\\\/bogensportdiscount.ch\\\/produkt\\\/spothogg-thumb-release-whipper-snapper-hand-style\\\/#primaryimage\"},\"thumbnailUrl\":\"https:\\\/\\\/bogensportdiscount.ch\\\/wp-content\\\/uploads\\\/bsm-images\\\/A015386_1.png\",\"datePublished\":\"2026-04-05T12:38:10+00:00\",\"dateModified\":\"2026-05-15T03:52:12+00:00\",\"description\":\"SPOTHOGG HAND-STYLE WHIPPER SNAPPER DAUMEN g\u00fcnstig kaufen bei Bogensportdiscount \u2013 Top-Marken, schneller Versand aus der Schweiz.\",\"breadcrumb\":{\"@id\":\"https:\\\/\\\/bogensportdiscount.ch\\\/produkt\\\/spothogg-thumb-release-whipper-snapper-hand-style\\\/#breadcrumb\"},\"inLanguage\":\"it-IT\",\"potentialAction\":[{\"@type\":\"ReadAction\",\"target\":[\"https:\\\/\\\/bogensportdiscount.ch\\\/produkt\\\/spothogg-thumb-release-whipper-snapper-hand-style\\\/\"]}]},{\"@type\":\"ImageObject\",\"inLanguage\":\"it-IT\",\"@id\":\"https:\\\/\\\/bogensportdiscount.ch\\\/produkt\\\/spothogg-thumb-release-whipper-snapper-hand-style\\\/#primaryimage\",\"url\":\"https:\\\/\\\/bogensportdiscount.ch\\\/wp-content\\\/uploads\\\/bsm-images\\\/A015386_1.png\",\"contentUrl\":\"https:\\\/\\\/bogensportdiscount.ch\\\/wp-content\\\/uploads\\\/bsm-images\\\/A015386_1.png\",\"width\":1181,\"height\":1247},{\"@type\":\"BreadcrumbList\",\"@id\":\"https:\\\/\\\/bogensportdiscount.ch\\\/produkt\\\/spothogg-thumb-release-whipper-snapper-hand-style\\\/#breadcrumb\",\"itemListElement\":[{\"@type\":\"ListItem\",\"position\":1,\"name\":\"Home\",\"item\":\"https:\\\/\\\/bogensportdiscount.ch\\\/\"},{\"@type\":\"ListItem\",\"position\":2,\"name\":\"Shop\",\"item\":\"https:\\\/\\\/bogensportdiscount.ch\\\/shop\\\/\"},{\"@type\":\"ListItem\",\"position\":3,\"name\":\"SPOTHOGG HAND STYLE WHIPPER SNAPPER THUMB\"}]},{\"@type\":\"WebSite\",\"@id\":\"https:\\\/\\\/bogensportdiscount.ch\\\/#website\",\"url\":\"https:\\\/\\\/bogensportdiscount.ch\\\/\",\"name\":\"Bogensportdiscount\",\"description\":\"\",\"potentialAction\":[{\"@type\":\"SearchAction\",\"target\":{\"@type\":\"EntryPoint\",\"urlTemplate\":\"https:\\\/\\\/bogensportdiscount.ch\\\/?s={search_term_string}\"},\"query-input\":{\"@type\":\"PropertyValueSpecification\",\"valueRequired\":true,\"valueName\":\"search_term_string\"}}],\"inLanguage\":\"it-IT\"}]}<\/script>\n<!-- \/ Yoast SEO plugin. -->","yoast_head_json":{"title":"SPOTHOGG HAND-STYLE WHIPPER SNAPPER DAUMEN - Bogensportdiscount \u2013 B\u00f6gen, Pfeile, Targets &amp; Zubeh\u00f6r","description":"SPOTHOGG HAND-STYLE WHIPPER SNAPPER DAUMEN g\u00fcnstig kaufen bei Bogensportdiscount \u2013 Top-Marken, schneller Versand aus der Schweiz.","robots":{"index":"index","follow":"follow","max-snippet":"max-snippet:-1","max-image-preview":"max-image-preview:large","max-video-preview":"max-video-preview:-1"},"canonical":"https:\/\/bogensportdiscount.ch\/it\/prodotto\/spothogg-thumb-release-whipper-snapper-hand-style\/","og_locale":"it_IT","og_type":"article","og_title":"SPOTHOGG HAND-STYLE WHIPPER SNAPPER DAUMEN - Bogensportdiscount \u2013 B\u00f6gen, Pfeile, Targets &amp; Zubeh\u00f6r","og_description":"SPOTHOGG HAND-STYLE WHIPPER SNAPPER DAUMEN g\u00fcnstig kaufen bei Bogensportdiscount \u2013 Top-Marken, schneller Versand aus der Schweiz.","og_url":"https:\/\/bogensportdiscount.ch\/it\/prodotto\/spothogg-thumb-release-whipper-snapper-hand-style\/","og_site_name":"Bogensportdiscount \u2013 B\u00f6gen, Pfeile, Targets &amp; Zubeh\u00f6r","article_modified_time":"2026-05-15T03:52:12+00:00","og_image":[{"width":1181,"height":1247,"url":"https:\/\/bogensportdiscount.ch\/wp-content\/uploads\/bsm-images\/A015386_1.png","type":"image\/png"}],"twitter_card":"summary_large_image","twitter_misc":{"Tempo di lettura stimato":"1 minuto"},"schema":{"@context":"https:\/\/schema.org","@graph":[{"@type":"WebPage","@id":"https:\/\/bogensportdiscount.ch\/produkt\/spothogg-thumb-release-whipper-snapper-hand-style\/","url":"https:\/\/bogensportdiscount.ch\/produkt\/spothogg-thumb-release-whipper-snapper-hand-style\/","name":"SPOTHOGG HAND-STYLE WHIPPER SNAPPER DAUMEN - Bogensportdiscount \u2013 B\u00f6gen, Pfeile, Targets &amp; Zubeh\u00f6r","isPartOf":{"@id":"https:\/\/bogensportdiscount.ch\/#website"},"primaryImageOfPage":{"@id":"https:\/\/bogensportdiscount.ch\/produkt\/spothogg-thumb-release-whipper-snapper-hand-style\/#primaryimage"},"image":{"@id":"https:\/\/bogensportdiscount.ch\/produkt\/spothogg-thumb-release-whipper-snapper-hand-style\/#primaryimage"},"thumbnailUrl":"https:\/\/bogensportdiscount.ch\/wp-content\/uploads\/bsm-images\/A015386_1.png","datePublished":"2026-04-05T12:38:10+00:00","dateModified":"2026-05-15T03:52:12+00:00","description":"SPOTHOGG HAND-STYLE WHIPPER SNAPPER DAUMEN g\u00fcnstig kaufen bei Bogensportdiscount \u2013 Top-Marken, schneller Versand aus der Schweiz.","breadcrumb":{"@id":"https:\/\/bogensportdiscount.ch\/produkt\/spothogg-thumb-release-whipper-snapper-hand-style\/#breadcrumb"},"inLanguage":"it-IT","potentialAction":[{"@type":"ReadAction","target":["https:\/\/bogensportdiscount.ch\/produkt\/spothogg-thumb-release-whipper-snapper-hand-style\/"]}]},{"@type":"ImageObject","inLanguage":"it-IT","@id":"https:\/\/bogensportdiscount.ch\/produkt\/spothogg-thumb-release-whipper-snapper-hand-style\/#primaryimage","url":"https:\/\/bogensportdiscount.ch\/wp-content\/uploads\/bsm-images\/A015386_1.png","contentUrl":"https:\/\/bogensportdiscount.ch\/wp-content\/uploads\/bsm-images\/A015386_1.png","width":1181,"height":1247},{"@type":"BreadcrumbList","@id":"https:\/\/bogensportdiscount.ch\/produkt\/spothogg-thumb-release-whipper-snapper-hand-style\/#breadcrumb","itemListElement":[{"@type":"ListItem","position":1,"name":"Home","item":"https:\/\/bogensportdiscount.ch\/"},{"@type":"ListItem","position":2,"name":"Shop","item":"https:\/\/bogensportdiscount.ch\/shop\/"},{"@type":"ListItem","position":3,"name":"SPOTHOGG HAND STYLE WHIPPER SNAPPER THUMB"}]},{"@type":"WebSite","@id":"https:\/\/bogensportdiscount.ch\/#website","url":"https:\/\/bogensportdiscount.ch\/","name":"Bogensportdiscount","description":"","potentialAction":[{"@type":"SearchAction","target":{"@type":"EntryPoint","urlTemplate":"https:\/\/bogensportdiscount.ch\/?s={search_term_string}"},"query-input":{"@type":"PropertyValueSpecification","valueRequired":true,"valueName":"search_term_string"}}],"inLanguage":"it-IT"}]}},"_links":{"self":[{"href":"https:\/\/bogensportdiscount.ch\/it\/wp-json\/wp\/v2\/product\/396873","targetHints":{"allow":["GET"]}}],"collection":[{"href":"https:\/\/bogensportdiscount.ch\/it\/wp-json\/wp\/v2\/product"}],"about":[{"href":"https:\/\/bogensportdiscount.ch\/it\/wp-json\/wp\/v2\/types\/product"}],"replies":[{"embeddable":true,"href":"https:\/\/bogensportdiscount.ch\/it\/wp-json\/wp\/v2\/comments?post=396873"}],"wp:featuredmedia":[{"embeddable":true,"href":"https:\/\/bogensportdiscount.ch\/it\/wp-json\/wp\/v2\/media\/449386"}],"wp:attachment":[{"href":"https:\/\/bogensportdiscount.ch\/it\/wp-json\/wp\/v2\/media?parent=396873"}],"wp:term":[{"taxonomy":"product_brand","embeddable":true,"href":"https:\/\/bogensportdiscount.ch\/it\/wp-json\/wp\/v2\/product_brand?post=396873"},{"taxonomy":"product_cat","embeddable":true,"href":"https:\/\/bogensportdiscount.ch\/it\/wp-json\/wp\/v2\/product_cat?post=396873"},{"taxonomy":"product_tag","embeddable":true,"href":"https:\/\/bogensportdiscount.ch\/it\/wp-json\/wp\/v2\/product_tag?post=396873"}],"curies":[{"name":"wp","href":"https:\/\/api.w.org\/{rel}","templated":true}]}}